{"id":6,"date":"2019-09-02T07:23:47","date_gmt":"2019-09-02T07:23:47","guid":{"rendered":"https:\/\/www.ppsec.pt\/?p=6"},"modified":"2021-10-29T15:14:49","modified_gmt":"2021-10-29T15:14:49","slug":"projectos","status":"publish","type":"page","link":"https:\/\/www.ppsec.pt\/index.php\/projectos\/","title":{"rendered":"Projectos"},"content":{"rendered":"<div>\n<h1>Projectos<\/h1>\n<div>\n<p>A PPSEC Engenharia \u00e9 uma empresa com 30 anos de experi\u00eancia na \u00e1rea de projectos de engenharia.<\/p>\n<\/div>\n<\/div>\n<ul>\n<li>\n<h3>EDIF\u00cdCIOS<\/h3>\n<p><a href=\"https:\/\/www.ppsec.pt\/?page_id=1474\"><\/p>\n<p>RESIDENCIAIS<\/p>\n<p><\/a><\/p>\n<\/li>\n<li>\n<h3>EDIFICIOS<\/h3>\n<p><a href=\"https:\/\/www.ppsec.pt\/?page_id=1502\"><\/p>\n<p>EMPRESARIAIS<\/p>\n<p><\/a><\/p>\n<\/li>\n<li>\n<h3>INFRAESTRUTURAS URBANAS<\/h3>\n<p><a href=\"https:\/\/www.ppsec.pt\/?page_id=1617\"><\/p>\n<p>REDE ABASTECIMENTO DE \u00c1GUA<\/p>\n<p><\/a><\/p>\n<\/li>\n<\/ul>\n<div>\n<p style=\"text-align: center;\"><strong>(Esta \u00e1rea do site est\u00e1 em atualiza\u00e7\u00e3o)<\/strong><\/p>\n<\/div>\n<p><!--more--><br \/>\n<!-- {\"name\":\"Services\",\"type\":\"layout\",\"children\":[{\"name\":\"Hero\",\"type\":\"section\",\"props\":{\"width\":\"default\",\"padding\":\"xlarge\",\"style\":\"default\",\"text_color\":\"light\",\"media\":\"images\\\/service-header.jpg\",\"image\":\"\",\"image_size\":\"cover\",\"image_position\":\"center-center\",\"vertical_align\":\"middle\",\"title_position\":\"top-left\",\"title_rotation\":\"left\",\"title_breakpoint\":\"xl\",\"video\":\"wp-content\\\/uploads\\\/2021\\\/07\\\/proj_ppsec.mp4\",\"height\":\"section\",\"media_background\":\"rgba(30, 76, 132, 0.7)\",\"media_blend_mode\":\"multiply\",\"media_overlay\":\"rgba(30, 76, 132, 0.7)\",\"video_fallback\":\"\"},\"children\":[{\"name\":\"\",\"type\":\"row\",\"props\":{\"layout\":\"1-2,1-2\",\"width\":\"default\",\"column_gap\":\"small\",\"row_gap\":\"small\"},\"children\":[{\"name\":\"\",\"type\":\"column\",\"props\":{\"image_position\":\"center-center\",\"width_medium\":\"1-2\",\"media_overlay_gradient\":\"\"},\"children\":[{\"name\":\"\",\"type\":\"panel\",\"props\":{\"link_text\":\"Read more\",\"title_element\":\"h1\",\"meta_style\":\"meta\",\"meta_align\":\"below-title\",\"image_align\":\"top\",\"image_grid_width\":\"1-2\",\"link_style\":\"default\",\"margin\":\"medium\",\"content\":\"\n\n<p>A PPSEC Engenharia \\u00e9 uma empresa com 30 anos de experi\\u00eancia na \\u00e1rea de projectos de engenharia.<\\\/p>\",\"title\":\"Projectos\",\"maxwidth\":\"large\",\"image_grid_breakpoint\":\"m\",\"icon_width\":80,\"title_hover_style\":\"reset\",\"title_align\":\"top\",\"title_grid_width\":\"1-2\",\"title_grid_breakpoint\":\"m\",\"meta_element\":\"div\",\"content_column_breakpoint\":\"m\",\"image_svg_color\":\"emphasis\"}}]},{\"name\":\"\",\"type\":\"column\",\"props\":{\"image_position\":\"center-center\",\"width_medium\":\"1-2\",\"media_overlay_gradient\":\"\"}}]}]},{\"type\":\"section\",\"props\":{\"style\":\"default\",\"width\":\"default\",\"vertical_align\":\"middle\",\"title_position\":\"top-left\",\"title_rotation\":\"left\",\"title_breakpoint\":\"xl\",\"image_position\":\"center-center\"},\"children\":[{\"type\":\"row\",\"children\":[{\"type\":\"column\",\"props\":{\"image_position\":\"center-center\",\"media_overlay_gradient\":\"\"},\"children\":[{\"type\":\"description_list\",\"props\":{\"show_title\":true,\"show_meta\":true,\"show_content\":true,\"show_link\":true,\"list_element\":\"ul\",\"column_breakpoint\":\"m\",\"layout\":\"grid-2\",\"title_grid_width\":\"auto\",\"title_grid_column_gap\":\"small\",\"title_grid_row_gap\":\"small\",\"title_element\":\"div\",\"meta_style\":\"meta\",\"meta_align\":\"below-content\"},\"children\":[{\"type\":\"description_list_item\",\"props\":{\"title\":\"EDIF\\u00cdCIOS\",\"link\":\"https:\\\/\\\/www.ppsec.pt\\\/?page_id=1474\",\"content\":\"\n\n<p>RESIDENCIAIS<\\\/p>\"}},{\"type\":\"description_list_item\",\"props\":{\"link\":\"https:\\\/\\\/www.ppsec.pt\\\/?page_id=1502\",\"content\":\"\n\n<p>EMPRESARIAIS<\\\/p>\",\"title\":\"EDIFICIOS\"}},{\"type\":\"description_list_item\",\"props\":{\"title\":\"INFRAESTRUTURAS URBANAS\",\"content\":\"\n\n<p>REDE ABASTECIMENTO DE \\u00c1GUA<\\\/p>\",\"link\":\"https:\\\/\\\/www.ppsec.pt\\\/?page_id=1617\"}}]},{\"type\":\"text\",\"props\":{\"margin\":\"default\",\"column_breakpoint\":\"m\",\"content\":\"\n\n<p style=\\\"text-align: center;\\\"><strong>(Esta \\u00e1rea do site est\\u00e1 em atualiza\\u00e7\\u00e3o)<\\\/strong><\\\/p>\"}}]}]}]}],\"version\":\"2.6.9\"} --><\/p>\n","protected":false},"excerpt":{"rendered":"<p>Projectos A PPSEC Engenharia \u00e9 uma empresa com 30 anos de experi\u00eancia na \u00e1rea de projectos de engenharia. EDIF\u00cdCIOS RESIDENCIAIS EDIFICIOS EMPRESARIAIS INFRAESTRUTURAS URBANAS REDE ABASTECIMENTO DE \u00c1GUA (Esta \u00e1rea do site est\u00e1 em atualiza\u00e7\u00e3o)<\/p>\n","protected":false},"author":1,"featured_media":0,"parent":0,"menu_order":11,"comment_status":"open","ping_status":"open","template":"","meta":{"_acf_changed":false,"footnotes":""},"class_list":["post-6","page","type-page","status-publish","hentry"],"acf":[],"yoast_head":"<!-- This site is optimized with the Yoast SEO plugin v27.3 - https:\/\/yoast.com\/product\/yoast-seo-wordpress\/ -->\r\n<title>Projectos - www.ppsec.pt<\/title>\r\n<meta name=\"robots\" content=\"index, follow, max-snippet:-1, max-image-preview:large, max-video-preview:-1\" \/>\r\n<link rel=\"canonical\" href=\"https:\/\/www.ppsec.pt\/index.php\/projectos\/\" \/>\r\n<meta property=\"og:locale\" content=\"pt_PT\" \/>\r\n<meta property=\"og:type\" content=\"article\" \/>\r\n<meta property=\"og:title\" content=\"Projectos - www.ppsec.pt\" \/>\r\n<meta property=\"og:description\" content=\"Projectos A PPSEC Engenharia \u00e9 uma empresa com 30 anos de experi\u00eancia na \u00e1rea de projectos de engenharia. EDIF\u00cdCIOS RESIDENCIAIS EDIFICIOS EMPRESARIAIS INFRAESTRUTURAS URBANAS REDE ABASTECIMENTO DE \u00c1GUA (Esta \u00e1rea do site est\u00e1 em atualiza\u00e7\u00e3o)\" \/>\r\n<meta property=\"og:url\" content=\"https:\/\/www.ppsec.pt\/index.php\/projectos\/\" \/>\r\n<meta property=\"og:site_name\" content=\"www.ppsec.pt\" \/>\r\n<meta property=\"article:publisher\" content=\"https:\/\/www.facebook.com\/ppsec.lda\" \/>\r\n<meta property=\"article:modified_time\" content=\"2021-10-29T15:14:49+00:00\" \/>\r\n<meta name=\"twitter:card\" content=\"summary_large_image\" \/>\r\n<script type=\"application\/ld+json\" class=\"yoast-schema-graph\">{\"@context\":\"https:\\\/\\\/schema.org\",\"@graph\":[{\"@type\":\"WebPage\",\"@id\":\"https:\\\/\\\/www.ppsec.pt\\\/index.php\\\/projectos\\\/\",\"url\":\"https:\\\/\\\/www.ppsec.pt\\\/index.php\\\/projectos\\\/\",\"name\":\"Projectos - www.ppsec.pt\",\"isPartOf\":{\"@id\":\"https:\\\/\\\/www.ppsec.pt\\\/#website\"},\"datePublished\":\"2019-09-02T07:23:47+00:00\",\"dateModified\":\"2021-10-29T15:14:49+00:00\",\"breadcrumb\":{\"@id\":\"https:\\\/\\\/www.ppsec.pt\\\/index.php\\\/projectos\\\/#breadcrumb\"},\"inLanguage\":\"pt-PT\",\"potentialAction\":[{\"@type\":\"ReadAction\",\"target\":[\"https:\\\/\\\/www.ppsec.pt\\\/index.php\\\/projectos\\\/\"]}]},{\"@type\":\"BreadcrumbList\",\"@id\":\"https:\\\/\\\/www.ppsec.pt\\\/index.php\\\/projectos\\\/#breadcrumb\",\"itemListElement\":[{\"@type\":\"ListItem\",\"position\":1,\"name\":\"In\u00edcio\",\"item\":\"https:\\\/\\\/www.ppsec.pt\\\/\"},{\"@type\":\"ListItem\",\"position\":2,\"name\":\"Projectos\"}]},{\"@type\":\"WebSite\",\"@id\":\"https:\\\/\\\/www.ppsec.pt\\\/#website\",\"url\":\"https:\\\/\\\/www.ppsec.pt\\\/\",\"name\":\"www.ppsec.pt\",\"description\":\"PPSEC Engenharia Civil\",\"publisher\":{\"@id\":\"https:\\\/\\\/www.ppsec.pt\\\/#organization\"},\"potentialAction\":[{\"@type\":\"SearchAction\",\"target\":{\"@type\":\"EntryPoint\",\"urlTemplate\":\"https:\\\/\\\/www.ppsec.pt\\\/?s={search_term_string}\"},\"query-input\":{\"@type\":\"PropertyValueSpecification\",\"valueRequired\":true,\"valueName\":\"search_term_string\"}}],\"inLanguage\":\"pt-PT\"},{\"@type\":\"Organization\",\"@id\":\"https:\\\/\\\/www.ppsec.pt\\\/#organization\",\"name\":\"PPSEC\",\"url\":\"https:\\\/\\\/www.ppsec.pt\\\/\",\"logo\":{\"@type\":\"ImageObject\",\"inLanguage\":\"pt-PT\",\"@id\":\"https:\\\/\\\/www.ppsec.pt\\\/#\\\/schema\\\/logo\\\/image\\\/\",\"url\":\"http:\\\/\\\/www.ppsec.pt\\\/wp-content\\\/uploads\\\/2021\\\/01\\\/LOGO_PPSEC_PT.jpg\",\"contentUrl\":\"http:\\\/\\\/www.ppsec.pt\\\/wp-content\\\/uploads\\\/2021\\\/01\\\/LOGO_PPSEC_PT.jpg\",\"width\":1465,\"height\":366,\"caption\":\"PPSEC\"},\"image\":{\"@id\":\"https:\\\/\\\/www.ppsec.pt\\\/#\\\/schema\\\/logo\\\/image\\\/\"},\"sameAs\":[\"https:\\\/\\\/www.facebook.com\\\/ppsec.lda\"]}]}<\/script>\r\n<!-- \/ Yoast SEO plugin. -->","yoast_head_json":{"title":"Projectos - www.ppsec.pt","robots":{"index":"index","follow":"follow","max-snippet":"max-snippet:-1","max-image-preview":"max-image-preview:large","max-video-preview":"max-video-preview:-1"},"canonical":"https:\/\/www.ppsec.pt\/index.php\/projectos\/","og_locale":"pt_PT","og_type":"article","og_title":"Projectos - www.ppsec.pt","og_description":"Projectos A PPSEC Engenharia \u00e9 uma empresa com 30 anos de experi\u00eancia na \u00e1rea de projectos de engenharia. EDIF\u00cdCIOS RESIDENCIAIS EDIFICIOS EMPRESARIAIS INFRAESTRUTURAS URBANAS REDE ABASTECIMENTO DE \u00c1GUA (Esta \u00e1rea do site est\u00e1 em atualiza\u00e7\u00e3o)","og_url":"https:\/\/www.ppsec.pt\/index.php\/projectos\/","og_site_name":"www.ppsec.pt","article_publisher":"https:\/\/www.facebook.com\/ppsec.lda","article_modified_time":"2021-10-29T15:14:49+00:00","twitter_card":"summary_large_image","schema":{"@context":"https:\/\/schema.org","@graph":[{"@type":"WebPage","@id":"https:\/\/www.ppsec.pt\/index.php\/projectos\/","url":"https:\/\/www.ppsec.pt\/index.php\/projectos\/","name":"Projectos - www.ppsec.pt","isPartOf":{"@id":"https:\/\/www.ppsec.pt\/#website"},"datePublished":"2019-09-02T07:23:47+00:00","dateModified":"2021-10-29T15:14:49+00:00","breadcrumb":{"@id":"https:\/\/www.ppsec.pt\/index.php\/projectos\/#breadcrumb"},"inLanguage":"pt-PT","potentialAction":[{"@type":"ReadAction","target":["https:\/\/www.ppsec.pt\/index.php\/projectos\/"]}]},{"@type":"BreadcrumbList","@id":"https:\/\/www.ppsec.pt\/index.php\/projectos\/#breadcrumb","itemListElement":[{"@type":"ListItem","position":1,"name":"In\u00edcio","item":"https:\/\/www.ppsec.pt\/"},{"@type":"ListItem","position":2,"name":"Projectos"}]},{"@type":"WebSite","@id":"https:\/\/www.ppsec.pt\/#website","url":"https:\/\/www.ppsec.pt\/","name":"www.ppsec.pt","description":"PPSEC Engenharia Civil","publisher":{"@id":"https:\/\/www.ppsec.pt\/#organization"},"potentialAction":[{"@type":"SearchAction","target":{"@type":"EntryPoint","urlTemplate":"https:\/\/www.ppsec.pt\/?s={search_term_string}"},"query-input":{"@type":"PropertyValueSpecification","valueRequired":true,"valueName":"search_term_string"}}],"inLanguage":"pt-PT"},{"@type":"Organization","@id":"https:\/\/www.ppsec.pt\/#organization","name":"PPSEC","url":"https:\/\/www.ppsec.pt\/","logo":{"@type":"ImageObject","inLanguage":"pt-PT","@id":"https:\/\/www.ppsec.pt\/#\/schema\/logo\/image\/","url":"http:\/\/www.ppsec.pt\/wp-content\/uploads\/2021\/01\/LOGO_PPSEC_PT.jpg","contentUrl":"http:\/\/www.ppsec.pt\/wp-content\/uploads\/2021\/01\/LOGO_PPSEC_PT.jpg","width":1465,"height":366,"caption":"PPSEC"},"image":{"@id":"https:\/\/www.ppsec.pt\/#\/schema\/logo\/image\/"},"sameAs":["https:\/\/www.facebook.com\/ppsec.lda"]}]}},"_links":{"self":[{"href":"https:\/\/www.ppsec.pt\/index.php\/wp-json\/wp\/v2\/pages\/6","targetHints":{"allow":["GET"]}}],"collection":[{"href":"https:\/\/www.ppsec.pt\/index.php\/wp-json\/wp\/v2\/pages"}],"about":[{"href":"https:\/\/www.ppsec.pt\/index.php\/wp-json\/wp\/v2\/types\/page"}],"author":[{"embeddable":true,"href":"https:\/\/www.ppsec.pt\/index.php\/wp-json\/wp\/v2\/users\/1"}],"replies":[{"embeddable":true,"href":"https:\/\/www.ppsec.pt\/index.php\/wp-json\/wp\/v2\/comments?post=6"}],"version-history":[{"count":39,"href":"https:\/\/www.ppsec.pt\/index.php\/wp-json\/wp\/v2\/pages\/6\/revisions"}],"predecessor-version":[{"id":1702,"href":"https:\/\/www.ppsec.pt\/index.php\/wp-json\/wp\/v2\/pages\/6\/revisions\/1702"}],"wp:attachment":[{"href":"https:\/\/www.ppsec.pt\/index.php\/wp-json\/wp\/v2\/media?parent=6"}],"curies":[{"name":"wp","href":"https:\/\/api.w.org\/{rel}","templated":true}]}}