{"id":4,"date":"2019-09-02T07:23:47","date_gmt":"2019-09-02T07:23:47","guid":{"rendered":"https:\/\/www.ppsec.pt\/?p=4"},"modified":"2021-11-02T15:16:54","modified_gmt":"2021-11-02T15:16:54","slug":"empresa","status":"publish","type":"page","link":"https:\/\/www.ppsec.pt\/index.php\/empresa\/","title":{"rendered":"Empresa"},"content":{"rendered":"<div>\n<h1>Temos solu\u00e7\u00f5es inovadoras ao n\u00edvel do projeto de engenharia civil<\/h1>\n<\/div>\n<h2>Um pouco de hist\u00f3ria<br class=\"uk-visible@m\" \/>da nossa empresa<\/h2>\n<div>\n<p>        <img decoding=\"async\" src=\"\/wp-content\/uploads\/yootheme\/company-heads-01.svg\" alt=\"\"><\/p>\n<div>Paulo Pereira<\/div>\n<p>Founder &#038; CEO<\/p>\n<p><a href=\"\/index.php?page_id=24\"><\/a><\/p>\n<\/div>\n<div>\n<p>A PPSEC Engenharia foi criada em 1990 pelo Eng\u00ba Paulo Pereira.<br \/>Ambiciona ser reconhecida como uma empresa de refer\u00eancia na \u00e1rea da Engenharia Civil, quer em Portugal, quer no exterior. No nosso dia-a-dia procuramos:<br \/>-Rigor<br \/>-Efic\u00e1cia<br \/>-Prontid\u00e3o<br \/>-Consci\u00eancia Ambiental<br \/>-Busca de novas solu\u00e7\u00f5es<br \/>-Transpar\u00eancia pela evid\u00eancia<br \/>-Respeito pelas metodologias de trabalho<br \/>-Equipa coesa, especializada e pluridisciplinar<\/p>\n<\/div>\n<div>\n<h2>Segue-nos no Linkedin<\/h2>\n<div>\n<p><a href=\"https:\/\/pt.linkedin.com\/company\/ppsec-engenharia\">PPSEC ENGENHARIA | LinkedIn<\/a><\/p>\n<\/div>\n<p><a href=\"https:\/\/pt.linkedin.com\/company\/ppsec-engenharia\">Visita a nossa p\u00e1gina<\/a><\/p>\n<\/div>\n<p><!--more--><br \/>\n<!-- {\"name\":\"About\",\"type\":\"layout\",\"children\":[{\"name\":\"Hero\",\"type\":\"section\",\"props\":{\"style\":\"default\",\"width\":\"expand\",\"vertical_align\":\"middle\",\"title_position\":\"top-left\",\"title_rotation\":\"left\",\"title_breakpoint\":\"xl\",\"image_position\":\"center-center\",\"padding\":\"xlarge\",\"image\":\"wp-content\\\/uploads\\\/2021\\\/02\\\/edificios_servicos.svg\",\"title\":\"\",\"image_effect\":\"parallax\",\"image_parallax_bgy_start\":\"0\",\"image_parallax_bgy_end\":110,\"image_size\":\"cover\",\"animation\":\"fade\",\"animation_delay\":\"200\",\"image_parallax_breakpoint\":\"l\",\"image_width\":\"1560\"},\"children\":[{\"name\":\"\",\"type\":\"row\",\"props\":{\"margin\":\"large\",\"match\":false,\"column_gap\":\"small\",\"row_gap\":\"small\"},\"children\":[{\"name\":\"\",\"type\":\"column\",\"props\":{\"image_position\":\"center-center\",\"image\":\"\",\"media_overlay_gradient\":\"\",\"width_medium\":\"1-1\"},\"children\":[{\"name\":\"\",\"type\":\"panel\",\"props\":{\"link_text\":\"Read more\",\"title_element\":\"h1\",\"meta_style\":\"meta\",\"meta_align\":\"below-title\",\"image_align\":\"top\",\"image_grid_width\":\"1-2\",\"link_style\":\"default\",\"margin\":\"default\",\"panel_style\":\"card-secondary\",\"title\":\"Temos solu\\u00e7\\u00f5es inovadoras ao n\\u00edvel do projeto de engenharia civil\",\"maxwidth\":\"xlarge\",\"title_style\":\"h2\",\"image_svg_color\":\"emphasis\",\"title_align\":\"top\",\"title_grid_width\":\"1-2\",\"title_hover_style\":\"reset\",\"title_grid_breakpoint\":\"m\",\"image_grid_breakpoint\":\"m\",\"icon_width\":80,\"meta_element\":\"div\",\"content_column_breakpoint\":\"m\"}}]}]}]},{\"name\":\"About\",\"type\":\"section\",\"props\":{\"width\":\"default\",\"padding\":\"large\",\"style\":\"default\",\"padding_remove_top\":false,\"image_size\":\"cover\",\"image_position\":\"center-center\",\"vertical_align\":\"middle\",\"title_position\":\"top-left\",\"title_rotation\":\"left\",\"title_breakpoint\":\"xl\",\"padding_remove_bottom\":false,\"animation_delay\":false},\"children\":[{\"name\":\"\",\"type\":\"row\",\"props\":{\"layout\":\"1-3,2-3\",\"width\":\"default\",\"margin\":\"xlarge\"},\"children\":[{\"name\":\"\",\"type\":\"column\",\"props\":{\"image_position\":\"center-center\",\"media_overlay_gradient\":\"\",\"width_medium\":\"1-3\"},\"children\":[{\"name\":\"\",\"type\":\"headline\",\"props\":{\"title_element\":\"h2\",\"title_decoration\":\"bullet\",\"content\":\"Um pouco de hist\\u00f3ria<br class=\\\"uk-visible@m\\\" \\\/>da nossa empresa\",\"title_style\":\"h3\"}},{\"name\":\"\",\"type\":\"panel\",\"props\":{\"link_text\":\"\",\"title_element\":\"div\",\"meta_style\":\"meta\",\"meta_align\":\"below-title\",\"image_align\":\"left\",\"image_grid_width\":\"1-3\",\"link_style\":\"default\",\"margin\":\"medium\",\"image\":\"wp-content\\\/uploads\\\/yootheme\\\/company-heads-01.svg\",\"title\":\"Paulo Pereira\",\"meta\":\"Founder & CEO\",\"image_vertical_align\":true,\"text_align\":\"left\",\"maxwidth\":\"medium\",\"meta_margin\":\"remove\",\"link\":\"index.php?page_id=24\",\"image_width\":\"90\",\"image_height\":\"110\",\"image_svg_color\":\"emphasis\",\"title_align\":\"top\",\"title_grid_width\":\"1-2\",\"title_hover_style\":\"reset\",\"title_grid_breakpoint\":\"m\",\"image_grid_column_gap\":\"medium\",\"image_grid_row_gap\":\"medium\",\"image_grid_breakpoint\":\"\",\"title_link\":true,\"image_link\":true,\"icon_width\":80,\"meta_element\":\"div\",\"content_column_breakpoint\":\"m\",\"title_style\":\"h5\"}}]},{\"name\":\"\",\"type\":\"column\",\"props\":{\"image_position\":\"center-center\",\"media_overlay_gradient\":\"\",\"width_medium\":\"2-3\"},\"children\":[{\"name\":\"\",\"type\":\"text\",\"props\":{\"column_breakpoint\":\"m\",\"margin\":\"default\",\"content\":\"\n\n<p>A PPSEC Engenharia foi criada em 1990 pelo Eng\\u00ba Paulo Pereira.<br \\\/>Ambiciona ser reconhecida como uma empresa de refer\\u00eancia na \\u00e1rea da Engenharia Civil, quer em Portugal, quer no exterior. No nosso dia-a-dia procuramos:<br \\\/>-Rigor<br \\\/>-Efic\\u00e1cia<br \\\/>-Prontid\\u00e3o<br \\\/>-Consci\\u00eancia Ambiental<br \\\/>-Busca de novas solu\\u00e7\\u00f5es<br \\\/>-Transpar\\u00eancia pela evid\\u00eancia<br \\\/>-Respeito pelas metodologias de trabalho<br \\\/>-Equipa coesa, especializada e pluridisciplinar<\\\/p>\",\"dropcap\":false}}]}]}]},{\"name\":\"Call to action\",\"type\":\"section\",\"props\":{\"style\":\"default\",\"width\":\"default\",\"vertical_align\":\"middle\",\"title_position\":\"top-left\",\"title_rotation\":\"left\",\"title_breakpoint\":\"xl\",\"image_position\":\"center-center\",\"padding\":\"large\",\"image\":\"wp-content\\\/uploads\\\/yootheme\\\/company-cta-bg.jpg\",\"media_background\":\"rgba(55, 82, 170, 0.9)\",\"media_blend_mode\":\"multiply\",\"media_overlay\":\"rgba(30, 54, 132, 0.89)\",\"text_color\":\"light\",\"image_width\":\"1560\",\"image_size\":\"cover\"},\"children\":[{\"name\":\"\",\"type\":\"row\",\"props\":{\"margin\":\"large\",\"match\":false,\"vertical_align\":false,\"column_gap\":\"small\",\"row_gap\":\"small\"},\"children\":[{\"name\":\"\",\"type\":\"column\",\"props\":{\"image_position\":\"center-center\",\"image\":\"\",\"media_overlay_gradient\":\"\",\"width_medium\":\"1-1\"},\"children\":[{\"name\":\"\",\"type\":\"panel\",\"props\":{\"link_text\":\"Visita a nossa p\\u00e1gina\",\"title_element\":\"h2\",\"meta_style\":\"meta\",\"meta_align\":\"below-title\",\"image_align\":\"top\",\"image_grid_width\":\"1-2\",\"link_style\":\"default\",\"margin\":\"xlarge\",\"title\":\"Segue-nos no Linkedin\",\"maxwidth\":\"large\",\"content\":\"\n\n<p><a href=\\\"https:\\\/\\\/pt.linkedin.com\\\/company\\\/ppsec-engenharia\\\">PPSEC ENGENHARIA | LinkedIn<\\\/a><\\\/p>\",\"link\":\"https:\\\/\\\/pt.linkedin.com\\\/company\\\/ppsec-engenharia\",\"text_align\":\"center\",\"margin_remove_bottom\":false,\"image_svg_color\":\"emphasis\",\"title_align\":\"top\",\"title_grid_width\":\"1-2\",\"block_align\":\"center\",\"title_hover_style\":\"reset\",\"title_grid_breakpoint\":\"m\",\"image_grid_breakpoint\":\"m\",\"icon_width\":80,\"meta_element\":\"div\",\"content_column_breakpoint\":\"m\",\"title_style\":\"h3\",\"link_target\":true}}]}]}]}],\"version\":\"2.6.9\"} --><\/p>\n","protected":false},"excerpt":{"rendered":"<p>Temos solu\u00e7\u00f5es inovadoras ao n\u00edvel do projeto de engenharia civil Um pouco de hist\u00f3riada nossa empresa Paulo Pereira Founder &#038; CEO A PPSEC Engenharia foi criada em 1990 pelo Eng\u00ba Paulo Pereira.Ambiciona ser reconhecida como uma empresa de refer\u00eancia na \u00e1rea da Engenharia Civil, quer em Portugal, quer no exterior. No nosso dia-a-dia procuramos:-Rigor-Efic\u00e1cia-Prontid\u00e3o-Consci\u00eancia Ambiental-Busca [&hellip;]<\/p>\n","protected":false},"author":1,"featured_media":0,"parent":0,"menu_order":10,"comment_status":"open","ping_status":"open","template":"","meta":{"_acf_changed":false,"footnotes":""},"class_list":["post-4","page","type-page","status-publish","hentry"],"acf":[],"yoast_head":"<!-- This site is optimized with the Yoast SEO plugin v27.4 - https:\/\/yoast.com\/product\/yoast-seo-wordpress\/ -->\r\n<title>Empresa - www.ppsec.pt<\/title>\r\n<meta name=\"robots\" content=\"index, follow, max-snippet:-1, max-image-preview:large, max-video-preview:-1\" \/>\r\n<link rel=\"canonical\" href=\"https:\/\/www.ppsec.pt\/index.php\/empresa\/\" \/>\r\n<meta property=\"og:locale\" content=\"pt_PT\" \/>\r\n<meta property=\"og:type\" content=\"article\" \/>\r\n<meta property=\"og:title\" content=\"Empresa - www.ppsec.pt\" \/>\r\n<meta property=\"og:description\" content=\"Temos solu\u00e7\u00f5es inovadoras ao n\u00edvel do projeto de engenharia civil Um pouco de hist\u00f3riada nossa empresa Paulo Pereira Founder &#038; CEO A PPSEC Engenharia foi criada em 1990 pelo Eng\u00ba Paulo Pereira.Ambiciona ser reconhecida como uma empresa de refer\u00eancia na \u00e1rea da Engenharia Civil, quer em Portugal, quer no exterior. No nosso dia-a-dia procuramos:-Rigor-Efic\u00e1cia-Prontid\u00e3o-Consci\u00eancia Ambiental-Busca [&hellip;]\" \/>\r\n<meta property=\"og:url\" content=\"https:\/\/www.ppsec.pt\/index.php\/empresa\/\" \/>\r\n<meta property=\"og:site_name\" content=\"www.ppsec.pt\" \/>\r\n<meta property=\"article:publisher\" content=\"https:\/\/www.facebook.com\/ppsec.lda\" \/>\r\n<meta property=\"article:modified_time\" content=\"2021-11-02T15:16:54+00:00\" \/>\r\n<meta name=\"twitter:card\" content=\"summary_large_image\" \/>\r\n<script type=\"application\/ld+json\" class=\"yoast-schema-graph\">{\"@context\":\"https:\\\/\\\/schema.org\",\"@graph\":[{\"@type\":\"WebPage\",\"@id\":\"https:\\\/\\\/www.ppsec.pt\\\/index.php\\\/empresa\\\/\",\"url\":\"https:\\\/\\\/www.ppsec.pt\\\/index.php\\\/empresa\\\/\",\"name\":\"Empresa - www.ppsec.pt\",\"isPartOf\":{\"@id\":\"https:\\\/\\\/www.ppsec.pt\\\/#website\"},\"datePublished\":\"2019-09-02T07:23:47+00:00\",\"dateModified\":\"2021-11-02T15:16:54+00:00\",\"breadcrumb\":{\"@id\":\"https:\\\/\\\/www.ppsec.pt\\\/index.php\\\/empresa\\\/#breadcrumb\"},\"inLanguage\":\"pt-PT\",\"potentialAction\":[{\"@type\":\"ReadAction\",\"target\":[\"https:\\\/\\\/www.ppsec.pt\\\/index.php\\\/empresa\\\/\"]}]},{\"@type\":\"BreadcrumbList\",\"@id\":\"https:\\\/\\\/www.ppsec.pt\\\/index.php\\\/empresa\\\/#breadcrumb\",\"itemListElement\":[{\"@type\":\"ListItem\",\"position\":1,\"name\":\"In\u00edcio\",\"item\":\"https:\\\/\\\/www.ppsec.pt\\\/\"},{\"@type\":\"ListItem\",\"position\":2,\"name\":\"Empresa\"}]},{\"@type\":\"WebSite\",\"@id\":\"https:\\\/\\\/www.ppsec.pt\\\/#website\",\"url\":\"https:\\\/\\\/www.ppsec.pt\\\/\",\"name\":\"www.ppsec.pt\",\"description\":\"PPSEC Engenharia Civil\",\"publisher\":{\"@id\":\"https:\\\/\\\/www.ppsec.pt\\\/#organization\"},\"potentialAction\":[{\"@type\":\"SearchAction\",\"target\":{\"@type\":\"EntryPoint\",\"urlTemplate\":\"https:\\\/\\\/www.ppsec.pt\\\/?s={search_term_string}\"},\"query-input\":{\"@type\":\"PropertyValueSpecification\",\"valueRequired\":true,\"valueName\":\"search_term_string\"}}],\"inLanguage\":\"pt-PT\"},{\"@type\":\"Organization\",\"@id\":\"https:\\\/\\\/www.ppsec.pt\\\/#organization\",\"name\":\"PPSEC\",\"url\":\"https:\\\/\\\/www.ppsec.pt\\\/\",\"logo\":{\"@type\":\"ImageObject\",\"inLanguage\":\"pt-PT\",\"@id\":\"https:\\\/\\\/www.ppsec.pt\\\/#\\\/schema\\\/logo\\\/image\\\/\",\"url\":\"http:\\\/\\\/www.ppsec.pt\\\/wp-content\\\/uploads\\\/2021\\\/01\\\/LOGO_PPSEC_PT.jpg\",\"contentUrl\":\"http:\\\/\\\/www.ppsec.pt\\\/wp-content\\\/uploads\\\/2021\\\/01\\\/LOGO_PPSEC_PT.jpg\",\"width\":1465,\"height\":366,\"caption\":\"PPSEC\"},\"image\":{\"@id\":\"https:\\\/\\\/www.ppsec.pt\\\/#\\\/schema\\\/logo\\\/image\\\/\"},\"sameAs\":[\"https:\\\/\\\/www.facebook.com\\\/ppsec.lda\"]}]}<\/script>\r\n<!-- \/ Yoast SEO plugin. -->","yoast_head_json":{"title":"Empresa - www.ppsec.pt","robots":{"index":"index","follow":"follow","max-snippet":"max-snippet:-1","max-image-preview":"max-image-preview:large","max-video-preview":"max-video-preview:-1"},"canonical":"https:\/\/www.ppsec.pt\/index.php\/empresa\/","og_locale":"pt_PT","og_type":"article","og_title":"Empresa - www.ppsec.pt","og_description":"Temos solu\u00e7\u00f5es inovadoras ao n\u00edvel do projeto de engenharia civil Um pouco de hist\u00f3riada nossa empresa Paulo Pereira Founder &#038; CEO A PPSEC Engenharia foi criada em 1990 pelo Eng\u00ba Paulo Pereira.Ambiciona ser reconhecida como uma empresa de refer\u00eancia na \u00e1rea da Engenharia Civil, quer em Portugal, quer no exterior. No nosso dia-a-dia procuramos:-Rigor-Efic\u00e1cia-Prontid\u00e3o-Consci\u00eancia Ambiental-Busca [&hellip;]","og_url":"https:\/\/www.ppsec.pt\/index.php\/empresa\/","og_site_name":"www.ppsec.pt","article_publisher":"https:\/\/www.facebook.com\/ppsec.lda","article_modified_time":"2021-11-02T15:16:54+00:00","twitter_card":"summary_large_image","schema":{"@context":"https:\/\/schema.org","@graph":[{"@type":"WebPage","@id":"https:\/\/www.ppsec.pt\/index.php\/empresa\/","url":"https:\/\/www.ppsec.pt\/index.php\/empresa\/","name":"Empresa - www.ppsec.pt","isPartOf":{"@id":"https:\/\/www.ppsec.pt\/#website"},"datePublished":"2019-09-02T07:23:47+00:00","dateModified":"2021-11-02T15:16:54+00:00","breadcrumb":{"@id":"https:\/\/www.ppsec.pt\/index.php\/empresa\/#breadcrumb"},"inLanguage":"pt-PT","potentialAction":[{"@type":"ReadAction","target":["https:\/\/www.ppsec.pt\/index.php\/empresa\/"]}]},{"@type":"BreadcrumbList","@id":"https:\/\/www.ppsec.pt\/index.php\/empresa\/#breadcrumb","itemListElement":[{"@type":"ListItem","position":1,"name":"In\u00edcio","item":"https:\/\/www.ppsec.pt\/"},{"@type":"ListItem","position":2,"name":"Empresa"}]},{"@type":"WebSite","@id":"https:\/\/www.ppsec.pt\/#website","url":"https:\/\/www.ppsec.pt\/","name":"www.ppsec.pt","description":"PPSEC Engenharia Civil","publisher":{"@id":"https:\/\/www.ppsec.pt\/#organization"},"potentialAction":[{"@type":"SearchAction","target":{"@type":"EntryPoint","urlTemplate":"https:\/\/www.ppsec.pt\/?s={search_term_string}"},"query-input":{"@type":"PropertyValueSpecification","valueRequired":true,"valueName":"search_term_string"}}],"inLanguage":"pt-PT"},{"@type":"Organization","@id":"https:\/\/www.ppsec.pt\/#organization","name":"PPSEC","url":"https:\/\/www.ppsec.pt\/","logo":{"@type":"ImageObject","inLanguage":"pt-PT","@id":"https:\/\/www.ppsec.pt\/#\/schema\/logo\/image\/","url":"http:\/\/www.ppsec.pt\/wp-content\/uploads\/2021\/01\/LOGO_PPSEC_PT.jpg","contentUrl":"http:\/\/www.ppsec.pt\/wp-content\/uploads\/2021\/01\/LOGO_PPSEC_PT.jpg","width":1465,"height":366,"caption":"PPSEC"},"image":{"@id":"https:\/\/www.ppsec.pt\/#\/schema\/logo\/image\/"},"sameAs":["https:\/\/www.facebook.com\/ppsec.lda"]}]}},"_links":{"self":[{"href":"https:\/\/www.ppsec.pt\/index.php\/wp-json\/wp\/v2\/pages\/4","targetHints":{"allow":["GET"]}}],"collection":[{"href":"https:\/\/www.ppsec.pt\/index.php\/wp-json\/wp\/v2\/pages"}],"about":[{"href":"https:\/\/www.ppsec.pt\/index.php\/wp-json\/wp\/v2\/types\/page"}],"author":[{"embeddable":true,"href":"https:\/\/www.ppsec.pt\/index.php\/wp-json\/wp\/v2\/users\/1"}],"replies":[{"embeddable":true,"href":"https:\/\/www.ppsec.pt\/index.php\/wp-json\/wp\/v2\/comments?post=4"}],"version-history":[{"count":30,"href":"https:\/\/www.ppsec.pt\/index.php\/wp-json\/wp\/v2\/pages\/4\/revisions"}],"predecessor-version":[{"id":1730,"href":"https:\/\/www.ppsec.pt\/index.php\/wp-json\/wp\/v2\/pages\/4\/revisions\/1730"}],"wp:attachment":[{"href":"https:\/\/www.ppsec.pt\/index.php\/wp-json\/wp\/v2\/media?parent=4"}],"curies":[{"name":"wp","href":"https:\/\/api.w.org\/{rel}","templated":true}]}}