{"id":2,"date":"2019-09-02T07:23:47","date_gmt":"2019-09-02T07:23:47","guid":{"rendered":"https:\/\/www.ppsec.pt\/?p=2"},"modified":"2021-11-02T17:31:03","modified_gmt":"2021-11-02T17:31:03","slug":"atividades","status":"publish","type":"page","link":"https:\/\/www.ppsec.pt\/index.php\/atividades\/","title":{"rendered":"Servi\u00e7os"},"content":{"rendered":"<h1>Servi\u00e7os<\/h1>\n<div>\n<p>A PPSEC Engenharia \u00e9 uma empresa com 30 anos de experi\u00eancia na \u00e1rea de projectos de engenharia.<\/p>\n<\/div>\n<ul>\n<li>\n<h2>Projectos de Edif\u00edcios<\/h2>\n<div>\n<p>Edif\u00edcios Residenciais<br \/>Edif\u00edcios Empresariais<br \/>Edif\u00edcios de Servi\u00e7os (hospitais, escolas)<br \/>Edif\u00edcios Industriais<br \/>Reabilita\u00e7\u00e3o e Requalifica\u00e7\u00e3o de Im\u00f3veis<\/p>\n<\/div>\n<\/li>\n<li>\n<h2>Projectos de Vias de comunica\u00e7\u00e3o<\/h2>\n<div>\n<p>Estradas<br \/>Estruturas Especiais: Pontes, Viadutos, Passagens Hidr\u00e1ulicas, etc.<br \/>Conten\u00e7\u00e3o Perif\u00e9rica<br \/>Estabiliza\u00e7\u00e3o de Taludes<\/p>\n<\/div>\n<\/li>\n<li>\n<h2>Projectos de Infraestruturas urbanas<\/h2>\n<div>\n<p>Requalifica\u00e7\u00e3o Urbana<br \/>Planos Gerais de Infraestruturas Urbanas<br \/>Redes de Abastecimento de \u00c1gua<br \/>Redes de Drenagem de \u00c1guas Pluviais<br \/>Redes de Saneamento<br \/>Redes de Abastecimento de G\u00e1s<\/p>\n<\/div>\n<\/li>\n<li>\n<h2>Projectos na \u00e1rea do Ambiente<\/h2>\n<div>\n<p>Estudos Ambientais<br \/>Acompanhamento Ambiental de Obras<br \/>Res\u00edduos S\u00f3lidos Dom\u00e9sticos e Industriais <br \/>Aterros Sanit\u00e1rios<br \/>Esta\u00e7\u00f5es de Transfer\u00eancia<br \/>Ecocentros<br \/>Qualidade e Tratamento de \u00c1gua e Efluentes<\/p>\n<\/div>\n<\/li>\n<\/ul>\n<div>\n<h3>Portef\u00f3lio<\/h3>\n<div>\n<p>em portugu\u00eas:<\/p>\n<\/div>\n<p><a href=\"https:\/\/www.ppsec.pt\/wp-content\/uploads\/2021\/08\/PORTEFOLIO_PPSEC_PT.pdf\">Download<\/a><\/p>\n<\/div>\n<div>\n<h3>Portfolio<\/h3>\n<div>\n<p>in english:<\/p>\n<\/div>\n<p><a href=\"https:\/\/www.ppsec.pt\/wp-content\/uploads\/2021\/08\/PORTEFOLIO_PPSEC_EN.pdf\">Download<\/a><\/p>\n<\/div>\n<div>\n<h3>Portfolio<\/h3>\n<div>\n<p>en fran\u00e7ais:<\/p>\n<\/div>\n<p><a href=\"https:\/\/www.ppsec.pt\/wp-content\/uploads\/2021\/08\/PORTEFOLIO_PPSEC_FR.pdf\">Download<\/a><\/p>\n<\/div>\n<h2>Entre em contacto<\/h2>\n<div><a href=\"tel:+351224643411\">+ 351 224643411<\/a><\/div>\n<div>\n<p>Telefone<\/p>\n<\/div>\n<div><a href=\"mailto:geral@ppsec.pt\">geral@ppsec.pt<\/a><\/div>\n<div>Email<\/div>\n<p><!--more--><br \/>\n<!-- {\"name\":\"Portfolio\",\"type\":\"layout\",\"children\":[{\"name\":\"Hero\",\"type\":\"section\",\"props\":{\"width\":\"small\",\"padding\":\"xlarge\",\"style\":\"default\",\"animation\":\"fade\",\"text_color\":\"light\",\"media\":\"\",\"image_size\":\"cover\",\"padding_remove_bottom\":false,\"vertical_align\":\"middle\",\"title_position\":\"top-left\",\"title_rotation\":\"left\",\"title_breakpoint\":\"xl\",\"image_position\":\"center-center\",\"video\":\"wp-content\\\/uploads\\\/yootheme\\\/services-hero-video.mp4\",\"overlap\":false,\"media_background\":\"#0066A4\",\"media_blend_mode\":\"multiply\",\"media_overlay\":\"rgba(30, 76, 132, 0.7)\",\"animation_delay\":\"200\",\"video_fallback\":\"\"},\"children\":[{\"name\":\"\",\"type\":\"row\",\"props\":{\"column_gap\":\"small\",\"row_gap\":\"small\"},\"children\":[{\"name\":\"\",\"type\":\"column\",\"props\":{\"image_position\":\"center-center\",\"text_color\":\"light\",\"media_overlay_gradient\":\"\",\"width_medium\":\"1-1\"},\"children\":[{\"name\":\"\",\"type\":\"headline\",\"props\":{\"title_element\":\"h1\",\"content\":\"Servi\\u00e7os\",\"maxwidth\":\"large\",\"text_align\":\"left\",\"text_align_breakpoint\":\"s\",\"text_align_fallback\":\"center\"}},{\"name\":\"\",\"type\":\"text\",\"props\":{\"margin\":\"default\",\"column_breakpoint\":\"m\",\"content\":\"\n\n<p>A PPSEC Engenharia \\u00e9 uma empresa com 30 anos de experi\\u00eancia na \\u00e1rea de projectos de engenharia.<\\\/p>\",\"maxwidth\":\"large\",\"text_size\":\"large\",\"text_align\":\"left\",\"text_align_breakpoint\":\"s\",\"text_align_fallback\":\"center\"}}]}]}]},{\"name\":\"Servi\\u00e7os\",\"type\":\"section\",\"props\":{\"style\":\"default\",\"width\":\"small\",\"vertical_align\":\"middle\",\"title_position\":\"top-left\",\"title_rotation\":\"left\",\"title_breakpoint\":\"xl\",\"image_position\":\"center-center\",\"padding\":\"large\",\"animation\":\"fade\",\"animation_delay\":false},\"children\":[{\"name\":\"\",\"type\":\"row\",\"children\":[{\"name\":\"\",\"type\":\"column\",\"props\":{\"image_position\":\"center-center\",\"media_overlay_gradient\":\"\",\"width_medium\":\"1-1\"},\"children\":[{\"name\":\"\",\"type\":\"grid\",\"props\":{\"show_title\":true,\"show_meta\":true,\"show_content\":true,\"show_image\":true,\"show_link\":true,\"grid_default\":\"1\",\"grid_medium\":\"4\",\"title_element\":\"h2\",\"meta_style\":\"meta\",\"meta_align\":\"below-title\",\"image_align\":\"top\",\"image_grid_width\":\"1-2\",\"link_text\":\"Read more\",\"link_style\":\"text\",\"margin\":\"default\",\"grid_small\":\"1\",\"text_align\":\"left\",\"text_align_breakpoint\":\"s\",\"text_align_fallback\":\"center\",\"title_style\":\"h3\",\"filter_style\":\"tab\",\"filter_all\":true,\"filter_position\":\"top\",\"filter_align\":\"left\",\"filter_grid_width\":\"auto\",\"image_svg_color\":\"primary\",\"item_animation\":true,\"image_svg_inline\":true,\"image_svg_animate\":true,\"grid_column_gap\":\"small\",\"grid_row_gap\":\"small\",\"filter_grid_breakpoint\":\"m\",\"image_grid_breakpoint\":\"m\",\"icon_width\":80,\"title_hover_style\":\"reset\",\"title_align\":\"top\",\"title_grid_width\":\"1-2\",\"title_grid_breakpoint\":\"m\",\"meta_element\":\"div\",\"content_column_breakpoint\":\"m\",\"grid_column_align\":true,\"grid_row_align\":false,\"grid_large\":\"4\",\"margin_remove_top\":false,\"margin_remove_bottom\":false,\"content_margin\":\"remove\",\"panel_content_padding\":\"small\",\"item_maxwidth\":\"large\"},\"children\":[{\"name\":\"\",\"type\":\"grid_item\",\"props\":{\"title\":\"Projectos de Edif\\u00edcios\",\"content\":\"\n\n<p>Edif\\u00edcios Residenciais<br \\\/>Edif\\u00edcios Empresariais<br \\\/>Edif\\u00edcios de Servi\\u00e7os (hospitais, escolas)<br \\\/>Edif\\u00edcios Industriais<br \\\/>Reabilita\\u00e7\\u00e3o e Requalifica\\u00e7\\u00e3o de Im\\u00f3veis<\\\/p>\",\"link\":\"\",\"icon\":\"\",\"image\":\"\",\"meta\":\"\"}},{\"name\":\"\",\"type\":\"grid_item\",\"props\":{\"title\":\"Projectos de Vias de comunica\\u00e7\\u00e3o\",\"content\":\"\n\n<p>Estradas<br \\\/>Estruturas Especiais: Pontes, Viadutos, Passagens Hidr\\u00e1ulicas, etc.<br \\\/>Conten\\u00e7\\u00e3o Perif\\u00e9rica<br \\\/>Estabiliza\\u00e7\\u00e3o de Taludes<\\\/p>\",\"link\":\"\",\"icon\":\"\",\"image\":\"\"}},{\"name\":\"\",\"type\":\"grid_item\",\"props\":{\"title\":\"Projectos de Infraestruturas urbanas\",\"content\":\"\n\n<p>Requalifica\\u00e7\\u00e3o Urbana<br \\\/>Planos Gerais de Infraestruturas Urbanas<br \\\/>Redes de Abastecimento de \\u00c1gua<br \\\/>Redes de Drenagem de \\u00c1guas Pluviais<br \\\/>Redes de Saneamento<br \\\/>Redes de Abastecimento de G\\u00e1s<\\\/p>\",\"link\":\"\",\"icon\":\"\",\"image\":\"\"}},{\"name\":\"\",\"type\":\"grid_item\",\"props\":{\"title\":\"Projectos na \\u00e1rea do Ambiente\",\"content\":\"\n\n<p>Estudos Ambientais<br \\\/>Acompanhamento Ambiental de Obras<br \\\/>Res\\u00edduos S\\u00f3lidos Dom\\u00e9sticos e Industriais <br \\\/>Aterros Sanit\\u00e1rios<br \\\/>Esta\\u00e7\\u00f5es de Transfer\\u00eancia<br \\\/>Ecocentros<br \\\/>Qualidade e Tratamento de \\u00c1gua e Efluentes<\\\/p>\",\"link\":\"\",\"icon\":\"\",\"image\":\"\"}}]}]}]}]},{\"name\":\"Portefolio\",\"type\":\"section\",\"props\":{\"style\":\"default\",\"width\":\"large\",\"vertical_align\":\"middle\",\"title_position\":\"top-left\",\"title_rotation\":\"left\",\"title_breakpoint\":\"xl\",\"image_position\":\"center-center\",\"padding_remove_top\":false,\"padding_remove_horizontal\":false,\"padding\":\"none\"},\"children\":[{\"name\":\"\",\"type\":\"row\",\"props\":{\"layout\":\"1-3,1-3,1-3\",\"width\":\"default\",\"margin\":\"large\",\"column_gap\":\"collapse\",\"row_gap\":\"collapse\",\"padding_remove_horizontal\":false,\"width_expand\":\"right\"},\"children\":[{\"name\":\"\",\"type\":\"column\",\"props\":{\"image_position\":\"center-center\",\"media_overlay_gradient\":\"\",\"width_small\":\"1-3\"},\"children\":[{\"name\":\"\",\"type\":\"panel\",\"props\":{\"link_text\":\"Download\",\"title_element\":\"h3\",\"meta_style\":\"meta\",\"meta_align\":\"below-title\",\"image_align\":\"left\",\"image_grid_width\":\"1-2\",\"link_style\":\"primary\",\"margin\":\"xlarge\",\"title\":\"Portef\\u00f3lio\",\"content\":\"\n\n<p>em portugu\\u00eas:<\\\/p>\",\"link\":\"https:\\\/\\\/www.ppsec.pt\\\/wp-content\\\/uploads\\\/2021\\\/08\\\/PORTEFOLIO_PPSEC_PT.pdf\",\"text_align\":\"left\",\"image\":\"\",\"image_vertical_align\":true,\"image_box_shadow\":\"xlarge\",\"image_box_shadow_bottom\":false,\"image_svg_color\":\"emphasis\",\"block_align\":\"right\",\"image_grid_column_gap\":\"large\",\"image_grid_row_gap\":\"large\",\"image_grid_breakpoint\":\"s\",\"icon_width\":80,\"title_hover_style\":\"reset\",\"title_align\":\"top\",\"title_grid_width\":\"1-2\",\"title_grid_breakpoint\":\"m\",\"meta_element\":\"div\",\"content_column_breakpoint\":\"m\",\"icon\":\"\",\"link_target\":true}}]},{\"name\":\"\",\"type\":\"column\",\"props\":{\"image_position\":\"center-center\",\"media_overlay_gradient\":\"\",\"width_small\":\"1-3\"},\"children\":[{\"name\":\"\",\"type\":\"panel\",\"props\":{\"link_text\":\"Download\",\"title_element\":\"h3\",\"meta_style\":\"meta\",\"meta_align\":\"below-title\",\"image_align\":\"left\",\"image_grid_width\":\"1-2\",\"link_style\":\"primary\",\"margin\":\"xlarge\",\"title\":\"Portfolio\",\"content\":\"\n\n<p>in english:<\\\/p>\",\"link\":\"https:\\\/\\\/www.ppsec.pt\\\/wp-content\\\/uploads\\\/2021\\\/08\\\/PORTEFOLIO_PPSEC_EN.pdf\",\"text_align\":\"left\",\"image\":\"\",\"image_vertical_align\":true,\"image_box_shadow\":\"xlarge\",\"image_box_shadow_bottom\":false,\"image_svg_color\":\"emphasis\",\"block_align\":\"right\",\"image_grid_column_gap\":\"large\",\"image_grid_row_gap\":\"large\",\"image_grid_breakpoint\":\"s\",\"icon_width\":80,\"title_hover_style\":\"reset\",\"title_align\":\"top\",\"title_grid_width\":\"1-2\",\"title_grid_breakpoint\":\"m\",\"meta_element\":\"div\",\"content_column_breakpoint\":\"m\",\"icon\":\"\",\"link_target\":true}}]},{\"name\":\"\",\"type\":\"column\",\"props\":{\"image_position\":\"center-center\",\"media_overlay_gradient\":\"\",\"width_small\":\"1-3\"},\"children\":[{\"name\":\"\",\"type\":\"panel\",\"props\":{\"link_text\":\"Download\",\"title_element\":\"h3\",\"meta_style\":\"meta\",\"meta_align\":\"below-title\",\"image_align\":\"left\",\"image_grid_width\":\"1-2\",\"link_style\":\"primary\",\"margin\":\"xlarge\",\"title\":\"Portfolio\",\"content\":\"\n\n<p>en fran\\u00e7ais:<\\\/p>\",\"link\":\"https:\\\/\\\/www.ppsec.pt\\\/wp-content\\\/uploads\\\/2021\\\/08\\\/PORTEFOLIO_PPSEC_FR.pdf\",\"text_align\":\"left\",\"image\":\"\",\"image_vertical_align\":true,\"image_box_shadow\":\"xlarge\",\"image_box_shadow_bottom\":false,\"image_svg_color\":\"emphasis\",\"block_align\":\"right\",\"image_grid_column_gap\":\"large\",\"image_grid_row_gap\":\"large\",\"image_grid_breakpoint\":\"s\",\"icon_width\":80,\"title_hover_style\":\"reset\",\"title_align\":\"top\",\"title_grid_width\":\"1-2\",\"title_grid_breakpoint\":\"m\",\"meta_element\":\"div\",\"content_column_breakpoint\":\"m\",\"icon\":\"\",\"link_target\":true}}]}]}]},{\"name\":\"Contacto\",\"type\":\"section\",\"props\":{\"style\":\"default\",\"width\":\"small\",\"vertical_align\":\"middle\",\"title_position\":\"top-left\",\"title_rotation\":\"left\",\"title_breakpoint\":\"xl\",\"image_position\":\"center-center\",\"padding_remove_top\":false},\"children\":[{\"name\":\"\",\"type\":\"row\",\"props\":{\"layout\":\"1-3,1-3,1-3\",\"width\":\"default\",\"margin\":\"large\"},\"children\":[{\"name\":\"\",\"type\":\"column\",\"props\":{\"image_position\":\"center-center\",\"media_overlay_gradient\":\"\",\"width_small\":\"1-3\"},\"children\":[{\"name\":\"\",\"type\":\"headline\",\"props\":{\"title_element\":\"h2\",\"text_align\":\"left\",\"content\":\"Entre em contacto\",\"title_style\":\"h5\",\"title_decoration\":\"bullet\",\"margin\":\"medium\"}}]},{\"name\":\"\",\"type\":\"column\",\"props\":{\"image_position\":\"center-center\",\"media_overlay_gradient\":\"\",\"width_small\":\"1-3\"},\"children\":[{\"name\":\"\",\"type\":\"headline\",\"props\":{\"title_element\":\"div\",\"content\":\"+ 351 224643411\",\"link\":\"tel:+351224643411\",\"margin\":\"small\",\"title_style\":\"h6\"}},{\"name\":\"\",\"type\":\"text\",\"props\":{\"margin\":\"remove-vertical\",\"column_breakpoint\":\"m\",\"content\":\"\n\n<p>Telefone<\\\/p>\",\"text_style\":\"meta\"}}]},{\"name\":\"\",\"type\":\"column\",\"props\":{\"image_position\":\"center-center\",\"media_overlay_gradient\":\"\",\"width_small\":\"1-3\"},\"children\":[{\"name\":\"\",\"type\":\"headline\",\"props\":{\"title_element\":\"div\",\"content\":\"geral@ppsec.pt\",\"link\":\"mailto:geral@ppsec.pt\",\"margin\":\"small\",\"title_style\":\"h6\"}},{\"name\":\"\",\"type\":\"text\",\"props\":{\"margin\":\"remove-vertical\",\"column_breakpoint\":\"m\",\"content\":\"Email\",\"text_style\":\"meta\"}}]}]}]}],\"version\":\"2.6.9\"} --><\/p>\n","protected":false},"excerpt":{"rendered":"<p>Servi\u00e7os A PPSEC Engenharia \u00e9 uma empresa com 30 anos de experi\u00eancia na \u00e1rea de projectos de engenharia. Projectos de Edif\u00edcios Edif\u00edcios ResidenciaisEdif\u00edcios EmpresariaisEdif\u00edcios de Servi\u00e7os (hospitais, escolas)Edif\u00edcios IndustriaisReabilita\u00e7\u00e3o e Requalifica\u00e7\u00e3o de Im\u00f3veis Projectos de Vias de comunica\u00e7\u00e3o EstradasEstruturas Especiais: Pontes, Viadutos, Passagens Hidr\u00e1ulicas, etc.Conten\u00e7\u00e3o Perif\u00e9ricaEstabiliza\u00e7\u00e3o de Taludes Projectos de Infraestruturas urbanas Requalifica\u00e7\u00e3o UrbanaPlanos Gerais [&hellip;]<\/p>\n","protected":false},"author":1,"featured_media":0,"parent":0,"menu_order":9,"comment_status":"open","ping_status":"open","template":"","meta":{"_acf_changed":false,"footnotes":""},"class_list":["post-2","page","type-page","status-publish","hentry"],"acf":[],"yoast_head":"<!-- This site is optimized with the Yoast SEO plugin v27.3 - https:\/\/yoast.com\/product\/yoast-seo-wordpress\/ -->\r\n<title>Servi\u00e7os - www.ppsec.pt<\/title>\r\n<meta name=\"robots\" content=\"index, follow, max-snippet:-1, max-image-preview:large, max-video-preview:-1\" \/>\r\n<link rel=\"canonical\" href=\"https:\/\/www.ppsec.pt\/index.php\/atividades\/\" \/>\r\n<meta property=\"og:locale\" content=\"pt_PT\" \/>\r\n<meta property=\"og:type\" content=\"article\" \/>\r\n<meta property=\"og:title\" content=\"Servi\u00e7os - www.ppsec.pt\" \/>\r\n<meta property=\"og:description\" content=\"Servi\u00e7os A PPSEC Engenharia \u00e9 uma empresa com 30 anos de experi\u00eancia na \u00e1rea de projectos de engenharia. Projectos de Edif\u00edcios Edif\u00edcios ResidenciaisEdif\u00edcios EmpresariaisEdif\u00edcios de Servi\u00e7os (hospitais, escolas)Edif\u00edcios IndustriaisReabilita\u00e7\u00e3o e Requalifica\u00e7\u00e3o de Im\u00f3veis Projectos de Vias de comunica\u00e7\u00e3o EstradasEstruturas Especiais: Pontes, Viadutos, Passagens Hidr\u00e1ulicas, etc.Conten\u00e7\u00e3o Perif\u00e9ricaEstabiliza\u00e7\u00e3o de Taludes Projectos de Infraestruturas urbanas Requalifica\u00e7\u00e3o UrbanaPlanos Gerais [&hellip;]\" \/>\r\n<meta property=\"og:url\" content=\"https:\/\/www.ppsec.pt\/index.php\/atividades\/\" \/>\r\n<meta property=\"og:site_name\" content=\"www.ppsec.pt\" \/>\r\n<meta property=\"article:publisher\" content=\"https:\/\/www.facebook.com\/ppsec.lda\" \/>\r\n<meta property=\"article:modified_time\" content=\"2021-11-02T17:31:03+00:00\" \/>\r\n<meta name=\"twitter:card\" content=\"summary_large_image\" \/>\r\n<meta name=\"twitter:label1\" content=\"Tempo estimado de leitura\" \/>\n\t<meta name=\"twitter:data1\" content=\"1 minuto\" \/>\r\n<script type=\"application\/ld+json\" class=\"yoast-schema-graph\">{\"@context\":\"https:\\\/\\\/schema.org\",\"@graph\":[{\"@type\":\"WebPage\",\"@id\":\"https:\\\/\\\/www.ppsec.pt\\\/index.php\\\/atividades\\\/\",\"url\":\"https:\\\/\\\/www.ppsec.pt\\\/index.php\\\/atividades\\\/\",\"name\":\"Servi\u00e7os - www.ppsec.pt\",\"isPartOf\":{\"@id\":\"https:\\\/\\\/www.ppsec.pt\\\/#website\"},\"datePublished\":\"2019-09-02T07:23:47+00:00\",\"dateModified\":\"2021-11-02T17:31:03+00:00\",\"breadcrumb\":{\"@id\":\"https:\\\/\\\/www.ppsec.pt\\\/index.php\\\/atividades\\\/#breadcrumb\"},\"inLanguage\":\"pt-PT\",\"potentialAction\":[{\"@type\":\"ReadAction\",\"target\":[\"https:\\\/\\\/www.ppsec.pt\\\/index.php\\\/atividades\\\/\"]}]},{\"@type\":\"BreadcrumbList\",\"@id\":\"https:\\\/\\\/www.ppsec.pt\\\/index.php\\\/atividades\\\/#breadcrumb\",\"itemListElement\":[{\"@type\":\"ListItem\",\"position\":1,\"name\":\"In\u00edcio\",\"item\":\"https:\\\/\\\/www.ppsec.pt\\\/\"},{\"@type\":\"ListItem\",\"position\":2,\"name\":\"Servi\u00e7os\"}]},{\"@type\":\"WebSite\",\"@id\":\"https:\\\/\\\/www.ppsec.pt\\\/#website\",\"url\":\"https:\\\/\\\/www.ppsec.pt\\\/\",\"name\":\"www.ppsec.pt\",\"description\":\"PPSEC Engenharia Civil\",\"publisher\":{\"@id\":\"https:\\\/\\\/www.ppsec.pt\\\/#organization\"},\"potentialAction\":[{\"@type\":\"SearchAction\",\"target\":{\"@type\":\"EntryPoint\",\"urlTemplate\":\"https:\\\/\\\/www.ppsec.pt\\\/?s={search_term_string}\"},\"query-input\":{\"@type\":\"PropertyValueSpecification\",\"valueRequired\":true,\"valueName\":\"search_term_string\"}}],\"inLanguage\":\"pt-PT\"},{\"@type\":\"Organization\",\"@id\":\"https:\\\/\\\/www.ppsec.pt\\\/#organization\",\"name\":\"PPSEC\",\"url\":\"https:\\\/\\\/www.ppsec.pt\\\/\",\"logo\":{\"@type\":\"ImageObject\",\"inLanguage\":\"pt-PT\",\"@id\":\"https:\\\/\\\/www.ppsec.pt\\\/#\\\/schema\\\/logo\\\/image\\\/\",\"url\":\"http:\\\/\\\/www.ppsec.pt\\\/wp-content\\\/uploads\\\/2021\\\/01\\\/LOGO_PPSEC_PT.jpg\",\"contentUrl\":\"http:\\\/\\\/www.ppsec.pt\\\/wp-content\\\/uploads\\\/2021\\\/01\\\/LOGO_PPSEC_PT.jpg\",\"width\":1465,\"height\":366,\"caption\":\"PPSEC\"},\"image\":{\"@id\":\"https:\\\/\\\/www.ppsec.pt\\\/#\\\/schema\\\/logo\\\/image\\\/\"},\"sameAs\":[\"https:\\\/\\\/www.facebook.com\\\/ppsec.lda\"]}]}<\/script>\r\n<!-- \/ Yoast SEO plugin. -->","yoast_head_json":{"title":"Servi\u00e7os - www.ppsec.pt","robots":{"index":"index","follow":"follow","max-snippet":"max-snippet:-1","max-image-preview":"max-image-preview:large","max-video-preview":"max-video-preview:-1"},"canonical":"https:\/\/www.ppsec.pt\/index.php\/atividades\/","og_locale":"pt_PT","og_type":"article","og_title":"Servi\u00e7os - www.ppsec.pt","og_description":"Servi\u00e7os A PPSEC Engenharia \u00e9 uma empresa com 30 anos de experi\u00eancia na \u00e1rea de projectos de engenharia. Projectos de Edif\u00edcios Edif\u00edcios ResidenciaisEdif\u00edcios EmpresariaisEdif\u00edcios de Servi\u00e7os (hospitais, escolas)Edif\u00edcios IndustriaisReabilita\u00e7\u00e3o e Requalifica\u00e7\u00e3o de Im\u00f3veis Projectos de Vias de comunica\u00e7\u00e3o EstradasEstruturas Especiais: Pontes, Viadutos, Passagens Hidr\u00e1ulicas, etc.Conten\u00e7\u00e3o Perif\u00e9ricaEstabiliza\u00e7\u00e3o de Taludes Projectos de Infraestruturas urbanas Requalifica\u00e7\u00e3o UrbanaPlanos Gerais [&hellip;]","og_url":"https:\/\/www.ppsec.pt\/index.php\/atividades\/","og_site_name":"www.ppsec.pt","article_publisher":"https:\/\/www.facebook.com\/ppsec.lda","article_modified_time":"2021-11-02T17:31:03+00:00","twitter_card":"summary_large_image","twitter_misc":{"Tempo estimado de leitura":"1 minuto"},"schema":{"@context":"https:\/\/schema.org","@graph":[{"@type":"WebPage","@id":"https:\/\/www.ppsec.pt\/index.php\/atividades\/","url":"https:\/\/www.ppsec.pt\/index.php\/atividades\/","name":"Servi\u00e7os - www.ppsec.pt","isPartOf":{"@id":"https:\/\/www.ppsec.pt\/#website"},"datePublished":"2019-09-02T07:23:47+00:00","dateModified":"2021-11-02T17:31:03+00:00","breadcrumb":{"@id":"https:\/\/www.ppsec.pt\/index.php\/atividades\/#breadcrumb"},"inLanguage":"pt-PT","potentialAction":[{"@type":"ReadAction","target":["https:\/\/www.ppsec.pt\/index.php\/atividades\/"]}]},{"@type":"BreadcrumbList","@id":"https:\/\/www.ppsec.pt\/index.php\/atividades\/#breadcrumb","itemListElement":[{"@type":"ListItem","position":1,"name":"In\u00edcio","item":"https:\/\/www.ppsec.pt\/"},{"@type":"ListItem","position":2,"name":"Servi\u00e7os"}]},{"@type":"WebSite","@id":"https:\/\/www.ppsec.pt\/#website","url":"https:\/\/www.ppsec.pt\/","name":"www.ppsec.pt","description":"PPSEC Engenharia Civil","publisher":{"@id":"https:\/\/www.ppsec.pt\/#organization"},"potentialAction":[{"@type":"SearchAction","target":{"@type":"EntryPoint","urlTemplate":"https:\/\/www.ppsec.pt\/?s={search_term_string}"},"query-input":{"@type":"PropertyValueSpecification","valueRequired":true,"valueName":"search_term_string"}}],"inLanguage":"pt-PT"},{"@type":"Organization","@id":"https:\/\/www.ppsec.pt\/#organization","name":"PPSEC","url":"https:\/\/www.ppsec.pt\/","logo":{"@type":"ImageObject","inLanguage":"pt-PT","@id":"https:\/\/www.ppsec.pt\/#\/schema\/logo\/image\/","url":"http:\/\/www.ppsec.pt\/wp-content\/uploads\/2021\/01\/LOGO_PPSEC_PT.jpg","contentUrl":"http:\/\/www.ppsec.pt\/wp-content\/uploads\/2021\/01\/LOGO_PPSEC_PT.jpg","width":1465,"height":366,"caption":"PPSEC"},"image":{"@id":"https:\/\/www.ppsec.pt\/#\/schema\/logo\/image\/"},"sameAs":["https:\/\/www.facebook.com\/ppsec.lda"]}]}},"_links":{"self":[{"href":"https:\/\/www.ppsec.pt\/index.php\/wp-json\/wp\/v2\/pages\/2","targetHints":{"allow":["GET"]}}],"collection":[{"href":"https:\/\/www.ppsec.pt\/index.php\/wp-json\/wp\/v2\/pages"}],"about":[{"href":"https:\/\/www.ppsec.pt\/index.php\/wp-json\/wp\/v2\/types\/page"}],"author":[{"embeddable":true,"href":"https:\/\/www.ppsec.pt\/index.php\/wp-json\/wp\/v2\/users\/1"}],"replies":[{"embeddable":true,"href":"https:\/\/www.ppsec.pt\/index.php\/wp-json\/wp\/v2\/comments?post=2"}],"version-history":[{"count":100,"href":"https:\/\/www.ppsec.pt\/index.php\/wp-json\/wp\/v2\/pages\/2\/revisions"}],"predecessor-version":[{"id":1759,"href":"https:\/\/www.ppsec.pt\/index.php\/wp-json\/wp\/v2\/pages\/2\/revisions\/1759"}],"wp:attachment":[{"href":"https:\/\/www.ppsec.pt\/index.php\/wp-json\/wp\/v2\/media?parent=2"}],"curies":[{"name":"wp","href":"https:\/\/api.w.org\/{rel}","templated":true}]}}