{"id":19,"date":"2019-09-02T07:23:47","date_gmt":"2019-09-02T07:23:47","guid":{"rendered":"https:\/\/www.ppsec.pt\/?p=19"},"modified":"2021-01-27T15:31:11","modified_gmt":"2021-01-27T15:31:11","slug":"contact","status":"publish","type":"page","link":"https:\/\/www.ppsec.pt\/index.php\/contact\/","title":{"rendered":"Contacto"},"content":{"rendered":"<h1>Estamos contact\u00e1veis na seguinte morada, telefone ou email.<\/h1>\n<div>\n<h2>Gondomar<\/h2>\n<div>\n<p>Rua Ros\u00e1lia de Castro, 93<br \/>4420-297 &#8211; Gondomar<br \/><a class=\"el-content uk-link-text\" href=\"tel:+351 224643411\" target=\"_blank\" rel=\"noopener\">+351 224643411<\/a><br \/><a href=\"mailto:geral@ppsec.pt\" target=\"_blank\" rel=\"noopener\">geral@ppsec.pt<\/a><\/p>\n<\/div>\n<\/div>\n<div>\n<h3>Gondomar<\/h3>\n<div>\n<p>Rua Ros\u00e1lia de Castro, 93<\/p>\n<p>4420-297 Gondomar<\/p>\n<\/div>\n<p>41.1355,-8.5355<\/p>\n<\/div>\n<hr>\n<p><!-- {\"name\":\"\",\"type\":\"layout\",\"children\":[{\"name\":\"Contact\",\"type\":\"section\",\"props\":{\"style\":\"default\",\"width\":\"default\",\"vertical_align\":\"middle\",\"title_position\":\"top-left\",\"title_rotation\":\"left\",\"title_breakpoint\":\"xl\",\"image_position\":\"center-center\",\"padding\":\"large\",\"padding_remove_bottom\":true,\"animation_delay\":false},\"children\":[{\"name\":\"\",\"type\":\"row\",\"children\":[{\"name\":\"\",\"type\":\"column\",\"props\":{\"image_position\":\"center-center\",\"width_medium\":\"1-1\",\"media_overlay_gradient\":\"\"},\"children\":[{\"name\":\"\",\"type\":\"headline\",\"props\":{\"title_element\":\"h1\",\"content\":\"Estamos contact\\u00e1veis na seguinte morada, telefone ou email.\",\"maxwidth\":\"xlarge\",\"title_style\":\"h2\",\"text_align\":\"left\",\"text_align_breakpoint\":\"s\",\"text_align_fallback\":\"center\"}},{\"name\":\"\",\"type\":\"grid\",\"props\":{\"show_title\":true,\"show_meta\":true,\"show_content\":true,\"show_image\":true,\"show_link\":true,\"grid_default\":\"1\",\"grid_medium\":\"3\",\"title_element\":\"h2\",\"meta_style\":\"meta\",\"meta_align\":\"below-title\",\"image_align\":\"top\",\"image_grid_width\":\"1-2\",\"link_text\":\"Read more\",\"link_style\":\"default\",\"margin\":\"large\",\"grid_small\":\"2\",\"text_align\":\"left\",\"text_align_breakpoint\":\"s\",\"text_align_fallback\":\"center\",\"title_style\":\"h3\",\"grid_column_gap\":\"large\",\"grid_row_gap\":\"large\",\"image_grid_breakpoint\":\"m\",\"icon_width\":80,\"filter_style\":\"tab\",\"filter_all\":true,\"filter_position\":\"top\",\"filter_align\":\"left\",\"filter_grid_width\":\"auto\",\"filter_grid_breakpoint\":\"m\",\"title_hover_style\":\"reset\",\"title_align\":\"top\",\"title_grid_width\":\"1-2\",\"title_grid_breakpoint\":\"m\",\"meta_element\":\"div\",\"content_column_breakpoint\":\"m\",\"image_svg_color\":\"emphasis\",\"item_animation\":\"\"},\"children\":[{\"name\":\"\",\"type\":\"grid_item\",\"props\":{\"content\":\"\n\n<p>Rua Ros\\u00e1lia de Castro, 93<br \\\/>4420-297 - Gondomar<br \\\/><a class=\\\"el-content uk-link-text\\\" href=\\\"tel:+351 224643411\\\" target=\\\"_blank\\\" rel=\\\"noopener\\\">+351 224643411<\\\/a><br \\\/><a href=\\\"mailto:geral@ppsec.pt\\\" target=\\\"_blank\\\" rel=\\\"noopener\\\">geral@ppsec.pt<\\\/a><\\\/p>\",\"title\":\"Gondomar\"}}]}]}]}]},{\"name\":\"Map\",\"type\":\"section\",\"props\":{\"style\":\"default\",\"width\":\"\",\"vertical_align\":\"middle\",\"title_position\":\"top-left\",\"title_rotation\":\"left\",\"title_breakpoint\":\"xl\",\"image_position\":\"center-center\",\"padding_remove_top\":false,\"padding_remove_bottom\":true,\"padding\":\"large\"},\"children\":[{\"name\":\"\",\"type\":\"row\",\"props\":{\"margin\":\"small\",\"vertical_align\":true,\"column_gap\":\"large\",\"row_gap\":\"large\"},\"children\":[{\"name\":\"\",\"type\":\"column\",\"props\":{\"image_position\":\"center-center\",\"width_medium\":\"1-1\",\"media_overlay_gradient\":\"\"},\"children\":[{\"name\":\"\",\"type\":\"map\",\"props\":{\"show_title\":true,\"type\":\"roadmap\",\"zoom\":17,\"controls\":false,\"zooming\":false,\"dragging\":false,\"styler_hue\":null,\"height\":\"620\",\"styler_lightness\":39,\"styler_invert_lightness\":false,\"styler_saturation\":-100,\"styler_gamma\":2},\"children\":[{\"name\":\"\",\"type\":\"map_marker\",\"props\":{\"location\":\"41.1355,-8.5355\",\"title\":\"Gondomar\",\"show_popup\":true,\"content\":\"\n\n<p>Rua Ros\\u00e1lia de Castro, 93<\\\/p>\\n\n\n<p>4420-297 Gondomar<\\\/p>\"}}]}]}]}]},{\"name\":\"Call to Action\",\"type\":\"section\",\"props\":{\"style\":\"default\",\"width\":\"default\",\"vertical_align\":\"middle\",\"title_position\":\"top-left\",\"title_rotation\":\"left\",\"title_breakpoint\":\"xl\",\"image_position\":\"center-left\",\"padding\":\"large\",\"image\":\"\"},\"children\":[{\"type\":\"row\",\"children\":[{\"type\":\"column\",\"props\":{\"image_position\":\"center-center\",\"media_overlay_gradient\":\"\"},\"children\":[{\"type\":\"divider\",\"props\":{\"divider_element\":\"hr\"}}]}]}]}],\"version\":\"2.3.29\"} --><\/p>\n","protected":false},"excerpt":{"rendered":"<p>Estamos contact\u00e1veis na seguinte morada, telefone ou email. Gondomar Rua Ros\u00e1lia de Castro, 934420-297 &#8211; Gondomar+351 224643411geral@ppsec.pt Gondomar Rua Ros\u00e1lia de Castro, 93 4420-297 Gondomar 41.1355,-8.5355<\/p>\n","protected":false},"author":1,"featured_media":0,"parent":0,"menu_order":6,"comment_status":"open","ping_status":"open","template":"","meta":{"_acf_changed":false,"footnotes":""},"class_list":["post-19","page","type-page","status-publish","hentry"],"acf":[],"yoast_head":"<!-- This site is optimized with the Yoast SEO plugin v27.4 - https:\/\/yoast.com\/product\/yoast-seo-wordpress\/ -->\r\n<title>Contacto - www.ppsec.pt<\/title>\r\n<meta name=\"robots\" content=\"index, follow, max-snippet:-1, max-image-preview:large, max-video-preview:-1\" \/>\r\n<link rel=\"canonical\" href=\"https:\/\/www.ppsec.pt\/index.php\/contact\/\" \/>\r\n<meta property=\"og:locale\" content=\"pt_PT\" \/>\r\n<meta property=\"og:type\" content=\"article\" \/>\r\n<meta property=\"og:title\" content=\"Contacto - www.ppsec.pt\" \/>\r\n<meta property=\"og:description\" content=\"Estamos contact\u00e1veis na seguinte morada, telefone ou email. Gondomar Rua Ros\u00e1lia de Castro, 934420-297 &#8211; Gondomar+351 224643411geral@ppsec.pt Gondomar Rua Ros\u00e1lia de Castro, 93 4420-297 Gondomar 41.1355,-8.5355\" \/>\r\n<meta property=\"og:url\" content=\"https:\/\/www.ppsec.pt\/index.php\/contact\/\" \/>\r\n<meta property=\"og:site_name\" content=\"www.ppsec.pt\" \/>\r\n<meta property=\"article:publisher\" content=\"https:\/\/www.facebook.com\/ppsec.lda\" \/>\r\n<meta property=\"article:modified_time\" content=\"2021-01-27T15:31:11+00:00\" \/>\r\n<meta name=\"twitter:card\" content=\"summary_large_image\" \/>\r\n<script type=\"application\/ld+json\" class=\"yoast-schema-graph\">{\"@context\":\"https:\\\/\\\/schema.org\",\"@graph\":[{\"@type\":\"WebPage\",\"@id\":\"https:\\\/\\\/www.ppsec.pt\\\/index.php\\\/contact\\\/\",\"url\":\"https:\\\/\\\/www.ppsec.pt\\\/index.php\\\/contact\\\/\",\"name\":\"Contacto - www.ppsec.pt\",\"isPartOf\":{\"@id\":\"https:\\\/\\\/www.ppsec.pt\\\/#website\"},\"datePublished\":\"2019-09-02T07:23:47+00:00\",\"dateModified\":\"2021-01-27T15:31:11+00:00\",\"breadcrumb\":{\"@id\":\"https:\\\/\\\/www.ppsec.pt\\\/index.php\\\/contact\\\/#breadcrumb\"},\"inLanguage\":\"pt-PT\",\"potentialAction\":[{\"@type\":\"ReadAction\",\"target\":[\"https:\\\/\\\/www.ppsec.pt\\\/index.php\\\/contact\\\/\"]}]},{\"@type\":\"BreadcrumbList\",\"@id\":\"https:\\\/\\\/www.ppsec.pt\\\/index.php\\\/contact\\\/#breadcrumb\",\"itemListElement\":[{\"@type\":\"ListItem\",\"position\":1,\"name\":\"In\u00edcio\",\"item\":\"https:\\\/\\\/www.ppsec.pt\\\/\"},{\"@type\":\"ListItem\",\"position\":2,\"name\":\"Contacto\"}]},{\"@type\":\"WebSite\",\"@id\":\"https:\\\/\\\/www.ppsec.pt\\\/#website\",\"url\":\"https:\\\/\\\/www.ppsec.pt\\\/\",\"name\":\"www.ppsec.pt\",\"description\":\"PPSEC Engenharia Civil\",\"publisher\":{\"@id\":\"https:\\\/\\\/www.ppsec.pt\\\/#organization\"},\"potentialAction\":[{\"@type\":\"SearchAction\",\"target\":{\"@type\":\"EntryPoint\",\"urlTemplate\":\"https:\\\/\\\/www.ppsec.pt\\\/?s={search_term_string}\"},\"query-input\":{\"@type\":\"PropertyValueSpecification\",\"valueRequired\":true,\"valueName\":\"search_term_string\"}}],\"inLanguage\":\"pt-PT\"},{\"@type\":\"Organization\",\"@id\":\"https:\\\/\\\/www.ppsec.pt\\\/#organization\",\"name\":\"PPSEC\",\"url\":\"https:\\\/\\\/www.ppsec.pt\\\/\",\"logo\":{\"@type\":\"ImageObject\",\"inLanguage\":\"pt-PT\",\"@id\":\"https:\\\/\\\/www.ppsec.pt\\\/#\\\/schema\\\/logo\\\/image\\\/\",\"url\":\"http:\\\/\\\/www.ppsec.pt\\\/wp-content\\\/uploads\\\/2021\\\/01\\\/LOGO_PPSEC_PT.jpg\",\"contentUrl\":\"http:\\\/\\\/www.ppsec.pt\\\/wp-content\\\/uploads\\\/2021\\\/01\\\/LOGO_PPSEC_PT.jpg\",\"width\":1465,\"height\":366,\"caption\":\"PPSEC\"},\"image\":{\"@id\":\"https:\\\/\\\/www.ppsec.pt\\\/#\\\/schema\\\/logo\\\/image\\\/\"},\"sameAs\":[\"https:\\\/\\\/www.facebook.com\\\/ppsec.lda\"]}]}<\/script>\r\n<!-- \/ Yoast SEO plugin. -->","yoast_head_json":{"title":"Contacto - www.ppsec.pt","robots":{"index":"index","follow":"follow","max-snippet":"max-snippet:-1","max-image-preview":"max-image-preview:large","max-video-preview":"max-video-preview:-1"},"canonical":"https:\/\/www.ppsec.pt\/index.php\/contact\/","og_locale":"pt_PT","og_type":"article","og_title":"Contacto - www.ppsec.pt","og_description":"Estamos contact\u00e1veis na seguinte morada, telefone ou email. Gondomar Rua Ros\u00e1lia de Castro, 934420-297 &#8211; Gondomar+351 224643411geral@ppsec.pt Gondomar Rua Ros\u00e1lia de Castro, 93 4420-297 Gondomar 41.1355,-8.5355","og_url":"https:\/\/www.ppsec.pt\/index.php\/contact\/","og_site_name":"www.ppsec.pt","article_publisher":"https:\/\/www.facebook.com\/ppsec.lda","article_modified_time":"2021-01-27T15:31:11+00:00","twitter_card":"summary_large_image","schema":{"@context":"https:\/\/schema.org","@graph":[{"@type":"WebPage","@id":"https:\/\/www.ppsec.pt\/index.php\/contact\/","url":"https:\/\/www.ppsec.pt\/index.php\/contact\/","name":"Contacto - www.ppsec.pt","isPartOf":{"@id":"https:\/\/www.ppsec.pt\/#website"},"datePublished":"2019-09-02T07:23:47+00:00","dateModified":"2021-01-27T15:31:11+00:00","breadcrumb":{"@id":"https:\/\/www.ppsec.pt\/index.php\/contact\/#breadcrumb"},"inLanguage":"pt-PT","potentialAction":[{"@type":"ReadAction","target":["https:\/\/www.ppsec.pt\/index.php\/contact\/"]}]},{"@type":"BreadcrumbList","@id":"https:\/\/www.ppsec.pt\/index.php\/contact\/#breadcrumb","itemListElement":[{"@type":"ListItem","position":1,"name":"In\u00edcio","item":"https:\/\/www.ppsec.pt\/"},{"@type":"ListItem","position":2,"name":"Contacto"}]},{"@type":"WebSite","@id":"https:\/\/www.ppsec.pt\/#website","url":"https:\/\/www.ppsec.pt\/","name":"www.ppsec.pt","description":"PPSEC Engenharia Civil","publisher":{"@id":"https:\/\/www.ppsec.pt\/#organization"},"potentialAction":[{"@type":"SearchAction","target":{"@type":"EntryPoint","urlTemplate":"https:\/\/www.ppsec.pt\/?s={search_term_string}"},"query-input":{"@type":"PropertyValueSpecification","valueRequired":true,"valueName":"search_term_string"}}],"inLanguage":"pt-PT"},{"@type":"Organization","@id":"https:\/\/www.ppsec.pt\/#organization","name":"PPSEC","url":"https:\/\/www.ppsec.pt\/","logo":{"@type":"ImageObject","inLanguage":"pt-PT","@id":"https:\/\/www.ppsec.pt\/#\/schema\/logo\/image\/","url":"http:\/\/www.ppsec.pt\/wp-content\/uploads\/2021\/01\/LOGO_PPSEC_PT.jpg","contentUrl":"http:\/\/www.ppsec.pt\/wp-content\/uploads\/2021\/01\/LOGO_PPSEC_PT.jpg","width":1465,"height":366,"caption":"PPSEC"},"image":{"@id":"https:\/\/www.ppsec.pt\/#\/schema\/logo\/image\/"},"sameAs":["https:\/\/www.facebook.com\/ppsec.lda"]}]}},"_links":{"self":[{"href":"https:\/\/www.ppsec.pt\/index.php\/wp-json\/wp\/v2\/pages\/19","targetHints":{"allow":["GET"]}}],"collection":[{"href":"https:\/\/www.ppsec.pt\/index.php\/wp-json\/wp\/v2\/pages"}],"about":[{"href":"https:\/\/www.ppsec.pt\/index.php\/wp-json\/wp\/v2\/types\/page"}],"author":[{"embeddable":true,"href":"https:\/\/www.ppsec.pt\/index.php\/wp-json\/wp\/v2\/users\/1"}],"replies":[{"embeddable":true,"href":"https:\/\/www.ppsec.pt\/index.php\/wp-json\/wp\/v2\/comments?post=19"}],"version-history":[{"count":17,"href":"https:\/\/www.ppsec.pt\/index.php\/wp-json\/wp\/v2\/pages\/19\/revisions"}],"predecessor-version":[{"id":1312,"href":"https:\/\/www.ppsec.pt\/index.php\/wp-json\/wp\/v2\/pages\/19\/revisions\/1312"}],"wp:attachment":[{"href":"https:\/\/www.ppsec.pt\/index.php\/wp-json\/wp\/v2\/media?parent=19"}],"curies":[{"name":"wp","href":"https:\/\/api.w.org\/{rel}","templated":true}]}}