{"id":1703,"date":"2021-10-29T15:16:49","date_gmt":"2021-10-29T15:16:49","guid":{"rendered":"https:\/\/www.ppsec.pt\/?page_id=1703"},"modified":"2021-11-03T17:47:18","modified_gmt":"2021-11-03T17:47:18","slug":"clientes","status":"publish","type":"page","link":"https:\/\/www.ppsec.pt\/index.php\/clientes\/","title":{"rendered":"Clientes"},"content":{"rendered":"<div>\n<h1>A PPSEC Engenharia mant\u00e9m uma rela\u00e7\u00e3o transparente para com todos os seus clientes<\/h1>\n<\/div>\n<ul>\n<li>\n<p>        <img decoding=\"async\" src=\"\/wp-content\/uploads\/2021\/11\/logo_aca.svg\" alt=\"Aca\"><\/p>\n<\/li>\n<li>\n<p>        <img decoding=\"async\" src=\"\/wp-content\/uploads\/2021\/11\/logo_aguas_portugal.svg\" alt=\"\"><\/p>\n<\/li>\n<li>\n<p>        <img decoding=\"async\" src=\"\/wp-content\/uploads\/2021\/11\/logo_altice.svg\" alt=\"\"><\/p>\n<\/li>\n<li>\n<p>        <img decoding=\"async\" src=\"\/wp-content\/uploads\/2021\/11\/logo_ambiafrica.svg\" alt=\"\"><\/p>\n<\/li>\n<li>\n<p>        <img decoding=\"async\" src=\"\/wp-content\/uploads\/2021\/11\/logo_ambiagua.svg\" alt=\"\"><\/p>\n<\/li>\n<li>\n<p>        <img decoding=\"async\" src=\"\/wp-content\/uploads\/2021\/11\/logo_angolaca.svg\" alt=\"\"><\/p>\n<\/li>\n<li>\n<p>        <img decoding=\"async\" src=\"\/wp-content\/uploads\/2021\/11\/logo_costeira.svg\" alt=\"\"><\/p>\n<\/li>\n<li>\n<p>        <img decoding=\"async\" src=\"\/wp-content\/uploads\/2021\/11\/logo_diverso1.svg\" alt=\"\"><\/p>\n<\/li>\n<li>\n<p>        <img decoding=\"async\" src=\"\/wp-content\/uploads\/2021\/11\/logo_diverso2.svg\" alt=\"\"><\/p>\n<\/li>\n<li>\n<p>        <img decoding=\"async\" src=\"\/wp-content\/uploads\/2021\/11\/logo_dst_group.svg\" alt=\"\"><\/p>\n<\/li>\n<li>\n<p>        <img decoding=\"async\" src=\"\/wp-content\/uploads\/2021\/11\/logo_ferreira.svg\" alt=\"\"><\/p>\n<\/li>\n<li>\n<p>        <img decoding=\"async\" src=\"\/wp-content\/uploads\/2021\/11\/logo_garcia_garcia.svg\" alt=\"\"><\/p>\n<\/li>\n<li>\n<p>        <img decoding=\"async\" src=\"\/wp-content\/uploads\/2021\/11\/logo_guimaraes.svg\" alt=\"\"><\/p>\n<\/li>\n<li>\n<p>        <img decoding=\"async\" src=\"\/wp-content\/uploads\/2021\/11\/logo_lidl.svg\" alt=\"\"><\/p>\n<\/li>\n<li>\n<p>        <img decoding=\"async\" src=\"\/wp-content\/uploads\/2021\/11\/logo_min_angola-1.svg\" alt=\"\"><\/p>\n<\/li>\n<li>\n<p>        <img decoding=\"async\" src=\"\/wp-content\/uploads\/2021\/11\/logo_mercadona-1.svg\" alt=\"\"><\/p>\n<\/li>\n<li>\n<p>        <img decoding=\"async\" src=\"\/wp-content\/uploads\/2021\/11\/logo_mogadouro-1.svg\" alt=\"\"><\/p>\n<\/li>\n<li>\n<p>        <img decoding=\"async\" src=\"\/wp-content\/uploads\/2021\/11\/logo_mondim.svg\" alt=\"\"><\/p>\n<\/li>\n<li>\n<p>        <img decoding=\"async\" src=\"\/wp-content\/uploads\/2021\/11\/logo_mventura.svg\" alt=\"\"><\/p>\n<\/li>\n<li>\n<p>        <img decoding=\"async\" src=\"\/wp-content\/uploads\/2021\/11\/logo_navigator.svg\" alt=\"\"><\/p>\n<\/li>\n<li>\n<p>        <img decoding=\"async\" src=\"\/wp-content\/uploads\/2021\/11\/logo_porto_eng.svg\" alt=\"\"><\/p>\n<\/li>\n<li>\n<p>        <img decoding=\"async\" src=\"\/wp-content\/uploads\/2021\/11\/logo_portus_park.svg\" alt=\"\"><\/p>\n<\/li>\n<li>\n<p>        <img decoding=\"async\" src=\"\/wp-content\/uploads\/2021\/11\/logo_ratisbona.svg\" alt=\"\"><\/p>\n<\/li>\n<li>\n<p>        <img decoding=\"async\" src=\"\/wp-content\/uploads\/2021\/11\/logo_spintos.svg\" alt=\"\"><\/p>\n<\/li>\n<\/ul>\n<p><!--more--><br \/>\n<!-- {\"name\":\"Empresa\",\"type\":\"layout\",\"children\":[{\"name\":\"Hero\",\"type\":\"section\",\"props\":{\"style\":\"default\",\"width\":\"expand\",\"vertical_align\":\"middle\",\"title_position\":\"top-left\",\"title_rotation\":\"left\",\"title_breakpoint\":\"xl\",\"image_position\":\"center-center\",\"padding\":\"xlarge\",\"image\":\"wp-content\\\/uploads\\\/2021\\\/10\\\/clientes_mapa_mundo.svg\",\"title\":\"\",\"image_effect\":\"parallax\",\"image_parallax_bgy_start\":\"0\",\"image_parallax_bgy_end\":110,\"animation\":\"fade\",\"animation_delay\":\"200\",\"image_parallax_breakpoint\":\"l\",\"image_width\":\"1560\"},\"children\":[{\"name\":\"\",\"type\":\"row\",\"props\":{\"margin\":\"large\",\"match\":false,\"column_gap\":\"small\",\"row_gap\":\"small\"},\"children\":[{\"name\":\"\",\"type\":\"column\",\"props\":{\"image_position\":\"center-center\",\"image\":\"\",\"media_overlay_gradient\":\"\",\"width_medium\":\"1-1\"},\"children\":[{\"name\":\"\",\"type\":\"panel\",\"props\":{\"link_text\":\"Read more\",\"title_element\":\"h1\",\"meta_style\":\"meta\",\"meta_align\":\"below-title\",\"image_align\":\"top\",\"image_grid_width\":\"1-2\",\"link_style\":\"default\",\"margin\":\"default\",\"panel_style\":\"card-secondary\",\"title\":\"A PPSEC Engenharia mant\\u00e9m uma rela\\u00e7\\u00e3o transparente para com todos os seus clientes\",\"maxwidth\":\"xlarge\",\"title_style\":\"h2\",\"image_svg_color\":\"emphasis\",\"title_align\":\"top\",\"title_grid_width\":\"1-2\",\"title_hover_style\":\"reset\",\"title_grid_breakpoint\":\"m\",\"image_grid_breakpoint\":\"m\",\"icon_width\":80,\"meta_element\":\"div\",\"content_column_breakpoint\":\"m\"}}]}]}]},{\"name\":\"About\",\"type\":\"section\",\"props\":{\"width\":\"default\",\"padding\":\"large\",\"style\":\"default\",\"padding_remove_top\":false,\"image_size\":\"cover\",\"image_position\":\"center-center\",\"vertical_align\":\"middle\",\"title_position\":\"top-left\",\"title_rotation\":\"left\",\"title_breakpoint\":\"xl\",\"padding_remove_bottom\":false,\"animation_delay\":false},\"children\":[{\"type\":\"row\",\"children\":[{\"type\":\"column\",\"props\":{\"image_position\":\"center-center\",\"media_overlay_gradient\":\"\"},\"children\":[{\"type\":\"gallery\",\"props\":{\"show_title\":true,\"show_meta\":true,\"show_content\":true,\"show_link\":true,\"show_hover_image\":true,\"grid_default\":\"1\",\"grid_medium\":\"5\",\"filter_style\":\"tab\",\"filter_all\":true,\"filter_position\":\"top\",\"filter_align\":\"left\",\"filter_grid_width\":\"auto\",\"filter_grid_breakpoint\":\"m\",\"overlay_mode\":\"cover\",\"overlay_hover\":true,\"overlay_style\":\"overlay-primary\",\"text_color\":\"light\",\"overlay_position\":\"center\",\"overlay_transition\":\"fade\",\"title_hover_style\":\"reset\",\"title_element\":\"h3\",\"meta_style\":\"meta\",\"meta_align\":\"below-title\",\"meta_element\":\"div\",\"link_text\":\"Read more\",\"link_style\":\"default\",\"text_align\":\"center\",\"margin\":\"default\",\"item_animation\":true,\"grid_large\":\"5\"},\"children\":[{\"type\":\"gallery_item\",\"props\":{\"image\":\"wp-content\\\/uploads\\\/2021\\\/11\\\/logo_aca.svg\",\"image_alt\":\"Aca\"}},{\"type\":\"gallery_item\",\"props\":{\"image\":\"wp-content\\\/uploads\\\/2021\\\/11\\\/logo_aguas_portugal.svg\"}},{\"type\":\"gallery_item\",\"props\":{\"image\":\"wp-content\\\/uploads\\\/2021\\\/11\\\/logo_altice.svg\"}},{\"type\":\"gallery_item\",\"props\":{\"image\":\"wp-content\\\/uploads\\\/2021\\\/11\\\/logo_ambiafrica.svg\"}},{\"type\":\"gallery_item\",\"props\":{\"image\":\"wp-content\\\/uploads\\\/2021\\\/11\\\/logo_ambiagua.svg\"}},{\"type\":\"gallery_item\",\"props\":{\"image\":\"wp-content\\\/uploads\\\/2021\\\/11\\\/logo_angolaca.svg\"}},{\"type\":\"gallery_item\",\"props\":{\"image\":\"wp-content\\\/uploads\\\/2021\\\/11\\\/logo_costeira.svg\"}},{\"type\":\"gallery_item\",\"props\":{\"image\":\"wp-content\\\/uploads\\\/2021\\\/11\\\/logo_diverso1.svg\"}},{\"type\":\"gallery_item\",\"props\":{\"image\":\"wp-content\\\/uploads\\\/2021\\\/11\\\/logo_diverso2.svg\"}},{\"type\":\"gallery_item\",\"props\":{\"image\":\"wp-content\\\/uploads\\\/2021\\\/11\\\/logo_dst_group.svg\"}},{\"type\":\"gallery_item\",\"props\":{\"image\":\"wp-content\\\/uploads\\\/2021\\\/11\\\/logo_ferreira.svg\"}},{\"type\":\"gallery_item\",\"props\":{\"image\":\"wp-content\\\/uploads\\\/2021\\\/11\\\/logo_garcia_garcia.svg\"}},{\"type\":\"gallery_item\",\"props\":{\"image\":\"wp-content\\\/uploads\\\/2021\\\/11\\\/logo_guimaraes.svg\"}},{\"type\":\"gallery_item\",\"props\":{\"image\":\"wp-content\\\/uploads\\\/2021\\\/11\\\/logo_lidl.svg\"}},{\"type\":\"gallery_item\",\"props\":{\"image\":\"wp-content\\\/uploads\\\/2021\\\/11\\\/logo_min_angola-1.svg\"}},{\"type\":\"gallery_item\",\"props\":{\"image\":\"wp-content\\\/uploads\\\/2021\\\/11\\\/logo_mercadona-1.svg\"}},{\"type\":\"gallery_item\",\"props\":{\"image\":\"wp-content\\\/uploads\\\/2021\\\/11\\\/logo_mogadouro-1.svg\"}},{\"type\":\"gallery_item\",\"props\":{\"image\":\"wp-content\\\/uploads\\\/2021\\\/11\\\/logo_mondim.svg\"}},{\"type\":\"gallery_item\",\"props\":{\"image\":\"wp-content\\\/uploads\\\/2021\\\/11\\\/logo_mventura.svg\"}},{\"type\":\"gallery_item\",\"props\":{\"image\":\"wp-content\\\/uploads\\\/2021\\\/11\\\/logo_navigator.svg\"}},{\"type\":\"gallery_item\",\"props\":{\"image\":\"wp-content\\\/uploads\\\/2021\\\/11\\\/logo_porto_eng.svg\"}},{\"type\":\"gallery_item\",\"props\":{\"image\":\"wp-content\\\/uploads\\\/2021\\\/11\\\/logo_portus_park.svg\"}},{\"type\":\"gallery_item\",\"props\":{\"image\":\"wp-content\\\/uploads\\\/2021\\\/11\\\/logo_ratisbona.svg\"}},{\"type\":\"gallery_item\",\"props\":{\"image\":\"wp-content\\\/uploads\\\/2021\\\/11\\\/logo_spintos.svg\"}}]}]}]}]}],\"version\":\"2.6.9\"} --><\/p>\n","protected":false},"excerpt":{"rendered":"<p>A PPSEC Engenharia mant\u00e9m uma rela\u00e7\u00e3o transparente para com todos os seus clientes<\/p>\n","protected":false},"author":1,"featured_media":0,"parent":0,"menu_order":0,"comment_status":"closed","ping_status":"closed","template":"","meta":{"_acf_changed":false,"footnotes":""},"class_list":["post-1703","page","type-page","status-publish","hentry"],"acf":[],"yoast_head":"<!-- This site is optimized with the Yoast SEO plugin v27.4 - https:\/\/yoast.com\/product\/yoast-seo-wordpress\/ -->\r\n<title>Clientes - www.ppsec.pt<\/title>\r\n<meta name=\"robots\" content=\"index, follow, max-snippet:-1, max-image-preview:large, max-video-preview:-1\" \/>\r\n<link rel=\"canonical\" href=\"https:\/\/www.ppsec.pt\/index.php\/clientes\/\" \/>\r\n<meta property=\"og:locale\" content=\"pt_PT\" \/>\r\n<meta property=\"og:type\" content=\"article\" \/>\r\n<meta property=\"og:title\" content=\"Clientes - www.ppsec.pt\" \/>\r\n<meta property=\"og:description\" content=\"A PPSEC Engenharia mant\u00e9m uma rela\u00e7\u00e3o transparente para com todos os seus clientes\" \/>\r\n<meta property=\"og:url\" content=\"https:\/\/www.ppsec.pt\/index.php\/clientes\/\" \/>\r\n<meta property=\"og:site_name\" content=\"www.ppsec.pt\" \/>\r\n<meta property=\"article:publisher\" content=\"https:\/\/www.facebook.com\/ppsec.lda\" \/>\r\n<meta property=\"article:modified_time\" content=\"2021-11-03T17:47:18+00:00\" \/>\r\n<meta name=\"twitter:card\" content=\"summary_large_image\" \/>\r\n<script type=\"application\/ld+json\" class=\"yoast-schema-graph\">{\"@context\":\"https:\\\/\\\/schema.org\",\"@graph\":[{\"@type\":\"WebPage\",\"@id\":\"https:\\\/\\\/www.ppsec.pt\\\/index.php\\\/clientes\\\/\",\"url\":\"https:\\\/\\\/www.ppsec.pt\\\/index.php\\\/clientes\\\/\",\"name\":\"Clientes - www.ppsec.pt\",\"isPartOf\":{\"@id\":\"https:\\\/\\\/www.ppsec.pt\\\/#website\"},\"datePublished\":\"2021-10-29T15:16:49+00:00\",\"dateModified\":\"2021-11-03T17:47:18+00:00\",\"breadcrumb\":{\"@id\":\"https:\\\/\\\/www.ppsec.pt\\\/index.php\\\/clientes\\\/#breadcrumb\"},\"inLanguage\":\"pt-PT\",\"potentialAction\":[{\"@type\":\"ReadAction\",\"target\":[\"https:\\\/\\\/www.ppsec.pt\\\/index.php\\\/clientes\\\/\"]}]},{\"@type\":\"BreadcrumbList\",\"@id\":\"https:\\\/\\\/www.ppsec.pt\\\/index.php\\\/clientes\\\/#breadcrumb\",\"itemListElement\":[{\"@type\":\"ListItem\",\"position\":1,\"name\":\"In\u00edcio\",\"item\":\"https:\\\/\\\/www.ppsec.pt\\\/\"},{\"@type\":\"ListItem\",\"position\":2,\"name\":\"Clientes\"}]},{\"@type\":\"WebSite\",\"@id\":\"https:\\\/\\\/www.ppsec.pt\\\/#website\",\"url\":\"https:\\\/\\\/www.ppsec.pt\\\/\",\"name\":\"www.ppsec.pt\",\"description\":\"PPSEC Engenharia Civil\",\"publisher\":{\"@id\":\"https:\\\/\\\/www.ppsec.pt\\\/#organization\"},\"potentialAction\":[{\"@type\":\"SearchAction\",\"target\":{\"@type\":\"EntryPoint\",\"urlTemplate\":\"https:\\\/\\\/www.ppsec.pt\\\/?s={search_term_string}\"},\"query-input\":{\"@type\":\"PropertyValueSpecification\",\"valueRequired\":true,\"valueName\":\"search_term_string\"}}],\"inLanguage\":\"pt-PT\"},{\"@type\":\"Organization\",\"@id\":\"https:\\\/\\\/www.ppsec.pt\\\/#organization\",\"name\":\"PPSEC\",\"url\":\"https:\\\/\\\/www.ppsec.pt\\\/\",\"logo\":{\"@type\":\"ImageObject\",\"inLanguage\":\"pt-PT\",\"@id\":\"https:\\\/\\\/www.ppsec.pt\\\/#\\\/schema\\\/logo\\\/image\\\/\",\"url\":\"http:\\\/\\\/www.ppsec.pt\\\/wp-content\\\/uploads\\\/2021\\\/01\\\/LOGO_PPSEC_PT.jpg\",\"contentUrl\":\"http:\\\/\\\/www.ppsec.pt\\\/wp-content\\\/uploads\\\/2021\\\/01\\\/LOGO_PPSEC_PT.jpg\",\"width\":1465,\"height\":366,\"caption\":\"PPSEC\"},\"image\":{\"@id\":\"https:\\\/\\\/www.ppsec.pt\\\/#\\\/schema\\\/logo\\\/image\\\/\"},\"sameAs\":[\"https:\\\/\\\/www.facebook.com\\\/ppsec.lda\"]}]}<\/script>\r\n<!-- \/ Yoast SEO plugin. -->","yoast_head_json":{"title":"Clientes - www.ppsec.pt","robots":{"index":"index","follow":"follow","max-snippet":"max-snippet:-1","max-image-preview":"max-image-preview:large","max-video-preview":"max-video-preview:-1"},"canonical":"https:\/\/www.ppsec.pt\/index.php\/clientes\/","og_locale":"pt_PT","og_type":"article","og_title":"Clientes - www.ppsec.pt","og_description":"A PPSEC Engenharia mant\u00e9m uma rela\u00e7\u00e3o transparente para com todos os seus clientes","og_url":"https:\/\/www.ppsec.pt\/index.php\/clientes\/","og_site_name":"www.ppsec.pt","article_publisher":"https:\/\/www.facebook.com\/ppsec.lda","article_modified_time":"2021-11-03T17:47:18+00:00","twitter_card":"summary_large_image","schema":{"@context":"https:\/\/schema.org","@graph":[{"@type":"WebPage","@id":"https:\/\/www.ppsec.pt\/index.php\/clientes\/","url":"https:\/\/www.ppsec.pt\/index.php\/clientes\/","name":"Clientes - www.ppsec.pt","isPartOf":{"@id":"https:\/\/www.ppsec.pt\/#website"},"datePublished":"2021-10-29T15:16:49+00:00","dateModified":"2021-11-03T17:47:18+00:00","breadcrumb":{"@id":"https:\/\/www.ppsec.pt\/index.php\/clientes\/#breadcrumb"},"inLanguage":"pt-PT","potentialAction":[{"@type":"ReadAction","target":["https:\/\/www.ppsec.pt\/index.php\/clientes\/"]}]},{"@type":"BreadcrumbList","@id":"https:\/\/www.ppsec.pt\/index.php\/clientes\/#breadcrumb","itemListElement":[{"@type":"ListItem","position":1,"name":"In\u00edcio","item":"https:\/\/www.ppsec.pt\/"},{"@type":"ListItem","position":2,"name":"Clientes"}]},{"@type":"WebSite","@id":"https:\/\/www.ppsec.pt\/#website","url":"https:\/\/www.ppsec.pt\/","name":"www.ppsec.pt","description":"PPSEC Engenharia Civil","publisher":{"@id":"https:\/\/www.ppsec.pt\/#organization"},"potentialAction":[{"@type":"SearchAction","target":{"@type":"EntryPoint","urlTemplate":"https:\/\/www.ppsec.pt\/?s={search_term_string}"},"query-input":{"@type":"PropertyValueSpecification","valueRequired":true,"valueName":"search_term_string"}}],"inLanguage":"pt-PT"},{"@type":"Organization","@id":"https:\/\/www.ppsec.pt\/#organization","name":"PPSEC","url":"https:\/\/www.ppsec.pt\/","logo":{"@type":"ImageObject","inLanguage":"pt-PT","@id":"https:\/\/www.ppsec.pt\/#\/schema\/logo\/image\/","url":"http:\/\/www.ppsec.pt\/wp-content\/uploads\/2021\/01\/LOGO_PPSEC_PT.jpg","contentUrl":"http:\/\/www.ppsec.pt\/wp-content\/uploads\/2021\/01\/LOGO_PPSEC_PT.jpg","width":1465,"height":366,"caption":"PPSEC"},"image":{"@id":"https:\/\/www.ppsec.pt\/#\/schema\/logo\/image\/"},"sameAs":["https:\/\/www.facebook.com\/ppsec.lda"]}]}},"_links":{"self":[{"href":"https:\/\/www.ppsec.pt\/index.php\/wp-json\/wp\/v2\/pages\/1703","targetHints":{"allow":["GET"]}}],"collection":[{"href":"https:\/\/www.ppsec.pt\/index.php\/wp-json\/wp\/v2\/pages"}],"about":[{"href":"https:\/\/www.ppsec.pt\/index.php\/wp-json\/wp\/v2\/types\/page"}],"author":[{"embeddable":true,"href":"https:\/\/www.ppsec.pt\/index.php\/wp-json\/wp\/v2\/users\/1"}],"replies":[{"embeddable":true,"href":"https:\/\/www.ppsec.pt\/index.php\/wp-json\/wp\/v2\/comments?post=1703"}],"version-history":[{"count":52,"href":"https:\/\/www.ppsec.pt\/index.php\/wp-json\/wp\/v2\/pages\/1703\/revisions"}],"predecessor-version":[{"id":1869,"href":"https:\/\/www.ppsec.pt\/index.php\/wp-json\/wp\/v2\/pages\/1703\/revisions\/1869"}],"wp:attachment":[{"href":"https:\/\/www.ppsec.pt\/index.php\/wp-json\/wp\/v2\/media?parent=1703"}],"curies":[{"name":"wp","href":"https:\/\/api.w.org\/{rel}","templated":true}]}}