{"id":1502,"date":"2021-07-20T15:20:12","date_gmt":"2021-07-20T15:20:12","guid":{"rendered":"https:\/\/www.ppsec.pt\/?page_id=1502"},"modified":"2021-11-03T15:16:36","modified_gmt":"2021-11-03T15:16:36","slug":"edificios-empresariais","status":"publish","type":"page","link":"https:\/\/www.ppsec.pt\/index.php\/projectos\/edificios-empresariais\/","title":{"rendered":"Edif\u00edcios Empresariais"},"content":{"rendered":"<div>\n<h1>Projectos de Edif\u00edcios<\/h1>\n<div>\n<p>EDIF\u00cdCIOS EMPRESARIAIS<\/p>\n<\/div>\n<\/div>\n<ul>\n<li>\n<p>        <img decoding=\"async\" src=\"\/wp-content\/uploads\/2021\/07\/hotel_nautic.svg\" alt=\"\"><\/p>\n<h2>Hotel Nautic Nature<\/h2>\n<div>\n<p>O Hotel ser\u00e1 constru\u00eddo na Av. da Republica em Matosinhos, perto do Terminal de Cruzeiros do Porto de Leix\u00f5es. O projecto do edif\u00edcio est\u00e1 em fase de estudo pr\u00e9vio, tendo-se optado por uma forma arquitect\u00f3nica arrojada que pretende dar continuidade \u00e0 forma diferenciadora implementada no Terminal de Cruzeiros.<\/p>\n<\/div>\n<\/li>\n<li>\n<p>        <img decoding=\"async\" src=\"\/wp-content\/uploads\/2021\/07\/lidl_fm.svg\" alt=\"\"><\/p>\n<h2>Com\u00e9rcio \/ Retalho<\/h2>\n<div>\n<p>Porto<\/p>\n<\/div>\n<\/li>\n<li>\n<p>        <img decoding=\"async\" src=\"\/wp-content\/uploads\/2021\/07\/hotel_trancoso.svg\" alt=\"\"><\/p>\n<h2>Hotel Trancoso<\/h2>\n<div>\n<p>O projecto do Hotel Turismo de Trancoso foi realizado em 2003. Trata-se de um edif\u00edcio de linhas arquitect\u00f3nicas contempor\u00e2neas, inserido no conjunto arquitect\u00f3nico onde de casam perfeitamente a Hist\u00f3ria do Passado e do Presente. A curta dist\u00e2ncia do centro Hist\u00f3rico de Trancoso, \u00e9 constitu\u00eddo por: 49 Quartos; 4 Suites; Bar, Piscina interior climatizada, Gin\u00e1sio, Banho Turco, Sauna, Salas de Reuni\u00f5es, Sal\u00f5es de Banquetes e Jardim interior.<\/p>\n<\/div>\n<\/li>\n<li>\n<p>        <img decoding=\"async\" src=\"\/wp-content\/uploads\/2021\/07\/perdiganito.svg\" alt=\"\"><\/p>\n<h2>Hotel Perdiganito<\/h2>\n<div>\n<p>Este equipamento hoteleiro foi projectado em 2004 e localiza-se na freguesia de Nossa Senhora de Machede, concelho de \u00c9vora, junto \u00e0 albufeira da barragem de Monte Novo. O conjunto \u00e9 constitu\u00eddo por um Aparthotel com cerca de 6000 m2, com restaurante e balne\u00e1rio, 10 moradias unifamiliares da tipologia T2 e 10 moradias unifamiliares da tipologia T3.<\/p>\n<\/div>\n<\/li>\n<li>\n<p>        <img decoding=\"async\" src=\"\/wp-content\/uploads\/2021\/07\/residencia_universitaria.svg\" alt=\"\"><\/p>\n<h2>Resid\u00eancia Universit\u00e1ria<\/h2>\n<div>\n<p>Empreendimento hoteleiro situado junto ao campus universit\u00e1rio da cidade do Porto. O Empreendimento \u00e9 constitu\u00eddo por um total de oito pisos acima do solo e dois pisos subterr\u00e2neos. O empreendimento disp\u00f5e de um edif\u00edcio de apoio com dois pisos acima do solo, que oferece, entre outros, gin\u00e1sio, zona de restaura\u00e7\u00e3o, loja de conveni\u00eancia e SPA. A \u00e1rea de desenvolvimento \u00e9 de cerca de 14500 m\u00b2.<\/p>\n<\/div>\n<\/li>\n<li>\n<p>        <img decoding=\"async\" src=\"\/wp-content\/uploads\/2021\/07\/mercadona.svg\" alt=\"\"><\/p>\n<h2>Com\u00e9rcio \/ Retalho<\/h2>\n<div>\n<p>Ermesinde<\/p>\n<\/div>\n<p><a href=\"https:\/\/www.ppsec.pt\">Read more<\/a><\/p>\n<\/li>\n<\/ul>\n<p><!--more--><br \/>\n<!-- {\"name\":\"Projectos\",\"type\":\"layout\",\"children\":[{\"name\":\"Hero\",\"type\":\"section\",\"props\":{\"width\":\"default\",\"padding\":\"xlarge\",\"style\":\"default\",\"text_color\":\"light\",\"media\":\"images\\\/service-header.jpg\",\"image\":\"\",\"image_size\":\"cover\",\"image_position\":\"center-center\",\"vertical_align\":\"middle\",\"title_position\":\"top-left\",\"title_rotation\":\"left\",\"title_breakpoint\":\"xl\",\"video\":\"wp-content\\\/uploads\\\/2021\\\/07\\\/video_02.mp4\",\"height\":\"section\",\"media_background\":\"rgba(30, 76, 132, 0.7)\",\"media_blend_mode\":\"multiply\",\"media_overlay\":\"rgba(30, 76, 132, 0.7)\",\"video_fallback\":\"\"},\"children\":[{\"name\":\"\",\"type\":\"row\",\"props\":{\"layout\":\"1-2,1-2\",\"width\":\"default\",\"column_gap\":\"small\",\"row_gap\":\"small\"},\"children\":[{\"name\":\"\",\"type\":\"column\",\"props\":{\"image_position\":\"center-center\",\"width_medium\":\"1-2\",\"media_overlay_gradient\":\"\"},\"children\":[{\"name\":\"\",\"type\":\"panel\",\"props\":{\"link_text\":\"Read more\",\"title_element\":\"h1\",\"meta_style\":\"meta\",\"meta_align\":\"below-title\",\"image_align\":\"top\",\"image_grid_width\":\"1-2\",\"link_style\":\"default\",\"margin\":\"medium\",\"content\":\"\n\n<p>EDIF\\u00cdCIOS EMPRESARIAIS<\\\/p>\",\"title\":\"Projectos de Edif\\u00edcios\",\"maxwidth\":\"large\",\"image_grid_breakpoint\":\"m\",\"icon_width\":80,\"title_hover_style\":\"reset\",\"title_align\":\"top\",\"title_grid_width\":\"1-2\",\"title_grid_breakpoint\":\"m\",\"meta_element\":\"div\",\"content_column_breakpoint\":\"m\",\"image_svg_color\":\"emphasis\"}}]},{\"name\":\"\",\"type\":\"column\",\"props\":{\"image_position\":\"center-center\",\"width_medium\":\"1-2\",\"media_overlay_gradient\":\"\"}}]}]},{\"name\":\"Projectos\",\"type\":\"section\",\"props\":{\"style\":\"default\",\"width\":\"default\",\"vertical_align\":\"middle\",\"title_position\":\"top-left\",\"title_rotation\":\"left\",\"title_breakpoint\":\"xl\",\"image_position\":\"center-center\",\"padding\":\"large\",\"animation\":\"slide-top-small\",\"animation_delay\":false},\"children\":[{\"type\":\"row\",\"children\":[{\"type\":\"column\",\"props\":{\"image_position\":\"center-center\",\"media_overlay_gradient\":\"\"},\"children\":[{\"type\":\"grid\",\"props\":{\"show_title\":true,\"show_meta\":true,\"show_content\":true,\"show_image\":true,\"show_link\":false,\"grid_default\":\"1\",\"grid_medium\":\"\",\"filter_style\":\"tab\",\"filter_all\":true,\"filter_position\":\"top\",\"filter_align\":\"left\",\"filter_grid_width\":\"auto\",\"filter_grid_breakpoint\":\"m\",\"title_hover_style\":\"reset\",\"title_element\":\"h2\",\"title_align\":\"top\",\"title_grid_width\":\"1-2\",\"title_grid_breakpoint\":\"m\",\"meta_style\":\"heading-medium\",\"meta_align\":\"above-title\",\"meta_element\":\"div\",\"content_column_breakpoint\":\"m\",\"icon_width\":80,\"image_align\":\"right\",\"image_grid_width\":\"2-3\",\"image_grid_breakpoint\":\"m\",\"image_svg_color\":\"emphasis\",\"link_text\":\"Read more\",\"link_style\":\"\",\"margin\":\"default\",\"item_animation\":true,\"meta_color\":\"muted\",\"image_grid_column_gap\":\"large\",\"image_grid_row_gap\":\"large\",\"grid_row_gap\":\"large\",\"title_margin\":\"small\",\"image_width\":\"920\",\"title_style\":\"h3\",\"title_link\":true,\"image_link\":true,\"grid_masonry\":false,\"grid_divider\":true},\"children\":[{\"type\":\"grid_item\",\"props\":{\"title\":\"Hotel Nautic Nature\",\"image\":\"wp-content\\\/uploads\\\/2021\\\/07\\\/hotel_nautic.svg\",\"content\":\"\n\n<p>O Hotel ser\\u00e1 constru\\u00eddo na Av. da Republica em Matosinhos, perto do Terminal de Cruzeiros do Porto de Leix\\u00f5es. O projecto do edif\\u00edcio est\\u00e1 em fase de estudo pr\\u00e9vio, tendo-se optado por uma forma arquitect\\u00f3nica arrojada que pretende dar continuidade \\u00e0 forma diferenciadora implementada no Terminal de Cruzeiros.<\\\/p>\"}},{\"type\":\"grid_item\",\"props\":{\"title\":\"Com\\u00e9rcio \\\/ Retalho\",\"content\":\"\n\n<p>Porto<\\\/p>\",\"image\":\"wp-content\\\/uploads\\\/2021\\\/07\\\/lidl_fm.svg\"}},{\"type\":\"grid_item\",\"props\":{\"title\":\"Hotel Trancoso\",\"meta\":\"\",\"content\":\"\n\n<p>O projecto do Hotel Turismo de Trancoso foi realizado em 2003. Trata-se de um edif\\u00edcio de linhas arquitect\\u00f3nicas contempor\\u00e2neas, inserido no conjunto arquitect\\u00f3nico onde de casam perfeitamente a Hist\\u00f3ria do Passado e do Presente. A curta dist\\u00e2ncia do centro Hist\\u00f3rico de Trancoso, \\u00e9 constitu\\u00eddo por: 49 Quartos; 4 Suites; Bar, Piscina interior climatizada, Gin\\u00e1sio, Banho Turco, Sauna, Salas de Reuni\\u00f5es, Sal\\u00f5es de Banquetes e Jardim interior.<\\\/p>\",\"image\":\"wp-content\\\/uploads\\\/2021\\\/07\\\/hotel_trancoso.svg\"}},{\"type\":\"grid_item\",\"props\":{\"title\":\"Hotel Perdiganito\",\"image\":\"wp-content\\\/uploads\\\/2021\\\/07\\\/perdiganito.svg\",\"content\":\"\n\n<p>Este equipamento hoteleiro foi projectado em 2004 e localiza-se na freguesia de Nossa Senhora de Machede, concelho de \\u00c9vora, junto \\u00e0 albufeira da barragem de Monte Novo. O conjunto \\u00e9 constitu\\u00eddo por um Aparthotel com cerca de 6000 m2, com restaurante e balne\\u00e1rio, 10 moradias unifamiliares da tipologia T2 e 10 moradias unifamiliares da tipologia T3.<\\\/p>\"}},{\"type\":\"grid_item\",\"props\":{\"title\":\"Resid\\u00eancia Universit\\u00e1ria\",\"content\":\"\n\n<p>Empreendimento hoteleiro situado junto ao campus universit\\u00e1rio da cidade do Porto. O Empreendimento \\u00e9 constitu\\u00eddo por um total de oito pisos acima do solo e dois pisos subterr\\u00e2neos. O empreendimento disp\\u00f5e de um edif\\u00edcio de apoio com dois pisos acima do solo, que oferece, entre outros, gin\\u00e1sio, zona de restaura\\u00e7\\u00e3o, loja de conveni\\u00eancia e SPA. A \\u00e1rea de desenvolvimento \\u00e9 de cerca de 14500 m\\u00b2.<\\\/p>\",\"image\":\"wp-content\\\/uploads\\\/2021\\\/07\\\/residencia_universitaria.svg\"}},{\"type\":\"grid_item\",\"props\":{\"image\":\"wp-content\\\/uploads\\\/2021\\\/07\\\/mercadona.svg\",\"title\":\"Com\\u00e9rcio \\\/ Retalho\",\"meta\":\"\",\"content\":\"\n\n<p>Ermesinde<\\\/p>\",\"link\":\"https:\\\/\\\/www.ppsec.pt\"}}]}]}]}]}],\"version\":\"2.6.9\"} --><\/p>\n","protected":false},"excerpt":{"rendered":"<p>Projectos de Edif\u00edcios EDIF\u00cdCIOS EMPRESARIAIS Hotel Nautic Nature O Hotel ser\u00e1 constru\u00eddo na Av. da Republica em Matosinhos, perto do Terminal de Cruzeiros do Porto de Leix\u00f5es. O projecto do edif\u00edcio est\u00e1 em fase de estudo pr\u00e9vio, tendo-se optado por uma forma arquitect\u00f3nica arrojada que pretende dar continuidade \u00e0 forma diferenciadora implementada no Terminal de [&hellip;]<\/p>\n","protected":false},"author":1,"featured_media":0,"parent":6,"menu_order":0,"comment_status":"closed","ping_status":"closed","template":"","meta":{"_acf_changed":false,"footnotes":""},"class_list":["post-1502","page","type-page","status-publish","hentry"],"acf":[],"yoast_head":"<!-- This site is optimized with the Yoast SEO plugin v27.3 - https:\/\/yoast.com\/product\/yoast-seo-wordpress\/ -->\r\n<title>Edif\u00edcios Empresariais - www.ppsec.pt<\/title>\r\n<meta name=\"robots\" content=\"index, follow, max-snippet:-1, max-image-preview:large, max-video-preview:-1\" \/>\r\n<link rel=\"canonical\" href=\"https:\/\/www.ppsec.pt\/index.php\/projectos\/edificios-empresariais\/\" \/>\r\n<meta property=\"og:locale\" content=\"pt_PT\" \/>\r\n<meta property=\"og:type\" content=\"article\" \/>\r\n<meta property=\"og:title\" content=\"Edif\u00edcios Empresariais - www.ppsec.pt\" \/>\r\n<meta property=\"og:description\" content=\"Projectos de Edif\u00edcios EDIF\u00cdCIOS EMPRESARIAIS Hotel Nautic Nature O Hotel ser\u00e1 constru\u00eddo na Av. da Republica em Matosinhos, perto do Terminal de Cruzeiros do Porto de Leix\u00f5es. O projecto do edif\u00edcio est\u00e1 em fase de estudo pr\u00e9vio, tendo-se optado por uma forma arquitect\u00f3nica arrojada que pretende dar continuidade \u00e0 forma diferenciadora implementada no Terminal de [&hellip;]\" \/>\r\n<meta property=\"og:url\" content=\"https:\/\/www.ppsec.pt\/index.php\/projectos\/edificios-empresariais\/\" \/>\r\n<meta property=\"og:site_name\" content=\"www.ppsec.pt\" \/>\r\n<meta property=\"article:publisher\" content=\"https:\/\/www.facebook.com\/ppsec.lda\" \/>\r\n<meta property=\"article:modified_time\" content=\"2021-11-03T15:16:36+00:00\" \/>\r\n<meta name=\"twitter:card\" content=\"summary_large_image\" \/>\r\n<meta name=\"twitter:label1\" content=\"Tempo estimado de leitura\" \/>\n\t<meta name=\"twitter:data1\" content=\"1 minuto\" \/>\r\n<script type=\"application\/ld+json\" class=\"yoast-schema-graph\">{\"@context\":\"https:\\\/\\\/schema.org\",\"@graph\":[{\"@type\":\"WebPage\",\"@id\":\"https:\\\/\\\/www.ppsec.pt\\\/index.php\\\/projectos\\\/edificios-empresariais\\\/\",\"url\":\"https:\\\/\\\/www.ppsec.pt\\\/index.php\\\/projectos\\\/edificios-empresariais\\\/\",\"name\":\"Edif\u00edcios Empresariais - www.ppsec.pt\",\"isPartOf\":{\"@id\":\"https:\\\/\\\/www.ppsec.pt\\\/#website\"},\"datePublished\":\"2021-07-20T15:20:12+00:00\",\"dateModified\":\"2021-11-03T15:16:36+00:00\",\"breadcrumb\":{\"@id\":\"https:\\\/\\\/www.ppsec.pt\\\/index.php\\\/projectos\\\/edificios-empresariais\\\/#breadcrumb\"},\"inLanguage\":\"pt-PT\",\"potentialAction\":[{\"@type\":\"ReadAction\",\"target\":[\"https:\\\/\\\/www.ppsec.pt\\\/index.php\\\/projectos\\\/edificios-empresariais\\\/\"]}]},{\"@type\":\"BreadcrumbList\",\"@id\":\"https:\\\/\\\/www.ppsec.pt\\\/index.php\\\/projectos\\\/edificios-empresariais\\\/#breadcrumb\",\"itemListElement\":[{\"@type\":\"ListItem\",\"position\":1,\"name\":\"In\u00edcio\",\"item\":\"https:\\\/\\\/www.ppsec.pt\\\/\"},{\"@type\":\"ListItem\",\"position\":2,\"name\":\"Projectos\",\"item\":\"https:\\\/\\\/www.ppsec.pt\\\/index.php\\\/projectos\\\/\"},{\"@type\":\"ListItem\",\"position\":3,\"name\":\"Edif\u00edcios Empresariais\"}]},{\"@type\":\"WebSite\",\"@id\":\"https:\\\/\\\/www.ppsec.pt\\\/#website\",\"url\":\"https:\\\/\\\/www.ppsec.pt\\\/\",\"name\":\"www.ppsec.pt\",\"description\":\"PPSEC Engenharia Civil\",\"publisher\":{\"@id\":\"https:\\\/\\\/www.ppsec.pt\\\/#organization\"},\"potentialAction\":[{\"@type\":\"SearchAction\",\"target\":{\"@type\":\"EntryPoint\",\"urlTemplate\":\"https:\\\/\\\/www.ppsec.pt\\\/?s={search_term_string}\"},\"query-input\":{\"@type\":\"PropertyValueSpecification\",\"valueRequired\":true,\"valueName\":\"search_term_string\"}}],\"inLanguage\":\"pt-PT\"},{\"@type\":\"Organization\",\"@id\":\"https:\\\/\\\/www.ppsec.pt\\\/#organization\",\"name\":\"PPSEC\",\"url\":\"https:\\\/\\\/www.ppsec.pt\\\/\",\"logo\":{\"@type\":\"ImageObject\",\"inLanguage\":\"pt-PT\",\"@id\":\"https:\\\/\\\/www.ppsec.pt\\\/#\\\/schema\\\/logo\\\/image\\\/\",\"url\":\"http:\\\/\\\/www.ppsec.pt\\\/wp-content\\\/uploads\\\/2021\\\/01\\\/LOGO_PPSEC_PT.jpg\",\"contentUrl\":\"http:\\\/\\\/www.ppsec.pt\\\/wp-content\\\/uploads\\\/2021\\\/01\\\/LOGO_PPSEC_PT.jpg\",\"width\":1465,\"height\":366,\"caption\":\"PPSEC\"},\"image\":{\"@id\":\"https:\\\/\\\/www.ppsec.pt\\\/#\\\/schema\\\/logo\\\/image\\\/\"},\"sameAs\":[\"https:\\\/\\\/www.facebook.com\\\/ppsec.lda\"]}]}<\/script>\r\n<!-- \/ Yoast SEO plugin. -->","yoast_head_json":{"title":"Edif\u00edcios Empresariais - www.ppsec.pt","robots":{"index":"index","follow":"follow","max-snippet":"max-snippet:-1","max-image-preview":"max-image-preview:large","max-video-preview":"max-video-preview:-1"},"canonical":"https:\/\/www.ppsec.pt\/index.php\/projectos\/edificios-empresariais\/","og_locale":"pt_PT","og_type":"article","og_title":"Edif\u00edcios Empresariais - www.ppsec.pt","og_description":"Projectos de Edif\u00edcios EDIF\u00cdCIOS EMPRESARIAIS Hotel Nautic Nature O Hotel ser\u00e1 constru\u00eddo na Av. da Republica em Matosinhos, perto do Terminal de Cruzeiros do Porto de Leix\u00f5es. O projecto do edif\u00edcio est\u00e1 em fase de estudo pr\u00e9vio, tendo-se optado por uma forma arquitect\u00f3nica arrojada que pretende dar continuidade \u00e0 forma diferenciadora implementada no Terminal de [&hellip;]","og_url":"https:\/\/www.ppsec.pt\/index.php\/projectos\/edificios-empresariais\/","og_site_name":"www.ppsec.pt","article_publisher":"https:\/\/www.facebook.com\/ppsec.lda","article_modified_time":"2021-11-03T15:16:36+00:00","twitter_card":"summary_large_image","twitter_misc":{"Tempo estimado de leitura":"1 minuto"},"schema":{"@context":"https:\/\/schema.org","@graph":[{"@type":"WebPage","@id":"https:\/\/www.ppsec.pt\/index.php\/projectos\/edificios-empresariais\/","url":"https:\/\/www.ppsec.pt\/index.php\/projectos\/edificios-empresariais\/","name":"Edif\u00edcios Empresariais - www.ppsec.pt","isPartOf":{"@id":"https:\/\/www.ppsec.pt\/#website"},"datePublished":"2021-07-20T15:20:12+00:00","dateModified":"2021-11-03T15:16:36+00:00","breadcrumb":{"@id":"https:\/\/www.ppsec.pt\/index.php\/projectos\/edificios-empresariais\/#breadcrumb"},"inLanguage":"pt-PT","potentialAction":[{"@type":"ReadAction","target":["https:\/\/www.ppsec.pt\/index.php\/projectos\/edificios-empresariais\/"]}]},{"@type":"BreadcrumbList","@id":"https:\/\/www.ppsec.pt\/index.php\/projectos\/edificios-empresariais\/#breadcrumb","itemListElement":[{"@type":"ListItem","position":1,"name":"In\u00edcio","item":"https:\/\/www.ppsec.pt\/"},{"@type":"ListItem","position":2,"name":"Projectos","item":"https:\/\/www.ppsec.pt\/index.php\/projectos\/"},{"@type":"ListItem","position":3,"name":"Edif\u00edcios Empresariais"}]},{"@type":"WebSite","@id":"https:\/\/www.ppsec.pt\/#website","url":"https:\/\/www.ppsec.pt\/","name":"www.ppsec.pt","description":"PPSEC Engenharia Civil","publisher":{"@id":"https:\/\/www.ppsec.pt\/#organization"},"potentialAction":[{"@type":"SearchAction","target":{"@type":"EntryPoint","urlTemplate":"https:\/\/www.ppsec.pt\/?s={search_term_string}"},"query-input":{"@type":"PropertyValueSpecification","valueRequired":true,"valueName":"search_term_string"}}],"inLanguage":"pt-PT"},{"@type":"Organization","@id":"https:\/\/www.ppsec.pt\/#organization","name":"PPSEC","url":"https:\/\/www.ppsec.pt\/","logo":{"@type":"ImageObject","inLanguage":"pt-PT","@id":"https:\/\/www.ppsec.pt\/#\/schema\/logo\/image\/","url":"http:\/\/www.ppsec.pt\/wp-content\/uploads\/2021\/01\/LOGO_PPSEC_PT.jpg","contentUrl":"http:\/\/www.ppsec.pt\/wp-content\/uploads\/2021\/01\/LOGO_PPSEC_PT.jpg","width":1465,"height":366,"caption":"PPSEC"},"image":{"@id":"https:\/\/www.ppsec.pt\/#\/schema\/logo\/image\/"},"sameAs":["https:\/\/www.facebook.com\/ppsec.lda"]}]}},"_links":{"self":[{"href":"https:\/\/www.ppsec.pt\/index.php\/wp-json\/wp\/v2\/pages\/1502","targetHints":{"allow":["GET"]}}],"collection":[{"href":"https:\/\/www.ppsec.pt\/index.php\/wp-json\/wp\/v2\/pages"}],"about":[{"href":"https:\/\/www.ppsec.pt\/index.php\/wp-json\/wp\/v2\/types\/page"}],"author":[{"embeddable":true,"href":"https:\/\/www.ppsec.pt\/index.php\/wp-json\/wp\/v2\/users\/1"}],"replies":[{"embeddable":true,"href":"https:\/\/www.ppsec.pt\/index.php\/wp-json\/wp\/v2\/comments?post=1502"}],"version-history":[{"count":28,"href":"https:\/\/www.ppsec.pt\/index.php\/wp-json\/wp\/v2\/pages\/1502\/revisions"}],"predecessor-version":[{"id":1806,"href":"https:\/\/www.ppsec.pt\/index.php\/wp-json\/wp\/v2\/pages\/1502\/revisions\/1806"}],"up":[{"embeddable":true,"href":"https:\/\/www.ppsec.pt\/index.php\/wp-json\/wp\/v2\/pages\/6"}],"wp:attachment":[{"href":"https:\/\/www.ppsec.pt\/index.php\/wp-json\/wp\/v2\/media?parent=1502"}],"curies":[{"name":"wp","href":"https:\/\/api.w.org\/{rel}","templated":true}]}}