{"id":1474,"date":"2021-07-20T14:03:53","date_gmt":"2021-07-20T14:03:53","guid":{"rendered":"https:\/\/www.ppsec.pt\/?page_id=1474"},"modified":"2021-11-03T17:50:55","modified_gmt":"2021-11-03T17:50:55","slug":"edificios-residenciais","status":"publish","type":"page","link":"https:\/\/www.ppsec.pt\/index.php\/projectos\/edificios-residenciais\/","title":{"rendered":"Edif\u00edcios Residenciais"},"content":{"rendered":"<div>\n<h1>Projectos de Edif\u00edcios<\/h1>\n<div>\n<p>EDIF\u00cdCIOS RESIDENCIAIS<\/p>\n<\/div>\n<\/div>\n<ul>\n<li>\n<p>        <img decoding=\"async\" src=\"\/wp-content\/uploads\/2021\/07\/moradia_unifamiliar_maia.svg\" alt=\"\"><\/p>\n<h2>Moradia Familiar<\/h2>\n<div>\n<p>\u00a0Maia \u2013 Portugal<\/p>\n<\/div>\n<p><a href=\"https:\/\/www.ppsec.pt\">Read more<\/a><\/p>\n<\/li>\n<li>\n<p>        <img decoding=\"async\" src=\"\/wp-content\/uploads\/2021\/07\/moradia_maia_2.svg\" alt=\"\"><\/p>\n<h2>Moradia Familiar<\/h2>\n<div>\n<p>Maia \u2013 Portugal<\/p>\n<\/div>\n<p><a href=\"https:\/\/www.ppsec.pt\">Read more<\/a><\/p>\n<\/li>\n<li>\n<p>        <img decoding=\"async\" src=\"\/wp-content\/uploads\/2021\/07\/moradia_porto.svg\" alt=\"\"><\/p>\n<h2>Moradia Familiar<\/h2>\n<div>\n<p>Porto \u2013 Portugal<\/p>\n<\/div>\n<p><a href=\"https:\/\/www.ppsec.pt\">Read more<\/a><\/p>\n<\/li>\n<li>\n<p>        <img decoding=\"async\" src=\"\/wp-content\/uploads\/2021\/07\/gana.svg\" alt=\"\"><\/p>\n<h2>Habita\u00e7\u00e3o Social<\/h2>\n<div>\n<p>Gana<\/p>\n<\/div>\n<\/li>\n<\/ul>\n<p><!--more--><br \/>\n<!-- {\"name\":\"Projectos\",\"type\":\"layout\",\"children\":[{\"name\":\"Hero\",\"type\":\"section\",\"props\":{\"width\":\"default\",\"padding\":\"xlarge\",\"style\":\"default\",\"text_color\":\"light\",\"media\":\"images\\\/service-header.jpg\",\"image\":\"\",\"image_size\":\"cover\",\"image_position\":\"center-center\",\"vertical_align\":\"middle\",\"title_position\":\"top-left\",\"title_rotation\":\"left\",\"title_breakpoint\":\"xl\",\"video\":\"wp-content\\\/uploads\\\/2021\\\/07\\\/video_01.mp4\",\"height\":\"section\",\"media_background\":\"rgba(55, 82, 170, 0.9)\",\"media_blend_mode\":\"multiply\",\"media_overlay\":\"rgba(30, 76, 132, 0.7)\",\"video_fallback\":\"\"},\"children\":[{\"name\":\"\",\"type\":\"row\",\"props\":{\"layout\":\"1-2,1-2\",\"width\":\"default\",\"column_gap\":\"small\",\"row_gap\":\"small\"},\"children\":[{\"name\":\"\",\"type\":\"column\",\"props\":{\"image_position\":\"center-center\",\"width_medium\":\"1-2\",\"media_overlay_gradient\":\"\"},\"children\":[{\"name\":\"\",\"type\":\"panel\",\"props\":{\"link_text\":\"Read more\",\"title_element\":\"h1\",\"meta_style\":\"meta\",\"meta_align\":\"below-title\",\"image_align\":\"top\",\"image_grid_width\":\"1-2\",\"link_style\":\"default\",\"margin\":\"medium\",\"content\":\"\n\n<p>EDIF\\u00cdCIOS RESIDENCIAIS<\\\/p>\",\"title\":\"Projectos de Edif\\u00edcios\",\"maxwidth\":\"large\",\"image_grid_breakpoint\":\"m\",\"icon_width\":80,\"title_hover_style\":\"reset\",\"title_align\":\"top\",\"title_grid_width\":\"1-2\",\"title_grid_breakpoint\":\"m\",\"meta_element\":\"div\",\"content_column_breakpoint\":\"m\",\"image_svg_color\":\"emphasis\"}}]},{\"name\":\"\",\"type\":\"column\",\"props\":{\"image_position\":\"center-center\",\"width_medium\":\"1-2\",\"media_overlay_gradient\":\"\"}}]}]},{\"name\":\"Projectos\",\"type\":\"section\",\"props\":{\"style\":\"default\",\"width\":\"default\",\"vertical_align\":\"middle\",\"title_position\":\"top-left\",\"title_rotation\":\"left\",\"title_breakpoint\":\"xl\",\"image_position\":\"center-center\",\"padding\":\"large\",\"animation\":\"slide-top-small\",\"animation_delay\":false},\"children\":[{\"type\":\"row\",\"children\":[{\"type\":\"column\",\"props\":{\"image_position\":\"center-center\",\"media_overlay_gradient\":\"\"},\"children\":[{\"type\":\"grid\",\"props\":{\"show_title\":true,\"show_meta\":true,\"show_content\":true,\"show_image\":true,\"show_link\":false,\"grid_default\":\"1\",\"grid_medium\":\"\",\"filter_style\":\"tab\",\"filter_all\":true,\"filter_position\":\"top\",\"filter_align\":\"left\",\"filter_grid_width\":\"auto\",\"filter_grid_breakpoint\":\"m\",\"title_hover_style\":\"reset\",\"title_element\":\"h2\",\"title_align\":\"top\",\"title_grid_width\":\"1-2\",\"title_grid_breakpoint\":\"m\",\"meta_style\":\"heading-medium\",\"meta_align\":\"above-title\",\"meta_element\":\"div\",\"content_column_breakpoint\":\"m\",\"icon_width\":80,\"image_align\":\"right\",\"image_grid_width\":\"2-3\",\"image_grid_breakpoint\":\"m\",\"image_svg_color\":\"emphasis\",\"link_text\":\"Read more\",\"link_style\":\"\",\"margin\":\"default\",\"item_animation\":true,\"meta_color\":\"muted\",\"image_grid_column_gap\":\"large\",\"image_grid_row_gap\":\"large\",\"grid_row_gap\":\"large\",\"title_margin\":\"small\",\"image_width\":\"920\",\"title_style\":\"h3\",\"title_link\":true,\"image_link\":true,\"grid_masonry\":false,\"grid_divider\":true},\"children\":[{\"type\":\"grid_item\",\"props\":{\"image\":\"wp-content\\\/uploads\\\/2021\\\/07\\\/moradia_unifamiliar_maia.svg\",\"title\":\"Moradia Familiar\",\"meta\":\"\",\"content\":\"\n\n<p>\\u00a0Maia \\u2013 Portugal<\\\/p>\",\"link\":\"https:\\\/\\\/www.ppsec.pt\"}},{\"type\":\"grid_item\",\"props\":{\"image\":\"wp-content\\\/uploads\\\/2021\\\/07\\\/moradia_maia_2.svg\",\"title\":\"Moradia Familiar\",\"meta\":\"\",\"content\":\"\n\n<p>Maia \\u2013 Portugal<\\\/p>\",\"link\":\"https:\\\/\\\/www.ppsec.pt\"}},{\"type\":\"grid_item\",\"props\":{\"image\":\"wp-content\\\/uploads\\\/2021\\\/07\\\/moradia_porto.svg\",\"title\":\"Moradia Familiar\",\"meta\":\"\",\"content\":\"\n\n<p>Porto \\u2013 Portugal<\\\/p>\",\"link\":\"https:\\\/\\\/www.ppsec.pt\"}},{\"type\":\"grid_item\",\"props\":{\"title\":\"Habita\\u00e7\\u00e3o Social\",\"content\":\"\n\n<p>Gana<\\\/p>\",\"image\":\"wp-content\\\/uploads\\\/2021\\\/07\\\/gana.svg\"}}]}]}]}]}],\"version\":\"2.5.8\"} --><\/p>\n","protected":false},"excerpt":{"rendered":"<p>Projectos de Edif\u00edcios EDIF\u00cdCIOS RESIDENCIAIS Moradia Familiar \u00a0Maia \u2013 Portugal Read more Moradia Familiar Maia \u2013 Portugal Read more Moradia Familiar Porto \u2013 Portugal Read more Habita\u00e7\u00e3o Social Gana<\/p>\n","protected":false},"author":1,"featured_media":0,"parent":6,"menu_order":0,"comment_status":"closed","ping_status":"closed","template":"","meta":{"_acf_changed":false,"footnotes":""},"class_list":["post-1474","page","type-page","status-publish","hentry"],"acf":[],"yoast_head":"<!-- This site is optimized with the Yoast SEO plugin v27.3 - https:\/\/yoast.com\/product\/yoast-seo-wordpress\/ -->\r\n<title>Edif\u00edcios Residenciais - www.ppsec.pt<\/title>\r\n<meta name=\"robots\" content=\"index, follow, max-snippet:-1, max-image-preview:large, max-video-preview:-1\" \/>\r\n<link rel=\"canonical\" href=\"https:\/\/www.ppsec.pt\/index.php\/projectos\/edificios-residenciais\/\" \/>\r\n<meta property=\"og:locale\" content=\"pt_PT\" \/>\r\n<meta property=\"og:type\" content=\"article\" \/>\r\n<meta property=\"og:title\" content=\"Edif\u00edcios Residenciais - www.ppsec.pt\" \/>\r\n<meta property=\"og:description\" content=\"Projectos de Edif\u00edcios EDIF\u00cdCIOS RESIDENCIAIS Moradia Familiar \u00a0Maia \u2013 Portugal Read more Moradia Familiar Maia \u2013 Portugal Read more Moradia Familiar Porto \u2013 Portugal Read more Habita\u00e7\u00e3o Social Gana\" \/>\r\n<meta property=\"og:url\" content=\"https:\/\/www.ppsec.pt\/index.php\/projectos\/edificios-residenciais\/\" \/>\r\n<meta property=\"og:site_name\" content=\"www.ppsec.pt\" \/>\r\n<meta property=\"article:publisher\" content=\"https:\/\/www.facebook.com\/ppsec.lda\" \/>\r\n<meta property=\"article:modified_time\" content=\"2021-11-03T17:50:55+00:00\" \/>\r\n<meta name=\"twitter:card\" content=\"summary_large_image\" \/>\r\n<script type=\"application\/ld+json\" class=\"yoast-schema-graph\">{\"@context\":\"https:\\\/\\\/schema.org\",\"@graph\":[{\"@type\":\"WebPage\",\"@id\":\"https:\\\/\\\/www.ppsec.pt\\\/index.php\\\/projectos\\\/edificios-residenciais\\\/\",\"url\":\"https:\\\/\\\/www.ppsec.pt\\\/index.php\\\/projectos\\\/edificios-residenciais\\\/\",\"name\":\"Edif\u00edcios Residenciais - www.ppsec.pt\",\"isPartOf\":{\"@id\":\"https:\\\/\\\/www.ppsec.pt\\\/#website\"},\"datePublished\":\"2021-07-20T14:03:53+00:00\",\"dateModified\":\"2021-11-03T17:50:55+00:00\",\"breadcrumb\":{\"@id\":\"https:\\\/\\\/www.ppsec.pt\\\/index.php\\\/projectos\\\/edificios-residenciais\\\/#breadcrumb\"},\"inLanguage\":\"pt-PT\",\"potentialAction\":[{\"@type\":\"ReadAction\",\"target\":[\"https:\\\/\\\/www.ppsec.pt\\\/index.php\\\/projectos\\\/edificios-residenciais\\\/\"]}]},{\"@type\":\"BreadcrumbList\",\"@id\":\"https:\\\/\\\/www.ppsec.pt\\\/index.php\\\/projectos\\\/edificios-residenciais\\\/#breadcrumb\",\"itemListElement\":[{\"@type\":\"ListItem\",\"position\":1,\"name\":\"In\u00edcio\",\"item\":\"https:\\\/\\\/www.ppsec.pt\\\/\"},{\"@type\":\"ListItem\",\"position\":2,\"name\":\"Projectos\",\"item\":\"https:\\\/\\\/www.ppsec.pt\\\/index.php\\\/projectos\\\/\"},{\"@type\":\"ListItem\",\"position\":3,\"name\":\"Edif\u00edcios Residenciais\"}]},{\"@type\":\"WebSite\",\"@id\":\"https:\\\/\\\/www.ppsec.pt\\\/#website\",\"url\":\"https:\\\/\\\/www.ppsec.pt\\\/\",\"name\":\"www.ppsec.pt\",\"description\":\"PPSEC Engenharia Civil\",\"publisher\":{\"@id\":\"https:\\\/\\\/www.ppsec.pt\\\/#organization\"},\"potentialAction\":[{\"@type\":\"SearchAction\",\"target\":{\"@type\":\"EntryPoint\",\"urlTemplate\":\"https:\\\/\\\/www.ppsec.pt\\\/?s={search_term_string}\"},\"query-input\":{\"@type\":\"PropertyValueSpecification\",\"valueRequired\":true,\"valueName\":\"search_term_string\"}}],\"inLanguage\":\"pt-PT\"},{\"@type\":\"Organization\",\"@id\":\"https:\\\/\\\/www.ppsec.pt\\\/#organization\",\"name\":\"PPSEC\",\"url\":\"https:\\\/\\\/www.ppsec.pt\\\/\",\"logo\":{\"@type\":\"ImageObject\",\"inLanguage\":\"pt-PT\",\"@id\":\"https:\\\/\\\/www.ppsec.pt\\\/#\\\/schema\\\/logo\\\/image\\\/\",\"url\":\"http:\\\/\\\/www.ppsec.pt\\\/wp-content\\\/uploads\\\/2021\\\/01\\\/LOGO_PPSEC_PT.jpg\",\"contentUrl\":\"http:\\\/\\\/www.ppsec.pt\\\/wp-content\\\/uploads\\\/2021\\\/01\\\/LOGO_PPSEC_PT.jpg\",\"width\":1465,\"height\":366,\"caption\":\"PPSEC\"},\"image\":{\"@id\":\"https:\\\/\\\/www.ppsec.pt\\\/#\\\/schema\\\/logo\\\/image\\\/\"},\"sameAs\":[\"https:\\\/\\\/www.facebook.com\\\/ppsec.lda\"]}]}<\/script>\r\n<!-- \/ Yoast SEO plugin. -->","yoast_head_json":{"title":"Edif\u00edcios Residenciais - www.ppsec.pt","robots":{"index":"index","follow":"follow","max-snippet":"max-snippet:-1","max-image-preview":"max-image-preview:large","max-video-preview":"max-video-preview:-1"},"canonical":"https:\/\/www.ppsec.pt\/index.php\/projectos\/edificios-residenciais\/","og_locale":"pt_PT","og_type":"article","og_title":"Edif\u00edcios Residenciais - www.ppsec.pt","og_description":"Projectos de Edif\u00edcios EDIF\u00cdCIOS RESIDENCIAIS Moradia Familiar \u00a0Maia \u2013 Portugal Read more Moradia Familiar Maia \u2013 Portugal Read more Moradia Familiar Porto \u2013 Portugal Read more Habita\u00e7\u00e3o Social Gana","og_url":"https:\/\/www.ppsec.pt\/index.php\/projectos\/edificios-residenciais\/","og_site_name":"www.ppsec.pt","article_publisher":"https:\/\/www.facebook.com\/ppsec.lda","article_modified_time":"2021-11-03T17:50:55+00:00","twitter_card":"summary_large_image","schema":{"@context":"https:\/\/schema.org","@graph":[{"@type":"WebPage","@id":"https:\/\/www.ppsec.pt\/index.php\/projectos\/edificios-residenciais\/","url":"https:\/\/www.ppsec.pt\/index.php\/projectos\/edificios-residenciais\/","name":"Edif\u00edcios Residenciais - www.ppsec.pt","isPartOf":{"@id":"https:\/\/www.ppsec.pt\/#website"},"datePublished":"2021-07-20T14:03:53+00:00","dateModified":"2021-11-03T17:50:55+00:00","breadcrumb":{"@id":"https:\/\/www.ppsec.pt\/index.php\/projectos\/edificios-residenciais\/#breadcrumb"},"inLanguage":"pt-PT","potentialAction":[{"@type":"ReadAction","target":["https:\/\/www.ppsec.pt\/index.php\/projectos\/edificios-residenciais\/"]}]},{"@type":"BreadcrumbList","@id":"https:\/\/www.ppsec.pt\/index.php\/projectos\/edificios-residenciais\/#breadcrumb","itemListElement":[{"@type":"ListItem","position":1,"name":"In\u00edcio","item":"https:\/\/www.ppsec.pt\/"},{"@type":"ListItem","position":2,"name":"Projectos","item":"https:\/\/www.ppsec.pt\/index.php\/projectos\/"},{"@type":"ListItem","position":3,"name":"Edif\u00edcios Residenciais"}]},{"@type":"WebSite","@id":"https:\/\/www.ppsec.pt\/#website","url":"https:\/\/www.ppsec.pt\/","name":"www.ppsec.pt","description":"PPSEC Engenharia Civil","publisher":{"@id":"https:\/\/www.ppsec.pt\/#organization"},"potentialAction":[{"@type":"SearchAction","target":{"@type":"EntryPoint","urlTemplate":"https:\/\/www.ppsec.pt\/?s={search_term_string}"},"query-input":{"@type":"PropertyValueSpecification","valueRequired":true,"valueName":"search_term_string"}}],"inLanguage":"pt-PT"},{"@type":"Organization","@id":"https:\/\/www.ppsec.pt\/#organization","name":"PPSEC","url":"https:\/\/www.ppsec.pt\/","logo":{"@type":"ImageObject","inLanguage":"pt-PT","@id":"https:\/\/www.ppsec.pt\/#\/schema\/logo\/image\/","url":"http:\/\/www.ppsec.pt\/wp-content\/uploads\/2021\/01\/LOGO_PPSEC_PT.jpg","contentUrl":"http:\/\/www.ppsec.pt\/wp-content\/uploads\/2021\/01\/LOGO_PPSEC_PT.jpg","width":1465,"height":366,"caption":"PPSEC"},"image":{"@id":"https:\/\/www.ppsec.pt\/#\/schema\/logo\/image\/"},"sameAs":["https:\/\/www.facebook.com\/ppsec.lda"]}]}},"_links":{"self":[{"href":"https:\/\/www.ppsec.pt\/index.php\/wp-json\/wp\/v2\/pages\/1474","targetHints":{"allow":["GET"]}}],"collection":[{"href":"https:\/\/www.ppsec.pt\/index.php\/wp-json\/wp\/v2\/pages"}],"about":[{"href":"https:\/\/www.ppsec.pt\/index.php\/wp-json\/wp\/v2\/types\/page"}],"author":[{"embeddable":true,"href":"https:\/\/www.ppsec.pt\/index.php\/wp-json\/wp\/v2\/users\/1"}],"replies":[{"embeddable":true,"href":"https:\/\/www.ppsec.pt\/index.php\/wp-json\/wp\/v2\/comments?post=1474"}],"version-history":[{"count":21,"href":"https:\/\/www.ppsec.pt\/index.php\/wp-json\/wp\/v2\/pages\/1474\/revisions"}],"predecessor-version":[{"id":1532,"href":"https:\/\/www.ppsec.pt\/index.php\/wp-json\/wp\/v2\/pages\/1474\/revisions\/1532"}],"up":[{"embeddable":true,"href":"https:\/\/www.ppsec.pt\/index.php\/wp-json\/wp\/v2\/pages\/6"}],"wp:attachment":[{"href":"https:\/\/www.ppsec.pt\/index.php\/wp-json\/wp\/v2\/media?parent=1474"}],"curies":[{"name":"wp","href":"https:\/\/api.w.org\/{rel}","templated":true}]}}