{"id":1450,"date":"2021-07-19T15:46:50","date_gmt":"2021-07-19T15:46:50","guid":{"rendered":"https:\/\/www.ppsec.pt\/?page_id=1450"},"modified":"2021-07-19T16:34:50","modified_gmt":"2021-07-19T16:34:50","slug":"politica-de-privacidade","status":"publish","type":"page","link":"https:\/\/www.ppsec.pt\/index.php\/politica-de-privacidade\/","title":{"rendered":"Pol\u00edtica de privacidade"},"content":{"rendered":"<h1>Pol\u00edtica de privacidade<\/h1>\n<div>\n<p>Dados pessoais:<br \/>De acordo com os dados pessoais da Pol\u00edtica geral de prote\u00e7\u00e3o de dados (RGPD) da UE, \u00e9 definido como:<br \/>\u201cQualquer informa\u00e7\u00e3o relativa a uma pessoa singular identificada ou identific\u00e1vel (\u201dtitular da informa\u00e7\u00e3o\u201c); uma pessoa singular identific\u00e1vel \u00e9 aquela que pode ser identificada, direta ou indiretamente, em particular por refer\u00eancia a um identificador, como um nome, um n\u00famero de identifica\u00e7\u00e3o, dados de localiza\u00e7\u00e3o, um identificador online ou a um ou mais fatores espec\u00edficos do f\u00edsico, fisiol\u00f3gico, identidade gen\u00e9tica, mental, econ\u00f3mica, cultural ou social dessa pessoa natural \u201c.<\/p>\n<p>Como utilizamos a sua informa\u00e7\u00e3o:<br \/>Este aviso de privacidade informa de uma forma geral como n\u00f3s, a PPSEC LDA, recolhemos e usaremos os seus dados pessoais (unicamente atrav\u00e9s de um formul\u00e1rio existente neste website), dados esses que s\u00e3o apenas o seu nome e endere\u00e7o de email. Todos os restantes dados que nos forne\u00e7a, s\u00e3o inteiramente da sua responsabilidade.<\/p>\n<p>Por que \u00e9 que a PPSEC LDA precisa de recolher e armazenar dados pessoais?<br \/>Para que lhe possamos fornecer determinado servi\u00e7o, precisamos de recolher dados pessoais com a \u00fanica finalidade de poder prestar esse servi\u00e7o. Estamos empenhados em garantir que a informa\u00e7\u00e3o que recolhemos e utilizamos, seja unicamente para essa finalidade e n\u00e3o constitua uma invas\u00e3o de sua privacidade.<\/p>\n<p>A PPSEC LDA partilhar\u00e1 os meus dados pessoais com terceiros?<br \/>Na eventualidade de necessitarmos de enviar os seus dados pessoais sens\u00edveis para um terceiro, s\u00f3 o faremos depois de obtermos o seu consentimento, a menos que sejamos legalmente obrigados a fazer o contr\u00e1rio.<\/p>\n<p>Como \u00e9 que a PPSEC LDA utilizar\u00e1 os dados pessoais que ir\u00e1 recolher sobre mim?<br \/>A PPSEC LDA processar\u00e1 (recolha, armazenamento e utiliza\u00e7\u00e3o) as informa\u00e7\u00f5es que forem fornecidas de uma forma compat\u00edvel com o Regulamento Geral de Prote\u00e7\u00e3o de Dados (RGPD) da UE. N\u00f3s faremos tudo o que estiver ao nosso alcance para manter as suas informa\u00e7\u00f5es precisas e atualizadas, e n\u00e3o as manter por mais tempo do que \u00e9 necess\u00e1rio. A PPSEC, LDA est\u00e1 obrigada a reter informa\u00e7\u00f5es de acordo com a lei, como informa\u00e7\u00e3o necess\u00e1ria para fins fiscais e auditorias. O tempo durante o qual certos tipos de dados pessoais devem ser mantidos pode tamb\u00e9m ser determinado por requisitos espec\u00edficos do setor empresarial e pr\u00e1ticas acordadas. Os dados pessoais podem ser mantidos al\u00e9m desses per\u00edodos, dependendo das necessidades individuais do neg\u00f3cio.<\/p>\n<p>Em que circunst\u00e2ncias a PPSEC, LDA me contactar\u00e1?<br \/>O nosso objetivo n\u00e3o \u00e9 ser intrusivo, logo compromete-mo-nos a n\u00e3o fazer perguntas irrelevantes ou desnecess\u00e1rias. Al\u00e9m disso, as informa\u00e7\u00f5es fornecidas ser\u00e3o sujeitas a medidas e procedimentos rigorosos para minimizar o risco de acesso ou divulga\u00e7\u00e3o n\u00e3o autorizados.<\/p>\n<p>Posso saber os dados pessoais que a empresa mant\u00e9m sobre mim?<br \/>A seu pedido, a PPSEC, LDA pode confirmar quais as informa\u00e7\u00f5es que temos sobre si e como s\u00e3o processadas. Se a PPSEC, LDA tiver dados pessoais sobre si, pode solicitar as seguintes informa\u00e7\u00f5es:<\/p>\n<p>Detalhes dos seus dados, dos seus direitos para corrigir, apagar, restringir ou opor a esse processamento.<br \/>Informa\u00e7\u00f5es sobre o seu direito de retirar o consentimento a qualquer momento.<br \/>Quais as formas de identifica\u00e7\u00e3o que eu preciso fornecer para aceder \u00e0 informa\u00e7\u00e3o e exercer os meus direitos?<br \/>A PPSEC, LDA aceita as seguintes formas de identifica\u00e7\u00e3o quando as informa\u00e7\u00f5es sobre seus dados pessoais s\u00e3o solicitados: [Cart\u00e3o de Cidad\u00e3o]<\/p>\n<p>Forma de contacto:<br \/>E-mail : geral@ppsec.pt<\/p>\n<p>Os vossos cookies recolhem a minha informa\u00e7\u00e3o pessoal?<br \/>Este website utiliza cookies em determinadas \u00e1reas. Os cookies s\u00e3o ficheiros que armazenam informa\u00e7\u00f5es no disco r\u00edgido ou browser do Utilizador. Os nossos cookies n\u00e3o recolhem informa\u00e7\u00e3o pessoal e s\u00f3 poder\u00e3o eventualmente recolher no futuro obtendo o seu consentimento. O Utilizador pode configurar o seu browser para recusar os cookies, por\u00e9m nesse caso, o website ou partes do mesmo podem n\u00e3o funcionar corretamente. Os cookies s\u00e3o utilizados para monitorizar e analisar a utiliza\u00e7\u00e3o do website, assim como proporcionar-lhe uma melhor experi\u00eancia de utiliza\u00e7\u00e3o.<\/p>\n<\/div>\n<p><!-- {\"type\":\"layout\",\"children\":[{\"type\":\"section\",\"props\":{\"style\":\"default\",\"width\":\"default\",\"vertical_align\":\"middle\",\"title_position\":\"top-left\",\"title_rotation\":\"left\",\"title_breakpoint\":\"xl\",\"image_position\":\"center-center\"},\"children\":[{\"type\":\"row\",\"children\":[{\"type\":\"column\",\"props\":{\"image_position\":\"center-center\",\"media_overlay_gradient\":\"\"},\"children\":[{\"type\":\"headline\",\"props\":{\"title_element\":\"h1\",\"content\":\"Pol\\u00edtica de privacidade\"}},{\"type\":\"text\",\"props\":{\"margin\":\"default\",\"column_breakpoint\":\"m\",\"content\":\"\n\n<p>Dados pessoais:<br \\\/>De acordo com os dados pessoais da Pol\\u00edtica geral de prote\\u00e7\\u00e3o de dados (RGPD) da UE, \\u00e9 definido como:<br \\\/>\\u201cQualquer informa\\u00e7\\u00e3o relativa a uma pessoa singular identificada ou identific\\u00e1vel (\\u201dtitular da informa\\u00e7\\u00e3o\\u201c); uma pessoa singular identific\\u00e1vel \\u00e9 aquela que pode ser identificada, direta ou indiretamente, em particular por refer\\u00eancia a um identificador, como um nome, um n\\u00famero de identifica\\u00e7\\u00e3o, dados de localiza\\u00e7\\u00e3o, um identificador online ou a um ou mais fatores espec\\u00edficos do f\\u00edsico, fisiol\\u00f3gico, identidade gen\\u00e9tica, mental, econ\\u00f3mica, cultural ou social dessa pessoa natural \\u201c.<\\\/p>\\n\n\n<p>Como utilizamos a sua informa\\u00e7\\u00e3o:<br \\\/>Este aviso de privacidade informa de uma forma geral como n\\u00f3s, a PPSEC LDA, recolhemos e usaremos os seus dados pessoais (unicamente atrav\\u00e9s de um formul\\u00e1rio existente neste website), dados esses que s\\u00e3o apenas o seu nome e endere\\u00e7o de email. Todos os restantes dados que nos forne\\u00e7a, s\\u00e3o inteiramente da sua responsabilidade.<\\\/p>\\n\n\n<p>Por que \\u00e9 que a PPSEC LDA precisa de recolher e armazenar dados pessoais?<br \\\/>Para que lhe possamos fornecer determinado servi\\u00e7o, precisamos de recolher dados pessoais com a \\u00fanica finalidade de poder prestar esse servi\\u00e7o. Estamos empenhados em garantir que a informa\\u00e7\\u00e3o que recolhemos e utilizamos, seja unicamente para essa finalidade e n\\u00e3o constitua uma invas\\u00e3o de sua privacidade.<\\\/p>\\n\n\n<p>A PPSEC LDA partilhar\\u00e1 os meus dados pessoais com terceiros?<br \\\/>Na eventualidade de necessitarmos de enviar os seus dados pessoais sens\\u00edveis para um terceiro, s\\u00f3 o faremos depois de obtermos o seu consentimento, a menos que sejamos legalmente obrigados a fazer o contr\\u00e1rio.<\\\/p>\\n\n\n<p>Como \\u00e9 que a PPSEC LDA utilizar\\u00e1 os dados pessoais que ir\\u00e1 recolher sobre mim?<br \\\/>A PPSEC LDA processar\\u00e1 (recolha, armazenamento e utiliza\\u00e7\\u00e3o) as informa\\u00e7\\u00f5es que forem fornecidas de uma forma compat\\u00edvel com o Regulamento Geral de Prote\\u00e7\\u00e3o de Dados (RGPD) da UE. N\\u00f3s faremos tudo o que estiver ao nosso alcance para manter as suas informa\\u00e7\\u00f5es precisas e atualizadas, e n\\u00e3o as manter por mais tempo do que \\u00e9 necess\\u00e1rio. A PPSEC, LDA est\\u00e1 obrigada a reter informa\\u00e7\\u00f5es de acordo com a lei, como informa\\u00e7\\u00e3o necess\\u00e1ria para fins fiscais e auditorias. O tempo durante o qual certos tipos de dados pessoais devem ser mantidos pode tamb\\u00e9m ser determinado por requisitos espec\\u00edficos do setor empresarial e pr\\u00e1ticas acordadas. Os dados pessoais podem ser mantidos al\\u00e9m desses per\\u00edodos, dependendo das necessidades individuais do neg\\u00f3cio.<\\\/p>\\n\n\n<p>Em que circunst\\u00e2ncias a PPSEC, LDA me contactar\\u00e1?<br \\\/>O nosso objetivo n\\u00e3o \\u00e9 ser intrusivo, logo compromete-mo-nos a n\\u00e3o fazer perguntas irrelevantes ou desnecess\\u00e1rias. Al\\u00e9m disso, as informa\\u00e7\\u00f5es fornecidas ser\\u00e3o sujeitas a medidas e procedimentos rigorosos para minimizar o risco de acesso ou divulga\\u00e7\\u00e3o n\\u00e3o autorizados.<\\\/p>\\n\n\n<p>Posso saber os dados pessoais que a empresa mant\\u00e9m sobre mim?<br \\\/>A seu pedido, a PPSEC, LDA pode confirmar quais as informa\\u00e7\\u00f5es que temos sobre si e como s\\u00e3o processadas. Se a PPSEC, LDA tiver dados pessoais sobre si, pode solicitar as seguintes informa\\u00e7\\u00f5es:<\\\/p>\\n\n\n<p>Detalhes dos seus dados, dos seus direitos para corrigir, apagar, restringir ou opor a esse processamento.<br \\\/>Informa\\u00e7\\u00f5es sobre o seu direito de retirar o consentimento a qualquer momento.<br \\\/>Quais as formas de identifica\\u00e7\\u00e3o que eu preciso fornecer para aceder \\u00e0 informa\\u00e7\\u00e3o e exercer os meus direitos?<br \\\/>A PPSEC, LDA aceita as seguintes formas de identifica\\u00e7\\u00e3o quando as informa\\u00e7\\u00f5es sobre seus dados pessoais s\\u00e3o solicitados: [Cart\\u00e3o de Cidad\\u00e3o]<\\\/p>\\n\n\n<p>Forma de contacto:<br \\\/>E-mail : geral@ppsec.pt<\\\/p>\\n\n\n<p>Os vossos cookies recolhem a minha informa\\u00e7\\u00e3o pessoal?<br \\\/>Este website utiliza cookies em determinadas \\u00e1reas. Os cookies s\\u00e3o ficheiros que armazenam informa\\u00e7\\u00f5es no disco r\\u00edgido ou browser do Utilizador. Os nossos cookies n\\u00e3o recolhem informa\\u00e7\\u00e3o pessoal e s\\u00f3 poder\\u00e3o eventualmente recolher no futuro obtendo o seu consentimento. O Utilizador pode configurar o seu browser para recusar os cookies, por\\u00e9m nesse caso, o website ou partes do mesmo podem n\\u00e3o funcionar corretamente. Os cookies s\\u00e3o utilizados para monitorizar e analisar a utiliza\\u00e7\\u00e3o do website, assim como proporcionar-lhe uma melhor experi\\u00eancia de utiliza\\u00e7\\u00e3o.<\\\/p>\"}}]}]}]}],\"version\":\"2.3.29\"} --><\/p>\n","protected":false},"excerpt":{"rendered":"<p>Pol\u00edtica de privacidade Dados pessoais:De acordo com os dados pessoais da Pol\u00edtica geral de prote\u00e7\u00e3o de dados (RGPD) da UE, \u00e9 definido como:\u201cQualquer informa\u00e7\u00e3o relativa a uma pessoa singular identificada ou identific\u00e1vel (\u201dtitular da informa\u00e7\u00e3o\u201c); uma pessoa singular identific\u00e1vel \u00e9 aquela que pode ser identificada, direta ou indiretamente, em particular por refer\u00eancia a um identificador, [&hellip;]<\/p>\n","protected":false},"author":1,"featured_media":0,"parent":0,"menu_order":0,"comment_status":"closed","ping_status":"closed","template":"","meta":{"_acf_changed":false,"footnotes":""},"class_list":["post-1450","page","type-page","status-publish","hentry"],"acf":[],"yoast_head":"<!-- This site is optimized with the Yoast SEO plugin v27.5 - https:\/\/yoast.com\/product\/yoast-seo-wordpress\/ -->\r\n<title>Pol\u00edtica de privacidade - www.ppsec.pt<\/title>\r\n<meta name=\"robots\" content=\"index, follow, max-snippet:-1, max-image-preview:large, max-video-preview:-1\" \/>\r\n<link rel=\"canonical\" href=\"https:\/\/www.ppsec.pt\/index.php\/politica-de-privacidade\/\" \/>\r\n<meta property=\"og:locale\" content=\"pt_PT\" \/>\r\n<meta property=\"og:type\" content=\"article\" \/>\r\n<meta property=\"og:title\" content=\"Pol\u00edtica de privacidade - www.ppsec.pt\" \/>\r\n<meta property=\"og:description\" content=\"Pol\u00edtica de privacidade Dados pessoais:De acordo com os dados pessoais da Pol\u00edtica geral de prote\u00e7\u00e3o de dados (RGPD) da UE, \u00e9 definido como:\u201cQualquer informa\u00e7\u00e3o relativa a uma pessoa singular identificada ou identific\u00e1vel (\u201dtitular da informa\u00e7\u00e3o\u201c); uma pessoa singular identific\u00e1vel \u00e9 aquela que pode ser identificada, direta ou indiretamente, em particular por refer\u00eancia a um identificador, [&hellip;]\" \/>\r\n<meta property=\"og:url\" content=\"https:\/\/www.ppsec.pt\/index.php\/politica-de-privacidade\/\" \/>\r\n<meta property=\"og:site_name\" content=\"www.ppsec.pt\" \/>\r\n<meta property=\"article:publisher\" content=\"https:\/\/www.facebook.com\/ppsec.lda\" \/>\r\n<meta property=\"article:modified_time\" content=\"2021-07-19T16:34:50+00:00\" \/>\r\n<meta name=\"twitter:card\" content=\"summary_large_image\" \/>\r\n<meta name=\"twitter:label1\" content=\"Tempo estimado de leitura\" \/>\n\t<meta name=\"twitter:data1\" content=\"4 minutos\" \/>\r\n<script type=\"application\/ld+json\" class=\"yoast-schema-graph\">{\"@context\":\"https:\\\/\\\/schema.org\",\"@graph\":[{\"@type\":\"WebPage\",\"@id\":\"https:\\\/\\\/www.ppsec.pt\\\/index.php\\\/politica-de-privacidade\\\/\",\"url\":\"https:\\\/\\\/www.ppsec.pt\\\/index.php\\\/politica-de-privacidade\\\/\",\"name\":\"Pol\u00edtica de privacidade - www.ppsec.pt\",\"isPartOf\":{\"@id\":\"https:\\\/\\\/www.ppsec.pt\\\/#website\"},\"datePublished\":\"2021-07-19T15:46:50+00:00\",\"dateModified\":\"2021-07-19T16:34:50+00:00\",\"breadcrumb\":{\"@id\":\"https:\\\/\\\/www.ppsec.pt\\\/index.php\\\/politica-de-privacidade\\\/#breadcrumb\"},\"inLanguage\":\"pt-PT\",\"potentialAction\":[{\"@type\":\"ReadAction\",\"target\":[\"https:\\\/\\\/www.ppsec.pt\\\/index.php\\\/politica-de-privacidade\\\/\"]}]},{\"@type\":\"BreadcrumbList\",\"@id\":\"https:\\\/\\\/www.ppsec.pt\\\/index.php\\\/politica-de-privacidade\\\/#breadcrumb\",\"itemListElement\":[{\"@type\":\"ListItem\",\"position\":1,\"name\":\"In\u00edcio\",\"item\":\"https:\\\/\\\/www.ppsec.pt\\\/\"},{\"@type\":\"ListItem\",\"position\":2,\"name\":\"Pol\u00edtica de privacidade\"}]},{\"@type\":\"WebSite\",\"@id\":\"https:\\\/\\\/www.ppsec.pt\\\/#website\",\"url\":\"https:\\\/\\\/www.ppsec.pt\\\/\",\"name\":\"www.ppsec.pt\",\"description\":\"PPSEC Engenharia Civil\",\"publisher\":{\"@id\":\"https:\\\/\\\/www.ppsec.pt\\\/#organization\"},\"potentialAction\":[{\"@type\":\"SearchAction\",\"target\":{\"@type\":\"EntryPoint\",\"urlTemplate\":\"https:\\\/\\\/www.ppsec.pt\\\/?s={search_term_string}\"},\"query-input\":{\"@type\":\"PropertyValueSpecification\",\"valueRequired\":true,\"valueName\":\"search_term_string\"}}],\"inLanguage\":\"pt-PT\"},{\"@type\":\"Organization\",\"@id\":\"https:\\\/\\\/www.ppsec.pt\\\/#organization\",\"name\":\"PPSEC\",\"url\":\"https:\\\/\\\/www.ppsec.pt\\\/\",\"logo\":{\"@type\":\"ImageObject\",\"inLanguage\":\"pt-PT\",\"@id\":\"https:\\\/\\\/www.ppsec.pt\\\/#\\\/schema\\\/logo\\\/image\\\/\",\"url\":\"http:\\\/\\\/www.ppsec.pt\\\/wp-content\\\/uploads\\\/2021\\\/01\\\/LOGO_PPSEC_PT.jpg\",\"contentUrl\":\"http:\\\/\\\/www.ppsec.pt\\\/wp-content\\\/uploads\\\/2021\\\/01\\\/LOGO_PPSEC_PT.jpg\",\"width\":1465,\"height\":366,\"caption\":\"PPSEC\"},\"image\":{\"@id\":\"https:\\\/\\\/www.ppsec.pt\\\/#\\\/schema\\\/logo\\\/image\\\/\"},\"sameAs\":[\"https:\\\/\\\/www.facebook.com\\\/ppsec.lda\"]}]}<\/script>\r\n<!-- \/ Yoast SEO plugin. -->","yoast_head_json":{"title":"Pol\u00edtica de privacidade - www.ppsec.pt","robots":{"index":"index","follow":"follow","max-snippet":"max-snippet:-1","max-image-preview":"max-image-preview:large","max-video-preview":"max-video-preview:-1"},"canonical":"https:\/\/www.ppsec.pt\/index.php\/politica-de-privacidade\/","og_locale":"pt_PT","og_type":"article","og_title":"Pol\u00edtica de privacidade - www.ppsec.pt","og_description":"Pol\u00edtica de privacidade Dados pessoais:De acordo com os dados pessoais da Pol\u00edtica geral de prote\u00e7\u00e3o de dados (RGPD) da UE, \u00e9 definido como:\u201cQualquer informa\u00e7\u00e3o relativa a uma pessoa singular identificada ou identific\u00e1vel (\u201dtitular da informa\u00e7\u00e3o\u201c); uma pessoa singular identific\u00e1vel \u00e9 aquela que pode ser identificada, direta ou indiretamente, em particular por refer\u00eancia a um identificador, [&hellip;]","og_url":"https:\/\/www.ppsec.pt\/index.php\/politica-de-privacidade\/","og_site_name":"www.ppsec.pt","article_publisher":"https:\/\/www.facebook.com\/ppsec.lda","article_modified_time":"2021-07-19T16:34:50+00:00","twitter_card":"summary_large_image","twitter_misc":{"Tempo estimado de leitura":"4 minutos"},"schema":{"@context":"https:\/\/schema.org","@graph":[{"@type":"WebPage","@id":"https:\/\/www.ppsec.pt\/index.php\/politica-de-privacidade\/","url":"https:\/\/www.ppsec.pt\/index.php\/politica-de-privacidade\/","name":"Pol\u00edtica de privacidade - www.ppsec.pt","isPartOf":{"@id":"https:\/\/www.ppsec.pt\/#website"},"datePublished":"2021-07-19T15:46:50+00:00","dateModified":"2021-07-19T16:34:50+00:00","breadcrumb":{"@id":"https:\/\/www.ppsec.pt\/index.php\/politica-de-privacidade\/#breadcrumb"},"inLanguage":"pt-PT","potentialAction":[{"@type":"ReadAction","target":["https:\/\/www.ppsec.pt\/index.php\/politica-de-privacidade\/"]}]},{"@type":"BreadcrumbList","@id":"https:\/\/www.ppsec.pt\/index.php\/politica-de-privacidade\/#breadcrumb","itemListElement":[{"@type":"ListItem","position":1,"name":"In\u00edcio","item":"https:\/\/www.ppsec.pt\/"},{"@type":"ListItem","position":2,"name":"Pol\u00edtica de privacidade"}]},{"@type":"WebSite","@id":"https:\/\/www.ppsec.pt\/#website","url":"https:\/\/www.ppsec.pt\/","name":"www.ppsec.pt","description":"PPSEC Engenharia Civil","publisher":{"@id":"https:\/\/www.ppsec.pt\/#organization"},"potentialAction":[{"@type":"SearchAction","target":{"@type":"EntryPoint","urlTemplate":"https:\/\/www.ppsec.pt\/?s={search_term_string}"},"query-input":{"@type":"PropertyValueSpecification","valueRequired":true,"valueName":"search_term_string"}}],"inLanguage":"pt-PT"},{"@type":"Organization","@id":"https:\/\/www.ppsec.pt\/#organization","name":"PPSEC","url":"https:\/\/www.ppsec.pt\/","logo":{"@type":"ImageObject","inLanguage":"pt-PT","@id":"https:\/\/www.ppsec.pt\/#\/schema\/logo\/image\/","url":"http:\/\/www.ppsec.pt\/wp-content\/uploads\/2021\/01\/LOGO_PPSEC_PT.jpg","contentUrl":"http:\/\/www.ppsec.pt\/wp-content\/uploads\/2021\/01\/LOGO_PPSEC_PT.jpg","width":1465,"height":366,"caption":"PPSEC"},"image":{"@id":"https:\/\/www.ppsec.pt\/#\/schema\/logo\/image\/"},"sameAs":["https:\/\/www.facebook.com\/ppsec.lda"]}]}},"_links":{"self":[{"href":"https:\/\/www.ppsec.pt\/index.php\/wp-json\/wp\/v2\/pages\/1450","targetHints":{"allow":["GET"]}}],"collection":[{"href":"https:\/\/www.ppsec.pt\/index.php\/wp-json\/wp\/v2\/pages"}],"about":[{"href":"https:\/\/www.ppsec.pt\/index.php\/wp-json\/wp\/v2\/types\/page"}],"author":[{"embeddable":true,"href":"https:\/\/www.ppsec.pt\/index.php\/wp-json\/wp\/v2\/users\/1"}],"replies":[{"embeddable":true,"href":"https:\/\/www.ppsec.pt\/index.php\/wp-json\/wp\/v2\/comments?post=1450"}],"version-history":[{"count":4,"href":"https:\/\/www.ppsec.pt\/index.php\/wp-json\/wp\/v2\/pages\/1450\/revisions"}],"predecessor-version":[{"id":1457,"href":"https:\/\/www.ppsec.pt\/index.php\/wp-json\/wp\/v2\/pages\/1450\/revisions\/1457"}],"wp:attachment":[{"href":"https:\/\/www.ppsec.pt\/index.php\/wp-json\/wp\/v2\/media?parent=1450"}],"curies":[{"name":"wp","href":"https:\/\/api.w.org\/{rel}","templated":true}]}}