{"id":1445,"date":"2021-07-19T15:42:10","date_gmt":"2021-07-19T15:42:10","guid":{"rendered":"https:\/\/www.ppsec.pt\/?page_id=1445"},"modified":"2021-07-19T16:31:03","modified_gmt":"2021-07-19T16:31:03","slug":"termos-de-utilizacao","status":"publish","type":"page","link":"https:\/\/www.ppsec.pt\/index.php\/termos-de-utilizacao\/","title":{"rendered":"Termos de utiliza\u00e7\u00e3o"},"content":{"rendered":"<h1>Termos de utiliza\u00e7\u00e3o<\/h1>\n<div>\n<p>1. \u00c2mbito geral<br \/>A PPSEC, LDA pode adicionar, alterar ou eliminar sempre que necess\u00e1rio, qualquer um dos Termos de Utiliza\u00e7\u00e3o deste website atrav\u00e9s da atualiza\u00e7\u00e3o do conte\u00fado desta p\u00e1gina.<\/p>\n<p>2. Aceita\u00e7\u00e3o dos Termos de Utiliza\u00e7\u00e3o<br \/>Ao aceder a este website, o utilizador declara ter lido, compreendido e aceite os Termos de Utiliza\u00e7\u00e3o aqui enumerados, sem necessidade de qualquer outro consentimento posterior.<\/p>\n<p>3. Direitos de autor<br \/>Os textos, imagens e todas as outras informa\u00e7\u00f5es presentes neste website, n\u00e3o podem ser copiados, distribu\u00eddos, modificados ou colocados noutros locais, sem a devida autoriza\u00e7\u00e3o pr\u00e9via por escrito da PPSEC, LDA.<\/p>\n<p>4. Liga\u00e7\u00f5es para p\u00e1ginas de terceiros<br \/>O site da PPSEC, LDA poder\u00e1 disponibilizar liga\u00e7\u00f5es para p\u00e1ginas de terceiros. Considerando que n\u00e3o existe rela\u00e7\u00e3o entre esses sites, n\u00e3o nos pertencem nem s\u00e3o operados pela nossa equipa, a mesma n\u00e3o se responsabiliza pelos seus conte\u00fados.<\/p>\n<p>5. Exclus\u00e3o de Responsabilidade<br \/>Os conte\u00fados existentes neste website s\u00e3o fornecidos pela equipa da PPSEC, LDA, no estado em que se encontram e conforme permitido pela lei aplic\u00e1vel, s\u00e3o fornecidas sem qualquer tipo de garantia, expressa ou impl\u00edcita. Embora as informa\u00e7\u00f5es sejam tidas como corretas, podem incluir erros ou imprecis\u00f5es, como tal poder\u00e3o ser alteradas sem aviso pr\u00e9vio. A equipa da PPSEC, LDA n\u00e3o se responsabilizar\u00e1 por quaisquer danos resultantes da utiliza\u00e7\u00e3o, ou da impossibilidade de utiliza\u00e7\u00e3o deste website.<\/p>\n<p>6. Lei aplic\u00e1vel<br \/>Os presentes Termos de Utiliza\u00e7\u00e3o s\u00e3o regidos e elaborados de acordo com a legisla\u00e7\u00e3o Portuguesa. Qualquer conflito ou diverg\u00eancia de interpreta\u00e7\u00e3o dos mesmos ser\u00e1 submetido ao Tribunal portugu\u00eas competente.<\/p>\n<\/div>\n<p><!-- {\"type\":\"layout\",\"children\":[{\"type\":\"section\",\"props\":{\"style\":\"default\",\"width\":\"default\",\"vertical_align\":\"middle\",\"title_position\":\"top-left\",\"title_rotation\":\"left\",\"title_breakpoint\":\"xl\",\"image_position\":\"center-center\"},\"children\":[{\"type\":\"row\",\"children\":[{\"type\":\"column\",\"props\":{\"image_position\":\"center-center\",\"media_overlay_gradient\":\"\"},\"children\":[{\"type\":\"headline\",\"props\":{\"title_element\":\"h1\",\"content\":\"Termos de utiliza\\u00e7\\u00e3o\"}},{\"type\":\"text\",\"props\":{\"margin\":\"default\",\"column_breakpoint\":\"m\",\"content\":\"\n\n<p>1. \\u00c2mbito geral<br \\\/>A PPSEC, LDA pode adicionar, alterar ou eliminar sempre que necess\\u00e1rio, qualquer um dos Termos de Utiliza\\u00e7\\u00e3o deste website atrav\\u00e9s da atualiza\\u00e7\\u00e3o do conte\\u00fado desta p\\u00e1gina.<\\\/p>\\n\n\n<p>2. Aceita\\u00e7\\u00e3o dos Termos de Utiliza\\u00e7\\u00e3o<br \\\/>Ao aceder a este website, o utilizador declara ter lido, compreendido e aceite os Termos de Utiliza\\u00e7\\u00e3o aqui enumerados, sem necessidade de qualquer outro consentimento posterior.<\\\/p>\\n\n\n<p>3. Direitos de autor<br \\\/>Os textos, imagens e todas as outras informa\\u00e7\\u00f5es presentes neste website, n\\u00e3o podem ser copiados, distribu\\u00eddos, modificados ou colocados noutros locais, sem a devida autoriza\\u00e7\\u00e3o pr\\u00e9via por escrito da PPSEC, LDA.<\\\/p>\\n\n\n<p>4. Liga\\u00e7\\u00f5es para p\\u00e1ginas de terceiros<br \\\/>O site da PPSEC, LDA poder\\u00e1 disponibilizar liga\\u00e7\\u00f5es para p\\u00e1ginas de terceiros. Considerando que n\\u00e3o existe rela\\u00e7\\u00e3o entre esses sites, n\\u00e3o nos pertencem nem s\\u00e3o operados pela nossa equipa, a mesma n\\u00e3o se responsabiliza pelos seus conte\\u00fados.<\\\/p>\\n\n\n<p>5. Exclus\\u00e3o de Responsabilidade<br \\\/>Os conte\\u00fados existentes neste website s\\u00e3o fornecidos pela equipa da PPSEC, LDA, no estado em que se encontram e conforme permitido pela lei aplic\\u00e1vel, s\\u00e3o fornecidas sem qualquer tipo de garantia, expressa ou impl\\u00edcita. Embora as informa\\u00e7\\u00f5es sejam tidas como corretas, podem incluir erros ou imprecis\\u00f5es, como tal poder\\u00e3o ser alteradas sem aviso pr\\u00e9vio. A equipa da PPSEC, LDA n\\u00e3o se responsabilizar\\u00e1 por quaisquer danos resultantes da utiliza\\u00e7\\u00e3o, ou da impossibilidade de utiliza\\u00e7\\u00e3o deste website.<\\\/p>\\n\n\n<p>6. Lei aplic\\u00e1vel<br \\\/>Os presentes Termos de Utiliza\\u00e7\\u00e3o s\\u00e3o regidos e elaborados de acordo com a legisla\\u00e7\\u00e3o Portuguesa. Qualquer conflito ou diverg\\u00eancia de interpreta\\u00e7\\u00e3o dos mesmos ser\\u00e1 submetido ao Tribunal portugu\\u00eas competente.<\\\/p>\"}}]}]}]}],\"version\":\"2.3.29\"} --><\/p>\n","protected":false},"excerpt":{"rendered":"<p>Termos de utiliza\u00e7\u00e3o 1. \u00c2mbito geralA PPSEC, LDA pode adicionar, alterar ou eliminar sempre que necess\u00e1rio, qualquer um dos Termos de Utiliza\u00e7\u00e3o deste website atrav\u00e9s da atualiza\u00e7\u00e3o do conte\u00fado desta p\u00e1gina. 2. Aceita\u00e7\u00e3o dos Termos de Utiliza\u00e7\u00e3oAo aceder a este website, o utilizador declara ter lido, compreendido e aceite os Termos de Utiliza\u00e7\u00e3o aqui enumerados, [&hellip;]<\/p>\n","protected":false},"author":1,"featured_media":0,"parent":0,"menu_order":0,"comment_status":"closed","ping_status":"closed","template":"","meta":{"_acf_changed":false,"footnotes":""},"class_list":["post-1445","page","type-page","status-publish","hentry"],"acf":[],"yoast_head":"<!-- This site is optimized with the Yoast SEO plugin v27.4 - https:\/\/yoast.com\/product\/yoast-seo-wordpress\/ -->\r\n<title>Termos de utiliza\u00e7\u00e3o - www.ppsec.pt<\/title>\r\n<meta name=\"robots\" content=\"index, follow, max-snippet:-1, max-image-preview:large, max-video-preview:-1\" \/>\r\n<link rel=\"canonical\" href=\"https:\/\/www.ppsec.pt\/index.php\/termos-de-utilizacao\/\" \/>\r\n<meta property=\"og:locale\" content=\"pt_PT\" \/>\r\n<meta property=\"og:type\" content=\"article\" \/>\r\n<meta property=\"og:title\" content=\"Termos de utiliza\u00e7\u00e3o - www.ppsec.pt\" \/>\r\n<meta property=\"og:description\" content=\"Termos de utiliza\u00e7\u00e3o 1. \u00c2mbito geralA PPSEC, LDA pode adicionar, alterar ou eliminar sempre que necess\u00e1rio, qualquer um dos Termos de Utiliza\u00e7\u00e3o deste website atrav\u00e9s da atualiza\u00e7\u00e3o do conte\u00fado desta p\u00e1gina. 2. Aceita\u00e7\u00e3o dos Termos de Utiliza\u00e7\u00e3oAo aceder a este website, o utilizador declara ter lido, compreendido e aceite os Termos de Utiliza\u00e7\u00e3o aqui enumerados, [&hellip;]\" \/>\r\n<meta property=\"og:url\" content=\"https:\/\/www.ppsec.pt\/index.php\/termos-de-utilizacao\/\" \/>\r\n<meta property=\"og:site_name\" content=\"www.ppsec.pt\" \/>\r\n<meta property=\"article:publisher\" content=\"https:\/\/www.facebook.com\/ppsec.lda\" \/>\r\n<meta property=\"article:modified_time\" content=\"2021-07-19T16:31:03+00:00\" \/>\r\n<meta name=\"twitter:card\" content=\"summary_large_image\" \/>\r\n<meta name=\"twitter:label1\" content=\"Tempo estimado de leitura\" \/>\n\t<meta name=\"twitter:data1\" content=\"1 minuto\" \/>\r\n<script type=\"application\/ld+json\" class=\"yoast-schema-graph\">{\"@context\":\"https:\\\/\\\/schema.org\",\"@graph\":[{\"@type\":\"WebPage\",\"@id\":\"https:\\\/\\\/www.ppsec.pt\\\/index.php\\\/termos-de-utilizacao\\\/\",\"url\":\"https:\\\/\\\/www.ppsec.pt\\\/index.php\\\/termos-de-utilizacao\\\/\",\"name\":\"Termos de utiliza\u00e7\u00e3o - www.ppsec.pt\",\"isPartOf\":{\"@id\":\"https:\\\/\\\/www.ppsec.pt\\\/#website\"},\"datePublished\":\"2021-07-19T15:42:10+00:00\",\"dateModified\":\"2021-07-19T16:31:03+00:00\",\"breadcrumb\":{\"@id\":\"https:\\\/\\\/www.ppsec.pt\\\/index.php\\\/termos-de-utilizacao\\\/#breadcrumb\"},\"inLanguage\":\"pt-PT\",\"potentialAction\":[{\"@type\":\"ReadAction\",\"target\":[\"https:\\\/\\\/www.ppsec.pt\\\/index.php\\\/termos-de-utilizacao\\\/\"]}]},{\"@type\":\"BreadcrumbList\",\"@id\":\"https:\\\/\\\/www.ppsec.pt\\\/index.php\\\/termos-de-utilizacao\\\/#breadcrumb\",\"itemListElement\":[{\"@type\":\"ListItem\",\"position\":1,\"name\":\"In\u00edcio\",\"item\":\"https:\\\/\\\/www.ppsec.pt\\\/\"},{\"@type\":\"ListItem\",\"position\":2,\"name\":\"Termos de utiliza\u00e7\u00e3o\"}]},{\"@type\":\"WebSite\",\"@id\":\"https:\\\/\\\/www.ppsec.pt\\\/#website\",\"url\":\"https:\\\/\\\/www.ppsec.pt\\\/\",\"name\":\"www.ppsec.pt\",\"description\":\"PPSEC Engenharia Civil\",\"publisher\":{\"@id\":\"https:\\\/\\\/www.ppsec.pt\\\/#organization\"},\"potentialAction\":[{\"@type\":\"SearchAction\",\"target\":{\"@type\":\"EntryPoint\",\"urlTemplate\":\"https:\\\/\\\/www.ppsec.pt\\\/?s={search_term_string}\"},\"query-input\":{\"@type\":\"PropertyValueSpecification\",\"valueRequired\":true,\"valueName\":\"search_term_string\"}}],\"inLanguage\":\"pt-PT\"},{\"@type\":\"Organization\",\"@id\":\"https:\\\/\\\/www.ppsec.pt\\\/#organization\",\"name\":\"PPSEC\",\"url\":\"https:\\\/\\\/www.ppsec.pt\\\/\",\"logo\":{\"@type\":\"ImageObject\",\"inLanguage\":\"pt-PT\",\"@id\":\"https:\\\/\\\/www.ppsec.pt\\\/#\\\/schema\\\/logo\\\/image\\\/\",\"url\":\"http:\\\/\\\/www.ppsec.pt\\\/wp-content\\\/uploads\\\/2021\\\/01\\\/LOGO_PPSEC_PT.jpg\",\"contentUrl\":\"http:\\\/\\\/www.ppsec.pt\\\/wp-content\\\/uploads\\\/2021\\\/01\\\/LOGO_PPSEC_PT.jpg\",\"width\":1465,\"height\":366,\"caption\":\"PPSEC\"},\"image\":{\"@id\":\"https:\\\/\\\/www.ppsec.pt\\\/#\\\/schema\\\/logo\\\/image\\\/\"},\"sameAs\":[\"https:\\\/\\\/www.facebook.com\\\/ppsec.lda\"]}]}<\/script>\r\n<!-- \/ Yoast SEO plugin. -->","yoast_head_json":{"title":"Termos de utiliza\u00e7\u00e3o - www.ppsec.pt","robots":{"index":"index","follow":"follow","max-snippet":"max-snippet:-1","max-image-preview":"max-image-preview:large","max-video-preview":"max-video-preview:-1"},"canonical":"https:\/\/www.ppsec.pt\/index.php\/termos-de-utilizacao\/","og_locale":"pt_PT","og_type":"article","og_title":"Termos de utiliza\u00e7\u00e3o - www.ppsec.pt","og_description":"Termos de utiliza\u00e7\u00e3o 1. \u00c2mbito geralA PPSEC, LDA pode adicionar, alterar ou eliminar sempre que necess\u00e1rio, qualquer um dos Termos de Utiliza\u00e7\u00e3o deste website atrav\u00e9s da atualiza\u00e7\u00e3o do conte\u00fado desta p\u00e1gina. 2. Aceita\u00e7\u00e3o dos Termos de Utiliza\u00e7\u00e3oAo aceder a este website, o utilizador declara ter lido, compreendido e aceite os Termos de Utiliza\u00e7\u00e3o aqui enumerados, [&hellip;]","og_url":"https:\/\/www.ppsec.pt\/index.php\/termos-de-utilizacao\/","og_site_name":"www.ppsec.pt","article_publisher":"https:\/\/www.facebook.com\/ppsec.lda","article_modified_time":"2021-07-19T16:31:03+00:00","twitter_card":"summary_large_image","twitter_misc":{"Tempo estimado de leitura":"1 minuto"},"schema":{"@context":"https:\/\/schema.org","@graph":[{"@type":"WebPage","@id":"https:\/\/www.ppsec.pt\/index.php\/termos-de-utilizacao\/","url":"https:\/\/www.ppsec.pt\/index.php\/termos-de-utilizacao\/","name":"Termos de utiliza\u00e7\u00e3o - www.ppsec.pt","isPartOf":{"@id":"https:\/\/www.ppsec.pt\/#website"},"datePublished":"2021-07-19T15:42:10+00:00","dateModified":"2021-07-19T16:31:03+00:00","breadcrumb":{"@id":"https:\/\/www.ppsec.pt\/index.php\/termos-de-utilizacao\/#breadcrumb"},"inLanguage":"pt-PT","potentialAction":[{"@type":"ReadAction","target":["https:\/\/www.ppsec.pt\/index.php\/termos-de-utilizacao\/"]}]},{"@type":"BreadcrumbList","@id":"https:\/\/www.ppsec.pt\/index.php\/termos-de-utilizacao\/#breadcrumb","itemListElement":[{"@type":"ListItem","position":1,"name":"In\u00edcio","item":"https:\/\/www.ppsec.pt\/"},{"@type":"ListItem","position":2,"name":"Termos de utiliza\u00e7\u00e3o"}]},{"@type":"WebSite","@id":"https:\/\/www.ppsec.pt\/#website","url":"https:\/\/www.ppsec.pt\/","name":"www.ppsec.pt","description":"PPSEC Engenharia Civil","publisher":{"@id":"https:\/\/www.ppsec.pt\/#organization"},"potentialAction":[{"@type":"SearchAction","target":{"@type":"EntryPoint","urlTemplate":"https:\/\/www.ppsec.pt\/?s={search_term_string}"},"query-input":{"@type":"PropertyValueSpecification","valueRequired":true,"valueName":"search_term_string"}}],"inLanguage":"pt-PT"},{"@type":"Organization","@id":"https:\/\/www.ppsec.pt\/#organization","name":"PPSEC","url":"https:\/\/www.ppsec.pt\/","logo":{"@type":"ImageObject","inLanguage":"pt-PT","@id":"https:\/\/www.ppsec.pt\/#\/schema\/logo\/image\/","url":"http:\/\/www.ppsec.pt\/wp-content\/uploads\/2021\/01\/LOGO_PPSEC_PT.jpg","contentUrl":"http:\/\/www.ppsec.pt\/wp-content\/uploads\/2021\/01\/LOGO_PPSEC_PT.jpg","width":1465,"height":366,"caption":"PPSEC"},"image":{"@id":"https:\/\/www.ppsec.pt\/#\/schema\/logo\/image\/"},"sameAs":["https:\/\/www.facebook.com\/ppsec.lda"]}]}},"_links":{"self":[{"href":"https:\/\/www.ppsec.pt\/index.php\/wp-json\/wp\/v2\/pages\/1445","targetHints":{"allow":["GET"]}}],"collection":[{"href":"https:\/\/www.ppsec.pt\/index.php\/wp-json\/wp\/v2\/pages"}],"about":[{"href":"https:\/\/www.ppsec.pt\/index.php\/wp-json\/wp\/v2\/types\/page"}],"author":[{"embeddable":true,"href":"https:\/\/www.ppsec.pt\/index.php\/wp-json\/wp\/v2\/users\/1"}],"replies":[{"embeddable":true,"href":"https:\/\/www.ppsec.pt\/index.php\/wp-json\/wp\/v2\/comments?post=1445"}],"version-history":[{"count":4,"href":"https:\/\/www.ppsec.pt\/index.php\/wp-json\/wp\/v2\/pages\/1445\/revisions"}],"predecessor-version":[{"id":1456,"href":"https:\/\/www.ppsec.pt\/index.php\/wp-json\/wp\/v2\/pages\/1445\/revisions\/1456"}],"wp:attachment":[{"href":"https:\/\/www.ppsec.pt\/index.php\/wp-json\/wp\/v2\/media?parent=1445"}],"curies":[{"name":"wp","href":"https:\/\/api.w.org\/{rel}","templated":true}]}}