{"id":1411,"date":"2021-07-16T15:17:10","date_gmt":"2021-07-16T15:17:10","guid":{"rendered":"https:\/\/www.ppsec.pt\/?page_id=1411"},"modified":"2021-11-02T16:20:37","modified_gmt":"2021-11-02T16:20:37","slug":"internacionalizacao","status":"publish","type":"page","link":"https:\/\/www.ppsec.pt\/index.php\/internacionalizacao\/","title":{"rendered":"Internacionaliza\u00e7\u00e3o"},"content":{"rendered":"<h1>Internacionaliza\u00e7\u00e3o<\/h1>\n<div>\n<p>A PPSEC Engenharia est\u00e1 presente no Brasil, Angola, Costa do Marfim e Rep\u00fablica dos Camar\u00f5es<\/p>\n<\/div>\n<div>\n<div>\n<p>A PPSEC Engenharia iniciou o seu processo de internacionaliza\u00e7\u00e3o em 2008, estando presente nos seguintes pa\u00edses:<\/p>\n<\/div>\n<\/div>\n<ul>\n<li>\n<p>        <img decoding=\"async\" src=\"\/wp-content\/uploads\/2021\/11\/logoangola.svg\" alt=\"Angola\"><\/p>\n<h3>Angola<\/h3>\n<p>Angola<\/p>\n<\/li>\n<li>\n<p>        <img decoding=\"async\" src=\"\/wp-content\/uploads\/2021\/11\/logoarvest.svg\" alt=\"Angola\"><\/p>\n<h3>Angola<\/h3>\n<p>Angola<\/p>\n<\/li>\n<li>\n<p>        <img decoding=\"async\" src=\"\/wp-content\/uploads\/2021\/11\/logoppsecbr.svg\" alt=\"Brasil\"><\/p>\n<h3>Brasil<\/h3>\n<p>Brasil<\/p>\n<\/li>\n<li>\n<p>        <img decoding=\"async\" src=\"\/wp-content\/uploads\/2021\/11\/logocostamarfim.svg\" alt=\"Costa do Marfim\"><\/p>\n<h3>Costa do Marfim<\/h3>\n<p>Costa do Marfim<\/p>\n<\/li>\n<li>\n<p>        <img decoding=\"async\" src=\"\/wp-content\/uploads\/2021\/11\/logosociplano.svg\" alt=\"Macau\"><\/p>\n<h3>Macau<\/h3>\n<p>Macau<\/p>\n<\/li>\n<li>\n<p>        <img decoding=\"async\" src=\"\/wp-content\/uploads\/2021\/11\/logocamaroes.svg\" alt=\"Rep\u00fablica dos Camar\u00f5es\"><\/p>\n<h3>Rep\u00fablica dos Camar\u00f5es<\/h3>\n<p>Rep\u00fablica dos Camar\u00f5es<\/p>\n<\/li>\n<\/ul>\n<p><!--more--><br \/>\n<!-- {\"name\":\"Modelo p\\u00e1gina\",\"type\":\"layout\",\"children\":[{\"name\":\"Hero\",\"type\":\"section\",\"props\":{\"width\":\"small\",\"padding\":\"xlarge\",\"style\":\"default\",\"animation\":\"fade\",\"text_color\":\"light\",\"media\":\"\",\"image_size\":\"cover\",\"padding_remove_bottom\":false,\"vertical_align\":\"middle\",\"title_position\":\"top-left\",\"title_rotation\":\"left\",\"title_breakpoint\":\"xl\",\"image_position\":\"center-center\",\"video\":\"wp-content\\\/uploads\\\/yootheme\\\/internacionaliza.mp4\",\"overlap\":false,\"media_background\":\"#0066A4\",\"media_blend_mode\":\"multiply\",\"media_overlay\":\"rgba(30, 76, 132, 0.7)\",\"animation_delay\":\"200\",\"video_fallback\":\"\",\"status\":\"\"},\"children\":[{\"name\":\"\",\"type\":\"row\",\"props\":{\"column_gap\":\"small\",\"row_gap\":\"small\"},\"children\":[{\"name\":\"\",\"type\":\"column\",\"props\":{\"image_position\":\"center-center\",\"text_color\":\"light\",\"media_overlay_gradient\":\"\",\"width_medium\":\"1-1\"},\"children\":[{\"name\":\"\",\"type\":\"headline\",\"props\":{\"title_element\":\"h1\",\"content\":\"Internacionaliza\\u00e7\\u00e3o\",\"maxwidth\":\"large\",\"text_align\":\"left\",\"text_align_breakpoint\":\"s\",\"text_align_fallback\":\"center\"}},{\"name\":\"\",\"type\":\"text\",\"props\":{\"margin\":\"default\",\"column_breakpoint\":\"m\",\"content\":\"\n\n<p>A PPSEC Engenharia est\\u00e1 presente no Brasil, Angola, Costa do Marfim e Rep\\u00fablica dos Camar\\u00f5es<\\\/p>\",\"maxwidth\":\"large\",\"text_size\":\"large\",\"text_align\":\"left\",\"text_align_breakpoint\":\"s\",\"text_align_fallback\":\"center\"}}]}]}]},{\"type\":\"section\",\"props\":{\"style\":\"default\",\"width\":\"default\",\"vertical_align\":\"middle\",\"title_position\":\"top-left\",\"title_rotation\":\"left\",\"title_breakpoint\":\"xl\",\"image_position\":\"center-center\"},\"children\":[{\"type\":\"row\",\"children\":[{\"type\":\"column\",\"props\":{\"image_position\":\"center-center\",\"media_overlay_gradient\":\"\"},\"children\":[{\"type\":\"panel\",\"props\":{\"link_text\":\"Read more\",\"title_hover_style\":\"reset\",\"title_element\":\"h3\",\"title_align\":\"top\",\"title_grid_width\":\"1-2\",\"title_grid_breakpoint\":\"m\",\"meta_style\":\"meta\",\"meta_align\":\"below-title\",\"meta_element\":\"div\",\"content_column_breakpoint\":\"m\",\"icon_width\":80,\"image_align\":\"top\",\"image_grid_width\":\"1-2\",\"image_grid_breakpoint\":\"m\",\"image_svg_color\":\"emphasis\",\"link_style\":\"default\",\"margin\":\"default\",\"title\":\"\",\"content\":\"\n\n<p>A PPSEC Engenharia iniciou o seu processo de internacionaliza\\u00e7\\u00e3o em 2008, estando presente nos seguintes pa\\u00edses:<\\\/p>\"}},{\"type\":\"gallery\",\"props\":{\"show_title\":true,\"show_meta\":false,\"show_content\":false,\"show_link\":false,\"show_hover_image\":false,\"grid_default\":\"1\",\"grid_medium\":\"6\",\"filter_style\":\"tab\",\"filter_all\":true,\"filter_position\":\"top\",\"filter_align\":\"center\",\"filter_grid_width\":\"auto\",\"filter_grid_breakpoint\":\"m\",\"overlay_mode\":\"caption\",\"overlay_hover\":true,\"overlay_style\":\"\",\"text_color\":\"light\",\"overlay_position\":\"center\",\"overlay_transition\":\"fade\",\"title_hover_style\":\"reset\",\"title_element\":\"h3\",\"meta_style\":\"meta\",\"meta_align\":\"below-title\",\"meta_element\":\"div\",\"link_text\":\"Read more\",\"link_style\":\"default\",\"text_align\":\"center\",\"margin\":\"default\",\"item_animation\":true,\"grid_divider\":true,\"grid_column_align\":true,\"grid_row_align\":true,\"grid_masonry\":false,\"grid_parallax\":\"0\",\"grid_column_gap\":\"medium\",\"text_color_hover\":true,\"overlay_padding\":\"small\",\"overlay_maxwidth\":\"small\",\"filter\":true,\"filter_animation\":\"false\",\"title_transition\":\"fade\"},\"children\":[{\"type\":\"gallery_item\",\"props\":{\"image\":\"wp-content\\\/uploads\\\/2021\\\/11\\\/logoangola.svg\",\"image_alt\":\"Angola\",\"title\":\"Angola\",\"meta\":\"Angola\",\"tags\":\"Angola\"}},{\"type\":\"gallery_item\",\"props\":{\"image\":\"wp-content\\\/uploads\\\/2021\\\/11\\\/logoarvest.svg\",\"image_alt\":\"Angola\",\"title\":\"Angola\",\"meta\":\"Angola\",\"tags\":\"Angola\"}},{\"type\":\"gallery_item\",\"props\":{\"image\":\"wp-content\\\/uploads\\\/2021\\\/11\\\/logoppsecbr.svg\",\"image_alt\":\"Brasil\",\"title\":\"Brasil\",\"meta\":\"Brasil\",\"tags\":\"Brasil\",\"content\":\"\"}},{\"type\":\"gallery_item\",\"props\":{\"image\":\"wp-content\\\/uploads\\\/2021\\\/11\\\/logocostamarfim.svg\",\"image_alt\":\"Costa do Marfim\",\"title\":\"Costa do Marfim\",\"meta\":\"Costa do Marfim\",\"tags\":\"Costa do Marfim\"}},{\"type\":\"gallery_item\",\"props\":{\"image\":\"wp-content\\\/uploads\\\/2021\\\/11\\\/logosociplano.svg\",\"image_alt\":\"Macau\",\"title\":\"Macau\",\"meta\":\"Macau\",\"tags\":\"Macau\"}},{\"type\":\"gallery_item\",\"props\":{\"image\":\"wp-content\\\/uploads\\\/2021\\\/11\\\/logocamaroes.svg\",\"image_alt\":\"Rep\\u00fablica dos Camar\\u00f5es\",\"title\":\"Rep\\u00fablica dos Camar\\u00f5es\",\"meta\":\"Rep\\u00fablica dos Camar\\u00f5es\",\"tags\":\"Rep\\u00fablica dos Camar\\u00f5es\"}}]}]}]}],\"name\":\"Internacionaliza\\u00e7\\u00e3o\"}],\"version\":\"2.6.9\"} --><\/p>\n","protected":false},"excerpt":{"rendered":"<p>Internacionaliza\u00e7\u00e3o A PPSEC Engenharia est\u00e1 presente no Brasil, Angola, Costa do Marfim e Rep\u00fablica dos Camar\u00f5es A PPSEC Engenharia iniciou o seu processo de internacionaliza\u00e7\u00e3o em 2008, estando presente nos seguintes pa\u00edses: Angola Angola Angola Angola Brasil Brasil Costa do Marfim Costa do Marfim Macau Macau Rep\u00fablica dos Camar\u00f5es Rep\u00fablica dos Camar\u00f5es<\/p>\n","protected":false},"author":1,"featured_media":0,"parent":0,"menu_order":0,"comment_status":"closed","ping_status":"closed","template":"","meta":{"_acf_changed":false,"footnotes":""},"class_list":["post-1411","page","type-page","status-publish","hentry"],"acf":[],"yoast_head":"<!-- This site is optimized with the Yoast SEO plugin v27.5 - https:\/\/yoast.com\/product\/yoast-seo-wordpress\/ -->\r\n<title>Internacionaliza\u00e7\u00e3o - www.ppsec.pt<\/title>\r\n<meta name=\"robots\" content=\"index, follow, max-snippet:-1, max-image-preview:large, max-video-preview:-1\" \/>\r\n<link rel=\"canonical\" href=\"https:\/\/www.ppsec.pt\/index.php\/internacionalizacao\/\" \/>\r\n<meta property=\"og:locale\" content=\"pt_PT\" \/>\r\n<meta property=\"og:type\" content=\"article\" \/>\r\n<meta property=\"og:title\" content=\"Internacionaliza\u00e7\u00e3o - www.ppsec.pt\" \/>\r\n<meta property=\"og:description\" content=\"Internacionaliza\u00e7\u00e3o A PPSEC Engenharia est\u00e1 presente no Brasil, Angola, Costa do Marfim e Rep\u00fablica dos Camar\u00f5es A PPSEC Engenharia iniciou o seu processo de internacionaliza\u00e7\u00e3o em 2008, estando presente nos seguintes pa\u00edses: Angola Angola Angola Angola Brasil Brasil Costa do Marfim Costa do Marfim Macau Macau Rep\u00fablica dos Camar\u00f5es Rep\u00fablica dos Camar\u00f5es\" \/>\r\n<meta property=\"og:url\" content=\"https:\/\/www.ppsec.pt\/index.php\/internacionalizacao\/\" \/>\r\n<meta property=\"og:site_name\" content=\"www.ppsec.pt\" \/>\r\n<meta property=\"article:publisher\" content=\"https:\/\/www.facebook.com\/ppsec.lda\" \/>\r\n<meta property=\"article:modified_time\" content=\"2021-11-02T16:20:37+00:00\" \/>\r\n<meta name=\"twitter:card\" content=\"summary_large_image\" \/>\r\n<script type=\"application\/ld+json\" class=\"yoast-schema-graph\">{\"@context\":\"https:\\\/\\\/schema.org\",\"@graph\":[{\"@type\":\"WebPage\",\"@id\":\"https:\\\/\\\/www.ppsec.pt\\\/index.php\\\/internacionalizacao\\\/\",\"url\":\"https:\\\/\\\/www.ppsec.pt\\\/index.php\\\/internacionalizacao\\\/\",\"name\":\"Internacionaliza\u00e7\u00e3o - www.ppsec.pt\",\"isPartOf\":{\"@id\":\"https:\\\/\\\/www.ppsec.pt\\\/#website\"},\"datePublished\":\"2021-07-16T15:17:10+00:00\",\"dateModified\":\"2021-11-02T16:20:37+00:00\",\"breadcrumb\":{\"@id\":\"https:\\\/\\\/www.ppsec.pt\\\/index.php\\\/internacionalizacao\\\/#breadcrumb\"},\"inLanguage\":\"pt-PT\",\"potentialAction\":[{\"@type\":\"ReadAction\",\"target\":[\"https:\\\/\\\/www.ppsec.pt\\\/index.php\\\/internacionalizacao\\\/\"]}]},{\"@type\":\"BreadcrumbList\",\"@id\":\"https:\\\/\\\/www.ppsec.pt\\\/index.php\\\/internacionalizacao\\\/#breadcrumb\",\"itemListElement\":[{\"@type\":\"ListItem\",\"position\":1,\"name\":\"In\u00edcio\",\"item\":\"https:\\\/\\\/www.ppsec.pt\\\/\"},{\"@type\":\"ListItem\",\"position\":2,\"name\":\"Internacionaliza\u00e7\u00e3o\"}]},{\"@type\":\"WebSite\",\"@id\":\"https:\\\/\\\/www.ppsec.pt\\\/#website\",\"url\":\"https:\\\/\\\/www.ppsec.pt\\\/\",\"name\":\"www.ppsec.pt\",\"description\":\"PPSEC Engenharia Civil\",\"publisher\":{\"@id\":\"https:\\\/\\\/www.ppsec.pt\\\/#organization\"},\"potentialAction\":[{\"@type\":\"SearchAction\",\"target\":{\"@type\":\"EntryPoint\",\"urlTemplate\":\"https:\\\/\\\/www.ppsec.pt\\\/?s={search_term_string}\"},\"query-input\":{\"@type\":\"PropertyValueSpecification\",\"valueRequired\":true,\"valueName\":\"search_term_string\"}}],\"inLanguage\":\"pt-PT\"},{\"@type\":\"Organization\",\"@id\":\"https:\\\/\\\/www.ppsec.pt\\\/#organization\",\"name\":\"PPSEC\",\"url\":\"https:\\\/\\\/www.ppsec.pt\\\/\",\"logo\":{\"@type\":\"ImageObject\",\"inLanguage\":\"pt-PT\",\"@id\":\"https:\\\/\\\/www.ppsec.pt\\\/#\\\/schema\\\/logo\\\/image\\\/\",\"url\":\"http:\\\/\\\/www.ppsec.pt\\\/wp-content\\\/uploads\\\/2021\\\/01\\\/LOGO_PPSEC_PT.jpg\",\"contentUrl\":\"http:\\\/\\\/www.ppsec.pt\\\/wp-content\\\/uploads\\\/2021\\\/01\\\/LOGO_PPSEC_PT.jpg\",\"width\":1465,\"height\":366,\"caption\":\"PPSEC\"},\"image\":{\"@id\":\"https:\\\/\\\/www.ppsec.pt\\\/#\\\/schema\\\/logo\\\/image\\\/\"},\"sameAs\":[\"https:\\\/\\\/www.facebook.com\\\/ppsec.lda\"]}]}<\/script>\r\n<!-- \/ Yoast SEO plugin. -->","yoast_head_json":{"title":"Internacionaliza\u00e7\u00e3o - www.ppsec.pt","robots":{"index":"index","follow":"follow","max-snippet":"max-snippet:-1","max-image-preview":"max-image-preview:large","max-video-preview":"max-video-preview:-1"},"canonical":"https:\/\/www.ppsec.pt\/index.php\/internacionalizacao\/","og_locale":"pt_PT","og_type":"article","og_title":"Internacionaliza\u00e7\u00e3o - www.ppsec.pt","og_description":"Internacionaliza\u00e7\u00e3o A PPSEC Engenharia est\u00e1 presente no Brasil, Angola, Costa do Marfim e Rep\u00fablica dos Camar\u00f5es A PPSEC Engenharia iniciou o seu processo de internacionaliza\u00e7\u00e3o em 2008, estando presente nos seguintes pa\u00edses: Angola Angola Angola Angola Brasil Brasil Costa do Marfim Costa do Marfim Macau Macau Rep\u00fablica dos Camar\u00f5es Rep\u00fablica dos Camar\u00f5es","og_url":"https:\/\/www.ppsec.pt\/index.php\/internacionalizacao\/","og_site_name":"www.ppsec.pt","article_publisher":"https:\/\/www.facebook.com\/ppsec.lda","article_modified_time":"2021-11-02T16:20:37+00:00","twitter_card":"summary_large_image","schema":{"@context":"https:\/\/schema.org","@graph":[{"@type":"WebPage","@id":"https:\/\/www.ppsec.pt\/index.php\/internacionalizacao\/","url":"https:\/\/www.ppsec.pt\/index.php\/internacionalizacao\/","name":"Internacionaliza\u00e7\u00e3o - www.ppsec.pt","isPartOf":{"@id":"https:\/\/www.ppsec.pt\/#website"},"datePublished":"2021-07-16T15:17:10+00:00","dateModified":"2021-11-02T16:20:37+00:00","breadcrumb":{"@id":"https:\/\/www.ppsec.pt\/index.php\/internacionalizacao\/#breadcrumb"},"inLanguage":"pt-PT","potentialAction":[{"@type":"ReadAction","target":["https:\/\/www.ppsec.pt\/index.php\/internacionalizacao\/"]}]},{"@type":"BreadcrumbList","@id":"https:\/\/www.ppsec.pt\/index.php\/internacionalizacao\/#breadcrumb","itemListElement":[{"@type":"ListItem","position":1,"name":"In\u00edcio","item":"https:\/\/www.ppsec.pt\/"},{"@type":"ListItem","position":2,"name":"Internacionaliza\u00e7\u00e3o"}]},{"@type":"WebSite","@id":"https:\/\/www.ppsec.pt\/#website","url":"https:\/\/www.ppsec.pt\/","name":"www.ppsec.pt","description":"PPSEC Engenharia Civil","publisher":{"@id":"https:\/\/www.ppsec.pt\/#organization"},"potentialAction":[{"@type":"SearchAction","target":{"@type":"EntryPoint","urlTemplate":"https:\/\/www.ppsec.pt\/?s={search_term_string}"},"query-input":{"@type":"PropertyValueSpecification","valueRequired":true,"valueName":"search_term_string"}}],"inLanguage":"pt-PT"},{"@type":"Organization","@id":"https:\/\/www.ppsec.pt\/#organization","name":"PPSEC","url":"https:\/\/www.ppsec.pt\/","logo":{"@type":"ImageObject","inLanguage":"pt-PT","@id":"https:\/\/www.ppsec.pt\/#\/schema\/logo\/image\/","url":"http:\/\/www.ppsec.pt\/wp-content\/uploads\/2021\/01\/LOGO_PPSEC_PT.jpg","contentUrl":"http:\/\/www.ppsec.pt\/wp-content\/uploads\/2021\/01\/LOGO_PPSEC_PT.jpg","width":1465,"height":366,"caption":"PPSEC"},"image":{"@id":"https:\/\/www.ppsec.pt\/#\/schema\/logo\/image\/"},"sameAs":["https:\/\/www.facebook.com\/ppsec.lda"]}]}},"_links":{"self":[{"href":"https:\/\/www.ppsec.pt\/index.php\/wp-json\/wp\/v2\/pages\/1411","targetHints":{"allow":["GET"]}}],"collection":[{"href":"https:\/\/www.ppsec.pt\/index.php\/wp-json\/wp\/v2\/pages"}],"about":[{"href":"https:\/\/www.ppsec.pt\/index.php\/wp-json\/wp\/v2\/types\/page"}],"author":[{"embeddable":true,"href":"https:\/\/www.ppsec.pt\/index.php\/wp-json\/wp\/v2\/users\/1"}],"replies":[{"embeddable":true,"href":"https:\/\/www.ppsec.pt\/index.php\/wp-json\/wp\/v2\/comments?post=1411"}],"version-history":[{"count":58,"href":"https:\/\/www.ppsec.pt\/index.php\/wp-json\/wp\/v2\/pages\/1411\/revisions"}],"predecessor-version":[{"id":1753,"href":"https:\/\/www.ppsec.pt\/index.php\/wp-json\/wp\/v2\/pages\/1411\/revisions\/1753"}],"wp:attachment":[{"href":"https:\/\/www.ppsec.pt\/index.php\/wp-json\/wp\/v2\/media?parent=1411"}],"curies":[{"name":"wp","href":"https:\/\/api.w.org\/{rel}","templated":true}]}}