{"id":1,"date":"2019-09-02T07:23:47","date_gmt":"2019-09-02T07:23:47","guid":{"rendered":"https:\/\/www.ppsec.pt\/?p=1"},"modified":"2024-09-27T09:16:25","modified_gmt":"2024-09-27T09:16:25","slug":"getting-started","status":"publish","type":"page","link":"https:\/\/www.ppsec.pt\/","title":{"rendered":"Home"},"content":{"rendered":"<h1>PPSEC ENGENHARIA<br \/>1990-2024<\/h1>\n<div>\n<p>Servi\u00e7os de Engenharia Civil Lda<\/p>\n<\/div>\n<p>\n    <a href=\"\/index.php?page_id=2\">Os nossos servi\u00e7os<\/a>\n<\/p>\n<hr>\n<h2>Menu<\/h2>\n<ul>\n<li>\n<p><a href=\"\/index.php?page_id=1\">Home<\/a><\/p>\n<\/li>\n<li>\n<p><a href=\"\/index.php?page_id=4\"><\/p>\n<p>Empresa<\/p>\n<p><\/a><\/p>\n<\/li>\n<li>\n<p><a href=\"\/index.php?page_id=2\"><\/p>\n<p>Actividades<\/p>\n<p><\/a><\/p>\n<\/li>\n<li>\n<p><a href=\"\/index.php?page_id=6\"><\/p>\n<p>Projectos<\/p>\n<p><\/a><\/p>\n<\/li>\n<\/ul>\n<h2><a href=\"https:\/\/www.ppsec.pt\/?page_id=2\">Actividades<\/a><\/h2>\n<ul>\n<li>\n<p><a href=\"\/index.php?page_id=2\"><\/p>\n<p>Projectos de Edif\u00edcios<\/p>\n<p><\/a><\/p>\n<\/li>\n<li>\n<p><a href=\"\/index.php?page_id=2\"><\/p>\n<p>Projectos de Vias de comunica\u00e7\u00e3o<\/p>\n<p><\/a><\/p>\n<\/li>\n<li>\n<p><a href=\"\/index.php?page_id=2\"><\/p>\n<p>Projectos de Infraestruturas urbanas<\/p>\n<p><\/a><\/p>\n<\/li>\n<li>\n<p><a href=\"\/index.php?page_id=2\"><\/p>\n<p>Projectos na \u00e1rea do Ambiente<\/p>\n<p><\/a><\/p>\n<\/li>\n<\/ul>\n<h2><a href=\"https:\/\/www.ppsec.pt\/?page_id=6\">Projetos<\/a><\/h2>\n<ul>\n<li>\n<p><a href=\"https:\/\/www.ppsec.pt\/?page_id=6\"><\/p>\n<p>Projeto 1<\/p>\n<p><\/a><\/p>\n<\/li>\n<li>\n<p><a href=\"https:\/\/www.ppsec.pt\/?page_id=6\"><\/p>\n<p>Projeto 2<\/p>\n<p><\/a><\/p>\n<\/li>\n<li>\n<p><a href=\"https:\/\/www.ppsec.pt\/?page_id=6\"><\/p>\n<p>Projeto 3<\/p>\n<p><\/a><\/p>\n<\/li>\n<li>\n<p><a href=\"https:\/\/www.ppsec.pt\/?page_id=6\"><\/p>\n<p>Projeto 4<\/p>\n<p><\/a><\/p>\n<\/li>\n<\/ul>\n<h2><a href=\"https:\/\/www.ppsec.pt\">PPSEC LDA<\/a><\/h2>\n<div>\n<p>A engenharia \u00e9 o meio de podermos responder com efic\u00e1cia e prontid\u00e3o \u00e0s solicita\u00e7\u00f5es impostas pelos nossos clientes.<\/p>\n<\/div>\n<h2><a href=\"https:\/\/www.ppsec.pt\">Empresa<\/a><\/h2>\n<div>\n<p><a href=\"https:\/\/www.ppsec.pt\/?page_id=4\"><\/p>\n<p>A nossa hist\u00f3ria<\/p>\n<p><\/a><\/p>\n<\/div>\n<h2><a href=\"https:\/\/www.ppsec.pt\/?page_id=1402\">Oportunidades<\/a><\/h2>\n<div>\n<p><a href=\"https:\/\/www.ppsec.pt\/?page_id=1402\"><\/p>\n<p>Ofertas de trabalho<\/p>\n<p><\/a><\/p>\n<\/div>\n<h2><a href=\"\/index.php?page_id=37\">Not\u00edcias<\/a><\/h2>\n<div>\n<\/div>\n<h2><a href=\"https:\/\/www.ppsec.pt\">Segue-nos<\/a><\/h2>\n<ul>\n<li><a href=\"https:\/\/pt.linkedin.com\/company\/ppsec-engenharia\">linkedin<\/a>\n<\/li>\n<li><a href=\"https:\/\/www.facebook.com\/ppsec.lda\">facebook<\/a>\n<\/li>\n<li><a href=\"https:\/\/www.instagram.com\/ppseclda\/\">instagram<\/a>\n<\/li>\n<\/ul>\n<p><a href=\"\/index.php?p=1325\"><img decoding=\"async\" src=\"\/wp-content\/uploads\/2021\/01\/logo_apoio_norte_2020.svg\" alt=\"\"><\/a><\/p>\n<p><!--more--><br \/>\n<!-- {\"name\":\"Home\",\"type\":\"layout\",\"children\":[{\"name\":\"Hero\",\"type\":\"section\",\"props\":{\"animation\":\"fade\",\"header_overlay\":\"light\",\"height_viewport\":true,\"image\":\"wp-content\\\/uploads\\\/2021\\\/01\\\/ppsec_img_capa_site.svg\",\"image_position\":\"top-center\",\"image_size\":\"cover\",\"image_width\":\"1560\",\"media\":\"images\\\/home-header.jpg\",\"media_advanced\":true,\"padding\":\"small\",\"style\":\"secondary\",\"title_breakpoint\":\"xl\",\"title_position\":\"top-left\",\"title_rotation\":\"left\",\"vertical_align\":\"\",\"width\":\"expand\"},\"children\":[{\"type\":\"row\",\"props\":{\"column_gap\":\"collapse\",\"divider\":false,\"layout\":\"large,expand\",\"match\":false,\"row_gap\":\"collapse\",\"vertical_align\":false},\"children\":[{\"type\":\"column\",\"props\":{\"image_position\":\"center-center\",\"padding\":\"xlarge\",\"position_sticky_breakpoint\":\"m\",\"preserve_color\":false,\"style\":\"tile-secondary\",\"width_medium\":\"2xlarge\"},\"children\":[{\"type\":\"headline\",\"props\":{\"block_align\":\"center\",\"content\":\"PPSEC ENGENHARIA<br \\\/>1990-2024\",\"margin_remove_bottom\":true,\"maxwidth\":\"large\",\"title_element\":\"h1\",\"title_style\":\"h2\"}},{\"type\":\"text\",\"props\":{\"block_align\":\"center\",\"column_breakpoint\":\"m\",\"content\":\"\n\n<p>Servi\\u00e7os de Engenharia Civil Lda<\\\/p>\",\"margin\":\"small\",\"maxwidth\":\"large\"}},{\"type\":\"button\",\"props\":{\"block_align\":\"center\",\"grid_column_gap\":\"small\",\"grid_row_gap\":\"small\",\"margin\":\"medium\",\"maxwidth\":\"large\"},\"children\":[{\"type\":\"button_item\",\"props\":{\"button_style\":\"primary\",\"content\":\"Os nossos servi\\u00e7os\",\"icon_align\":\"left\",\"link\":\"index.php?page_id=2\",\"link_title\":\"Servi\\u00e7os\"}}]}]},{\"type\":\"column\",\"props\":{\"image_position\":\"center-center\",\"position_sticky_breakpoint\":\"m\",\"width_medium\":\"expand\"}}]}]},{\"name\":\"Projects\",\"type\":\"section\",\"props\":{\"animation_delay\":false,\"header_overlay\":\"light\",\"height_viewport\":false,\"image_height\":\"569\",\"image_position\":\"center-center\",\"image_size\":\"cover\",\"image_width\":\"1567\",\"padding\":\"large\",\"padding_remove_top\":false,\"style\":\"default\",\"title_breakpoint\":\"xl\",\"title_position\":\"top-left\",\"title_rotation\":\"left\",\"vertical_align\":\"\",\"width\":\"small\"},\"children\":[{\"type\":\"row\",\"children\":[{\"type\":\"column\",\"props\":{\"image_position\":\"center-center\",\"position_sticky_breakpoint\":\"m\"},\"children\":[{\"type\":\"divider\",\"props\":{\"divider_element\":\"hr\"}}]}]}]},{\"name\":\"Footer\",\"type\":\"section\",\"props\":{\"animation_delay\":false,\"image_position\":\"center-center\",\"image_size\":\"cover\",\"padding\":\"large\",\"padding_remove_bottom\":false,\"style\":\"secondary\",\"title_breakpoint\":\"xl\",\"title_position\":\"top-left\",\"title_rotation\":\"left\",\"vertical_align\":\"\",\"width\":\"default\"},\"children\":[{\"type\":\"row\",\"props\":{\"column_gap\":\"large\",\"layout\":\"1-4,1-4,1-4,1-4|1-2,1-2,1-2,1-2\",\"margin\":\"large\",\"match\":false,\"row_gap\":\"large\"},\"children\":[{\"type\":\"column\",\"props\":{\"image_position\":\"center-center\",\"position_sticky_breakpoint\":\"m\",\"width_medium\":\"1-4\",\"width_small\":\"1-2\"},\"children\":[{\"type\":\"headline\",\"props\":{\"content\":\"Menu\",\"text_align\":\"left\",\"text_align_breakpoint\":\"s\",\"text_align_fallback\":\"center\",\"title_element\":\"h2\",\"title_style\":\"h6\"}},{\"type\":\"list\",\"props\":{\"column_breakpoint\":\"m\",\"image_align\":\"left\",\"image_svg_color\":\"emphasis\",\"image_vertical_align\":true,\"link_style\":\"muted\",\"list_element\":\"ul\",\"list_horizontal_separator\":\", \",\"list_type\":\"vertical\",\"show_image\":true,\"show_link\":true,\"text_align\":\"left\",\"text_align_breakpoint\":\"s\",\"text_align_fallback\":\"center\"},\"children\":[{\"type\":\"list_item\",\"props\":{\"content\":\"Home\",\"link\":\"index.php?page_id=1\"}},{\"type\":\"list_item\",\"props\":{\"content\":\"\n\n<p>Empresa<\\\/p>\",\"link\":\"index.php?page_id=4\"}},{\"type\":\"list_item\",\"props\":{\"content\":\"\n\n<p>Actividades<\\\/p>\",\"link\":\"index.php?page_id=2\"}},{\"type\":\"list_item\",\"props\":{\"content\":\"\n\n<p>Projectos<\\\/p>\",\"link\":\"index.php?page_id=6\"}}]}]},{\"type\":\"column\",\"props\":{\"image_position\":\"center-center\",\"position_sticky_breakpoint\":\"m\",\"width_medium\":\"1-4\",\"width_small\":\"1-2\"},\"children\":[{\"type\":\"headline\",\"props\":{\"content\":\"Actividades\",\"link\":\"https:\\\/\\\/www.ppsec.pt\\\/?page_id=2\",\"text_align\":\"left\",\"text_align_breakpoint\":\"s\",\"text_align_fallback\":\"center\",\"title_element\":\"h2\",\"title_style\":\"h6\"}},{\"type\":\"list\",\"props\":{\"column_breakpoint\":\"m\",\"image_align\":\"left\",\"image_svg_color\":\"emphasis\",\"image_vertical_align\":true,\"link_style\":\"muted\",\"list_element\":\"ul\",\"list_horizontal_separator\":\", \",\"list_type\":\"vertical\",\"show_image\":false,\"show_link\":true,\"text_align\":\"left\",\"text_align_breakpoint\":\"s\",\"text_align_fallback\":\"center\"},\"children\":[{\"type\":\"list_item\",\"props\":{\"content\":\"\n\n<p>Projectos de Edif\\u00edcios<\\\/p>\",\"link\":\"index.php?page_id=2\"}},{\"type\":\"list_item\",\"props\":{\"content\":\"\n\n<p>Projectos de Vias de comunica\\u00e7\\u00e3o<\\\/p>\",\"link\":\"index.php?page_id=2\"}},{\"type\":\"list_item\",\"props\":{\"content\":\"\n\n<p>Projectos de Infraestruturas urbanas<\\\/p>\",\"link\":\"index.php?page_id=2\"}},{\"type\":\"list_item\",\"props\":{\"content\":\"\n\n<p>Projectos na \\u00e1rea do Ambiente<\\\/p>\",\"link\":\"index.php?page_id=2\"}}]}]},{\"type\":\"column\",\"props\":{\"image_position\":\"center-center\",\"position_sticky_breakpoint\":\"m\",\"width_medium\":\"1-4\",\"width_small\":\"1-2\"},\"children\":[{\"type\":\"headline\",\"props\":{\"content\":\"Projetos\",\"link\":\"https:\\\/\\\/www.ppsec.pt\\\/?page_id=6\",\"text_align\":\"left\",\"text_align_breakpoint\":\"s\",\"text_align_fallback\":\"center\",\"title_element\":\"h2\",\"title_style\":\"h6\"}},{\"type\":\"list\",\"props\":{\"column_breakpoint\":\"m\",\"image_align\":\"left\",\"image_svg_color\":\"emphasis\",\"image_vertical_align\":true,\"link_style\":\"muted\",\"list_element\":\"ul\",\"list_horizontal_separator\":\", \",\"list_type\":\"vertical\",\"show_image\":false,\"show_link\":true,\"text_align\":\"left\",\"text_align_breakpoint\":\"s\",\"text_align_fallback\":\"center\"},\"children\":[{\"type\":\"list_item\",\"props\":{\"content\":\"\n\n<p>Projeto 1<\\\/p>\",\"link\":\"https:\\\/\\\/www.ppsec.pt\\\/?page_id=6\"}},{\"type\":\"list_item\",\"props\":{\"content\":\"\n\n<p>Projeto 2<\\\/p>\",\"link\":\"https:\\\/\\\/www.ppsec.pt\\\/?page_id=6\"}},{\"type\":\"list_item\",\"props\":{\"content\":\"\n\n<p>Projeto 3<\\\/p>\",\"link\":\"https:\\\/\\\/www.ppsec.pt\\\/?page_id=6\"}},{\"type\":\"list_item\",\"props\":{\"content\":\"\n\n<p>Projeto 4<\\\/p>\",\"link\":\"https:\\\/\\\/www.ppsec.pt\\\/?page_id=6\"}}]}]},{\"type\":\"column\",\"props\":{\"image_position\":\"center-center\",\"position_sticky_breakpoint\":\"m\",\"width_medium\":\"1-4\",\"width_small\":\"1-2\"},\"children\":[{\"type\":\"headline\",\"props\":{\"content\":\"PPSEC LDA\",\"link\":\"https:\\\/\\\/www.ppsec.pt\",\"text_align\":\"left\",\"text_align_breakpoint\":\"s\",\"text_align_fallback\":\"center\",\"title_element\":\"h2\",\"title_style\":\"h6\"}},{\"type\":\"text\",\"props\":{\"column_breakpoint\":\"m\",\"content\":\"\n\n<p>A engenharia \\u00e9 o meio de podermos responder com efic\\u00e1cia e prontid\\u00e3o \\u00e0s solicita\\u00e7\\u00f5es impostas pelos nossos clientes.<\\\/p>\",\"margin\":\"default\",\"text_align\":\"left\",\"text_align_breakpoint\":\"s\",\"text_align_fallback\":\"center\",\"text_color\":\"muted\"}}]}]},{\"type\":\"row\",\"props\":{\"column_gap\":\"large\",\"layout\":\"1-4,1-4,1-4,1-4|1-2,1-2,1-2,1-2\",\"row_gap\":\"large\"},\"children\":[{\"type\":\"column\",\"props\":{\"image_position\":\"center-center\",\"position_sticky_breakpoint\":\"m\",\"width_medium\":\"1-4\",\"width_small\":\"1-2\"},\"children\":[{\"type\":\"headline\",\"props\":{\"content\":\"Empresa\",\"link\":\"https:\\\/\\\/www.ppsec.pt\",\"text_align\":\"left\",\"text_align_breakpoint\":\"s\",\"text_align_fallback\":\"center\",\"title_element\":\"h2\",\"title_style\":\"h6\"}},{\"type\":\"list\",\"props\":{\"column_breakpoint\":\"m\",\"image_align\":\"left\",\"image_svg_color\":\"emphasis\",\"image_vertical_align\":true,\"link_style\":\"muted\",\"list_element\":\"ul\",\"list_horizontal_separator\":\", \",\"list_type\":\"vertical\",\"show_image\":false,\"show_link\":true,\"text_align\":\"left\",\"text_align_breakpoint\":\"s\",\"text_align_fallback\":\"center\"},\"children\":[{\"type\":\"list_item\",\"props\":{\"content\":\"\n\n<p>A nossa hist\\u00f3ria<\\\/p>\",\"link\":\"https:\\\/\\\/www.ppsec.pt\\\/?page_id=4\"}}]}]},{\"type\":\"column\",\"props\":{\"image_position\":\"center-center\",\"position_sticky_breakpoint\":\"m\",\"width_medium\":\"1-4\",\"width_small\":\"1-2\"},\"children\":[{\"type\":\"headline\",\"props\":{\"content\":\"Oportunidades\",\"link\":\"https:\\\/\\\/www.ppsec.pt\\\/?page_id=1402\",\"text_align\":\"left\",\"text_align_breakpoint\":\"s\",\"text_align_fallback\":\"center\",\"title_element\":\"h2\",\"title_style\":\"h6\"}},{\"type\":\"list\",\"props\":{\"column_breakpoint\":\"m\",\"image_align\":\"left\",\"image_svg_color\":\"emphasis\",\"image_vertical_align\":true,\"link_style\":\"muted\",\"list_element\":\"ul\",\"list_horizontal_separator\":\", \",\"list_type\":\"vertical\",\"show_image\":false,\"show_link\":true,\"text_align\":\"left\",\"text_align_breakpoint\":\"s\",\"text_align_fallback\":\"center\"},\"children\":[{\"type\":\"list_item\",\"props\":{\"content\":\"\n\n<p>Ofertas de trabalho<\\\/p>\",\"image\":\"\",\"link\":\"https:\\\/\\\/www.ppsec.pt\\\/?page_id=1402\"}}]}]},{\"type\":\"column\",\"props\":{\"image_position\":\"center-center\",\"position_sticky_breakpoint\":\"m\",\"width_medium\":\"1-4\",\"width_small\":\"1-2\"},\"children\":[{\"type\":\"headline\",\"props\":{\"content\":\"Not\\u00edcias\",\"link\":\"index.php?page_id=37\",\"text_align\":\"left\",\"text_align_breakpoint\":\"s\",\"text_align_fallback\":\"center\",\"title_element\":\"h2\",\"title_style\":\"h6\"},\"source\":{\"query\":{\"name\":\"posts.customPosts\",\"arguments\":{\"terms\":[6],\"offset\":0,\"limit\":1,\"order\":\"date\",\"order_direction\":\"DESC\"}}}},{\"type\":\"list\",\"props\":{\"column_breakpoint\":\"m\",\"image_align\":\"left\",\"image_svg_color\":\"emphasis\",\"image_vertical_align\":true,\"link_style\":\"muted\",\"list_element\":\"ul\",\"list_horizontal_separator\":\", \",\"list_type\":\"vertical\",\"show_image\":false,\"show_link\":true,\"text_align\":\"left\",\"text_align_breakpoint\":\"s\",\"text_align_fallback\":\"center\"},\"children\":[{\"type\":\"list_item\",\"source\":{\"query\":{\"name\":\"posts.customPosts\",\"arguments\":{\"offset\":0,\"limit\":3,\"order\":\"date\",\"order_direction\":\"DESC\",\"terms\":[]}},\"props\":{\"content\":{\"filters\":{\"search\":\"\"},\"name\":\"title\"},\"link\":{\"filters\":{\"search\":\"\"},\"name\":\"link\"}}}}]}]},{\"type\":\"column\",\"props\":{\"image_position\":\"center-center\",\"position_sticky_breakpoint\":\"m\",\"width_medium\":\"1-4\",\"width_small\":\"1-2\"},\"children\":[{\"type\":\"headline\",\"props\":{\"content\":\"Segue-nos\",\"link\":\"https:\\\/\\\/www.ppsec.pt\",\"text_align\":\"left\",\"text_align_breakpoint\":\"s\",\"text_align_fallback\":\"center\",\"title_element\":\"h2\",\"title_style\":\"h6\"}},{\"type\":\"social\",\"props\":{\"grid\":\"horizontal\",\"grid_column_gap\":\"medium\",\"grid_row_gap\":\"medium\",\"image_svg_inline\":true,\"link_style\":\"link\",\"link_target\":true,\"margin\":\"default\",\"text_align\":\"left\",\"text_align_breakpoint\":\"s\",\"text_align_fallback\":\"center\"},\"children\":[{\"type\":\"social_item\",\"props\":{\"link\":\"https:\\\/\\\/pt.linkedin.com\\\/company\\\/ppsec-engenharia\"}},{\"type\":\"social_item\",\"props\":{\"link\":\"https:\\\/\\\/www.facebook.com\\\/ppsec.lda\"}},{\"type\":\"social_item\",\"props\":{\"link\":\"https:\\\/\\\/www.instagram.com\\\/ppseclda\\\/\"}}]}]}]}]},{\"type\":\"section\",\"props\":{\"image_position\":\"center-center\",\"style\":\"default\",\"title_breakpoint\":\"xl\",\"title_position\":\"top-left\",\"title_rotation\":\"left\",\"vertical_align\":\"\",\"width\":\"default\"},\"children\":[{\"type\":\"row\",\"children\":[{\"type\":\"column\",\"props\":{\"image_position\":\"center-center\",\"position_sticky_breakpoint\":\"m\"},\"children\":[{\"type\":\"image\",\"props\":{\"image\":\"wp-content\\\/uploads\\\/2021\\\/01\\\/logo_apoio_norte_2020.svg\",\"image_svg_color\":\"emphasis\",\"link\":\"index.php?p=1325\",\"margin\":\"default\"}}]}]}],\"name\":\"Norte2020\"}],\"version\":\"4.4.9\"} --><\/p>\n","protected":false},"excerpt":{"rendered":"<p>PPSEC ENGENHARIA1990-2024 Servi\u00e7os de Engenharia Civil Lda Os nossos servi\u00e7os Menu Home Empresa Actividades Projectos Actividades Projectos de Edif\u00edcios Projectos de Vias de comunica\u00e7\u00e3o Projectos de Infraestruturas urbanas Projectos na \u00e1rea do Ambiente Projetos Projeto 1 Projeto 2 Projeto 3 Projeto 4 PPSEC LDA A engenharia \u00e9 o meio de podermos responder com efic\u00e1cia e [&hellip;]<\/p>\n","protected":false},"author":1,"featured_media":1879,"parent":0,"menu_order":8,"comment_status":"open","ping_status":"open","template":"","meta":{"_acf_changed":false,"footnotes":""},"class_list":["post-1","page","type-page","status-publish","has-post-thumbnail","hentry"],"acf":[],"yoast_head":"<!-- This site is optimized with the Yoast SEO plugin v27.3 - https:\/\/yoast.com\/product\/yoast-seo-wordpress\/ -->\r\n<title>Home - www.ppsec.pt<\/title>\r\n<meta name=\"robots\" content=\"index, follow, max-snippet:-1, max-image-preview:large, max-video-preview:-1\" \/>\r\n<link rel=\"canonical\" href=\"https:\/\/www.ppsec.pt\/\" \/>\r\n<meta property=\"og:locale\" content=\"pt_PT\" \/>\r\n<meta property=\"og:type\" content=\"article\" \/>\r\n<meta property=\"og:title\" content=\"Home - www.ppsec.pt\" \/>\r\n<meta property=\"og:description\" content=\"PPSEC ENGENHARIA1990-2024 Servi\u00e7os de Engenharia Civil Lda Os nossos servi\u00e7os Menu Home Empresa Actividades Projectos Actividades Projectos de Edif\u00edcios Projectos de Vias de comunica\u00e7\u00e3o Projectos de Infraestruturas urbanas Projectos na \u00e1rea do Ambiente Projetos Projeto 1 Projeto 2 Projeto 3 Projeto 4 PPSEC LDA A engenharia \u00e9 o meio de podermos responder com efic\u00e1cia e [&hellip;]\" \/>\r\n<meta property=\"og:url\" content=\"https:\/\/www.ppsec.pt\/\" \/>\r\n<meta property=\"og:site_name\" content=\"www.ppsec.pt\" \/>\r\n<meta property=\"article:publisher\" content=\"https:\/\/www.facebook.com\/ppsec.lda\" \/>\r\n<meta property=\"article:modified_time\" content=\"2024-09-27T09:16:25+00:00\" \/>\r\n<meta property=\"og:image\" content=\"https:\/\/www.ppsec.pt\/wp-content\/uploads\/2021\/02\/edificios_intro.jpg\" \/>\r\n\t<meta property=\"og:image:width\" content=\"900\" \/>\r\n\t<meta property=\"og:image:height\" content=\"472\" \/>\r\n\t<meta property=\"og:image:type\" content=\"image\/jpeg\" \/>\r\n<meta name=\"twitter:card\" content=\"summary_large_image\" \/>\r\n<meta name=\"twitter:image\" content=\"https:\/\/www.ppsec.pt\/wp-content\/uploads\/2021\/02\/edificios_intro.jpg\" \/>\r\n<meta name=\"twitter:label1\" content=\"Tempo estimado de leitura\" \/>\n\t<meta name=\"twitter:data1\" content=\"1 minuto\" \/>\r\n<script type=\"application\/ld+json\" class=\"yoast-schema-graph\">{\"@context\":\"https:\\\/\\\/schema.org\",\"@graph\":[{\"@type\":\"WebPage\",\"@id\":\"https:\\\/\\\/www.ppsec.pt\\\/\",\"url\":\"https:\\\/\\\/www.ppsec.pt\\\/\",\"name\":\"Home - www.ppsec.pt\",\"isPartOf\":{\"@id\":\"https:\\\/\\\/www.ppsec.pt\\\/#website\"},\"primaryImageOfPage\":{\"@id\":\"https:\\\/\\\/www.ppsec.pt\\\/#primaryimage\"},\"image\":{\"@id\":\"https:\\\/\\\/www.ppsec.pt\\\/#primaryimage\"},\"thumbnailUrl\":\"https:\\\/\\\/www.ppsec.pt\\\/wp-content\\\/uploads\\\/2022\\\/09\\\/040_DSC3586-scaled.jpg\",\"datePublished\":\"2019-09-02T07:23:47+00:00\",\"dateModified\":\"2024-09-27T09:16:25+00:00\",\"breadcrumb\":{\"@id\":\"https:\\\/\\\/www.ppsec.pt\\\/#breadcrumb\"},\"inLanguage\":\"pt-PT\",\"potentialAction\":[{\"@type\":\"ReadAction\",\"target\":[\"https:\\\/\\\/www.ppsec.pt\\\/\"]}]},{\"@type\":\"ImageObject\",\"inLanguage\":\"pt-PT\",\"@id\":\"https:\\\/\\\/www.ppsec.pt\\\/#primaryimage\",\"url\":\"https:\\\/\\\/www.ppsec.pt\\\/wp-content\\\/uploads\\\/2022\\\/09\\\/040_DSC3586-scaled.jpg\",\"contentUrl\":\"https:\\\/\\\/www.ppsec.pt\\\/wp-content\\\/uploads\\\/2022\\\/09\\\/040_DSC3586-scaled.jpg\",\"width\":2560,\"height\":1707},{\"@type\":\"BreadcrumbList\",\"@id\":\"https:\\\/\\\/www.ppsec.pt\\\/#breadcrumb\",\"itemListElement\":[{\"@type\":\"ListItem\",\"position\":1,\"name\":\"In\u00edcio\",\"item\":\"https:\\\/\\\/www.ppsec.pt\\\/\"},{\"@type\":\"ListItem\",\"position\":2,\"name\":\"Home\"}]},{\"@type\":\"WebSite\",\"@id\":\"https:\\\/\\\/www.ppsec.pt\\\/#website\",\"url\":\"https:\\\/\\\/www.ppsec.pt\\\/\",\"name\":\"www.ppsec.pt\",\"description\":\"PPSEC Engenharia Civil\",\"publisher\":{\"@id\":\"https:\\\/\\\/www.ppsec.pt\\\/#organization\"},\"potentialAction\":[{\"@type\":\"SearchAction\",\"target\":{\"@type\":\"EntryPoint\",\"urlTemplate\":\"https:\\\/\\\/www.ppsec.pt\\\/?s={search_term_string}\"},\"query-input\":{\"@type\":\"PropertyValueSpecification\",\"valueRequired\":true,\"valueName\":\"search_term_string\"}}],\"inLanguage\":\"pt-PT\"},{\"@type\":\"Organization\",\"@id\":\"https:\\\/\\\/www.ppsec.pt\\\/#organization\",\"name\":\"PPSEC\",\"url\":\"https:\\\/\\\/www.ppsec.pt\\\/\",\"logo\":{\"@type\":\"ImageObject\",\"inLanguage\":\"pt-PT\",\"@id\":\"https:\\\/\\\/www.ppsec.pt\\\/#\\\/schema\\\/logo\\\/image\\\/\",\"url\":\"http:\\\/\\\/www.ppsec.pt\\\/wp-content\\\/uploads\\\/2021\\\/01\\\/LOGO_PPSEC_PT.jpg\",\"contentUrl\":\"http:\\\/\\\/www.ppsec.pt\\\/wp-content\\\/uploads\\\/2021\\\/01\\\/LOGO_PPSEC_PT.jpg\",\"width\":1465,\"height\":366,\"caption\":\"PPSEC\"},\"image\":{\"@id\":\"https:\\\/\\\/www.ppsec.pt\\\/#\\\/schema\\\/logo\\\/image\\\/\"},\"sameAs\":[\"https:\\\/\\\/www.facebook.com\\\/ppsec.lda\"]}]}<\/script>\r\n<!-- \/ Yoast SEO plugin. -->","yoast_head_json":{"title":"Home - www.ppsec.pt","robots":{"index":"index","follow":"follow","max-snippet":"max-snippet:-1","max-image-preview":"max-image-preview:large","max-video-preview":"max-video-preview:-1"},"canonical":"https:\/\/www.ppsec.pt\/","og_locale":"pt_PT","og_type":"article","og_title":"Home - www.ppsec.pt","og_description":"PPSEC ENGENHARIA1990-2024 Servi\u00e7os de Engenharia Civil Lda Os nossos servi\u00e7os Menu Home Empresa Actividades Projectos Actividades Projectos de Edif\u00edcios Projectos de Vias de comunica\u00e7\u00e3o Projectos de Infraestruturas urbanas Projectos na \u00e1rea do Ambiente Projetos Projeto 1 Projeto 2 Projeto 3 Projeto 4 PPSEC LDA A engenharia \u00e9 o meio de podermos responder com efic\u00e1cia e [&hellip;]","og_url":"https:\/\/www.ppsec.pt\/","og_site_name":"www.ppsec.pt","article_publisher":"https:\/\/www.facebook.com\/ppsec.lda","article_modified_time":"2024-09-27T09:16:25+00:00","og_image":[{"width":900,"height":472,"url":"https:\/\/www.ppsec.pt\/wp-content\/uploads\/2021\/02\/edificios_intro.jpg","type":"image\/jpeg"}],"twitter_card":"summary_large_image","twitter_image":"https:\/\/www.ppsec.pt\/wp-content\/uploads\/2021\/02\/edificios_intro.jpg","twitter_misc":{"Tempo estimado de leitura":"1 minuto"},"schema":{"@context":"https:\/\/schema.org","@graph":[{"@type":"WebPage","@id":"https:\/\/www.ppsec.pt\/","url":"https:\/\/www.ppsec.pt\/","name":"Home - www.ppsec.pt","isPartOf":{"@id":"https:\/\/www.ppsec.pt\/#website"},"primaryImageOfPage":{"@id":"https:\/\/www.ppsec.pt\/#primaryimage"},"image":{"@id":"https:\/\/www.ppsec.pt\/#primaryimage"},"thumbnailUrl":"https:\/\/www.ppsec.pt\/wp-content\/uploads\/2022\/09\/040_DSC3586-scaled.jpg","datePublished":"2019-09-02T07:23:47+00:00","dateModified":"2024-09-27T09:16:25+00:00","breadcrumb":{"@id":"https:\/\/www.ppsec.pt\/#breadcrumb"},"inLanguage":"pt-PT","potentialAction":[{"@type":"ReadAction","target":["https:\/\/www.ppsec.pt\/"]}]},{"@type":"ImageObject","inLanguage":"pt-PT","@id":"https:\/\/www.ppsec.pt\/#primaryimage","url":"https:\/\/www.ppsec.pt\/wp-content\/uploads\/2022\/09\/040_DSC3586-scaled.jpg","contentUrl":"https:\/\/www.ppsec.pt\/wp-content\/uploads\/2022\/09\/040_DSC3586-scaled.jpg","width":2560,"height":1707},{"@type":"BreadcrumbList","@id":"https:\/\/www.ppsec.pt\/#breadcrumb","itemListElement":[{"@type":"ListItem","position":1,"name":"In\u00edcio","item":"https:\/\/www.ppsec.pt\/"},{"@type":"ListItem","position":2,"name":"Home"}]},{"@type":"WebSite","@id":"https:\/\/www.ppsec.pt\/#website","url":"https:\/\/www.ppsec.pt\/","name":"www.ppsec.pt","description":"PPSEC Engenharia Civil","publisher":{"@id":"https:\/\/www.ppsec.pt\/#organization"},"potentialAction":[{"@type":"SearchAction","target":{"@type":"EntryPoint","urlTemplate":"https:\/\/www.ppsec.pt\/?s={search_term_string}"},"query-input":{"@type":"PropertyValueSpecification","valueRequired":true,"valueName":"search_term_string"}}],"inLanguage":"pt-PT"},{"@type":"Organization","@id":"https:\/\/www.ppsec.pt\/#organization","name":"PPSEC","url":"https:\/\/www.ppsec.pt\/","logo":{"@type":"ImageObject","inLanguage":"pt-PT","@id":"https:\/\/www.ppsec.pt\/#\/schema\/logo\/image\/","url":"http:\/\/www.ppsec.pt\/wp-content\/uploads\/2021\/01\/LOGO_PPSEC_PT.jpg","contentUrl":"http:\/\/www.ppsec.pt\/wp-content\/uploads\/2021\/01\/LOGO_PPSEC_PT.jpg","width":1465,"height":366,"caption":"PPSEC"},"image":{"@id":"https:\/\/www.ppsec.pt\/#\/schema\/logo\/image\/"},"sameAs":["https:\/\/www.facebook.com\/ppsec.lda"]}]}},"_links":{"self":[{"href":"https:\/\/www.ppsec.pt\/index.php\/wp-json\/wp\/v2\/pages\/1","targetHints":{"allow":["GET"]}}],"collection":[{"href":"https:\/\/www.ppsec.pt\/index.php\/wp-json\/wp\/v2\/pages"}],"about":[{"href":"https:\/\/www.ppsec.pt\/index.php\/wp-json\/wp\/v2\/types\/page"}],"author":[{"embeddable":true,"href":"https:\/\/www.ppsec.pt\/index.php\/wp-json\/wp\/v2\/users\/1"}],"replies":[{"embeddable":true,"href":"https:\/\/www.ppsec.pt\/index.php\/wp-json\/wp\/v2\/comments?post=1"}],"version-history":[{"count":82,"href":"https:\/\/www.ppsec.pt\/index.php\/wp-json\/wp\/v2\/pages\/1\/revisions"}],"predecessor-version":[{"id":2153,"href":"https:\/\/www.ppsec.pt\/index.php\/wp-json\/wp\/v2\/pages\/1\/revisions\/2153"}],"wp:featuredmedia":[{"embeddable":true,"href":"https:\/\/www.ppsec.pt\/index.php\/wp-json\/wp\/v2\/media\/1879"}],"wp:attachment":[{"href":"https:\/\/www.ppsec.pt\/index.php\/wp-json\/wp\/v2\/media?parent=1"}],"curies":[{"name":"wp","href":"https:\/\/api.w.org\/{rel}","templated":true}]}}